{"id":942100,"date":"2020-10-16T11:36:27","date_gmt":"2020-10-16T09:36:27","guid":{"rendered":"https:\/\/laboklin.de\/de\/trypanosomen"},"modified":"2022-10-19T20:53:32","modified_gmt":"2022-10-19T18:53:32","slug":"trypanosomen","status":"publish","type":"page","link":"https:\/\/laboklin.de\/de\/leistungen\/infektionskrankheiten-erreger-und-antikoerpernachweise\/parasiten\/trypanosomen\/","title":{"rendered":"Trypanosomen"},"content":{"rendered":"<div class=\"wpb-content-wrapper\"><p>[vc_row][vc_column][vc_column_text]<h3>Leistungsspektrum<\/h3><div class=\"vc_tta-panels-container\"><div class=\"vc_tta-panels\"><li class=\"menu-item sub-page\"><a href=\"https:\/\/laboklin.de\/de\/leistungen\/infektionskrankheiten-erreger-und-antikoerpernachweise\/parasiten\/trypanosomen\/trypanosma-equiperdum-beschaelseuche-dourine-antikoerper\/\">Trypanosma equiperdum (Besch\u00e4lseuche, Dourine) - Antik\u00f6rper*<\/a><\/li><li class=\"menu-item sub-page\"><a href=\"https:\/\/laboklin.de\/de\/leistungen\/infektionskrankheiten-erreger-und-antikoerpernachweise\/parasiten\/trypanosomen\/trypanosoma-evansi-antigen-mikroskopisch\/\">Trypanosoma evansi - Antigen (mikroskopisch)<\/a><\/li><li class=\"menu-item sub-page\"><a href=\"https:\/\/laboklin.de\/de\/leistungen\/infektionskrankheiten-erreger-und-antikoerpernachweise\/parasiten\/trypanosomen\/trypanosoma-evansi-antikoerper\/\">Trypanosoma evansi - Antik\u00f6rper<\/a><\/li><\/div><\/div>[\/vc_column_text][\/vc_column][\/vc_row][vc_row][vc_column][vc_column_text css=&#8220;.vc_custom_1604931164042{margin-top: 40px !important;margin-bottom: 30px !important;}&#8220;]<\/p>\n<div id=\"c7935\" class=\"csc-default csc-space-before-15\">\n<p class=\"bodytext\">* Partnerlabor<\/p>\n<\/div>\n<div id=\"c2987\" class=\"csc-default\">\n<h3><div class=\"gap\" style=\"line-height: 20px; height: 20px;\"><\/div><\/h3>\n<h3>Allgemeine Informationen<\/h3>\n<\/div>\n<p>[\/vc_column_text][\/vc_column][\/vc_row][vc_row][vc_column][vc_accordion active_tab=&#8220;false&#8220; style=&#8220;2&#8243;][vc_accordion_tab title=&#8220;Trypanosoma equiperdum&#8220;][vc_column_text]Die auch als Besch\u00e4lseuche \/ Dourine bezeichnete Infektion mit Trypanosoma equiperdum ist eine chronisch oder akut verlaufende ansteckende Erkrankung der Einhufer, die beim Deckakt direkt von Tier zu Tier \u00fcbertragen wird. Nat\u00fcrliches Reservoir sind ausschlie\u00dflich infizierte Equiden, wobei der Erreger in den Genitalsekreten sowohl von Stuten als auch von Hengsten vorkommen kann. Inkubationszeit, Schwere und Dauer der Erkrankung variieren erheblich. Subklinische Infektionen sind m\u00f6glich; Esel und Maultiere sind resistenter gegen\u00fcber dem Erreger. Klinisch zeigen betroffene Tiere Entz\u00fcndungserscheinungen des \u00e4u\u00dferen Genitale mit Schleimhautdepigmentierungen (\u201eKr\u00f6tenflecke\u201c, \u201eTalerflecke\u201c) bis hin zu peripher-neuralen St\u00f6rungen\/L\u00e4hmungen.<\/p>\n<p>Trypanosomen sind v.a. in Asien und Afrika noch weit verbreitet; Mitteleuropa gilt z.Z. als frei von Trypanosoma equiperdum. Exportrelevante Untersuchung.[\/vc_column_text][\/vc_accordion_tab][vc_accordion_tab title=&#8220;Trypansoma evansi&#8220;][vc_column_text]<\/p>\n<p class=\"bodytext\">Trypansoma evansi kommt in Nordafrika, im Mittleren Osten, in Lateinamerika und in Asien vor.<\/p>\n<p class=\"bodytext\">Die \u00dcbertragung erfolgt haupts\u00e4chlich mechanisch \u00fcber blutsaugende Insekten. Infektionen sind bei zahlreichen S\u00e4ugetieren beschrieben, vor allem jedoch bei Kamelen, Rindern und Pferden. Allerdings k\u00f6nnen auch Hunde infiziert werden. Im Gegensatz zum Kamel findet sich beim Hund oft nur eine milde klinische Symptomatik.<\/p>\n<p>[\/vc_column_text][\/vc_accordion_tab][\/vc_accordion][\/vc_column][\/vc_row]<\/p>\n<\/div>","protected":false},"excerpt":{"rendered":"<p>[vc_row][vc_column][vc_column_text][\/vc_column_text][\/vc_column][\/vc_row][vc_row][vc_column][vc_column_text css=&#8220;.vc_custom_1604931164042{margin-top: 40px !important;margin-bottom: 30px !important;}&#8220;] * Partnerlabor Allgemeine Informationen [\/vc_column_text][\/vc_column][\/vc_row][vc_row][vc_column][vc_accordion active_tab=&#8220;false&#8220; style=&#8220;2&#8243;][vc_accordion_tab title=&#8220;Trypanosoma equiperdum&#8220;][vc_column_text]Die auch als Besch\u00e4lseuche \/ Dourine bezeichnete Infektion mit Trypanosoma equiperdum ist eine chronisch oder akut verlaufende ansteckende Erkrankung der Einhufer, die beim Deckakt direkt von Tier zu Tier \u00fcbertragen wird. Nat\u00fcrliches Reservoir sind ausschlie\u00dflich infizierte Equiden, wobei der Erreger in&hellip;<\/p>\n","protected":false},"author":1,"featured_media":0,"parent":940000,"menu_order":21,"comment_status":"closed","ping_status":"closed","template":"","meta":{"_seopress_robots_primary_cat":"","_seopress_titles_title":"","_seopress_titles_desc":"","_seopress_robots_index":"","footnotes":""},"class_list":["post-942100","page","type-page","status-publish","hentry","description-off"],"_links":{"self":[{"href":"https:\/\/laboklin.de\/de\/wp-json\/wp\/v2\/pages\/942100","targetHints":{"allow":["GET"]}}],"collection":[{"href":"https:\/\/laboklin.de\/de\/wp-json\/wp\/v2\/pages"}],"about":[{"href":"https:\/\/laboklin.de\/de\/wp-json\/wp\/v2\/types\/page"}],"author":[{"embeddable":true,"href":"https:\/\/laboklin.de\/de\/wp-json\/wp\/v2\/users\/1"}],"replies":[{"embeddable":true,"href":"https:\/\/laboklin.de\/de\/wp-json\/wp\/v2\/comments?post=942100"}],"version-history":[{"count":4,"href":"https:\/\/laboklin.de\/de\/wp-json\/wp\/v2\/pages\/942100\/revisions"}],"predecessor-version":[{"id":1305863,"href":"https:\/\/laboklin.de\/de\/wp-json\/wp\/v2\/pages\/942100\/revisions\/1305863"}],"up":[{"embeddable":true,"href":"https:\/\/laboklin.de\/de\/wp-json\/wp\/v2\/pages\/940000"}],"wp:attachment":[{"href":"https:\/\/laboklin.de\/de\/wp-json\/wp\/v2\/media?parent=942100"}],"curies":[{"name":"wp","href":"https:\/\/api.w.org\/{rel}","templated":true}]}}