{"id":941302,"date":"2020-10-16T11:36:27","date_gmt":"2020-10-16T09:36:27","guid":{"rendered":"https:\/\/laboklin.de\/de\/leishmanien-antikoerper-ifat"},"modified":"2026-01-08T14:08:32","modified_gmt":"2026-01-08T13:08:32","slug":"leishmanien-antikoerper-ifat","status":"publish","type":"page","link":"https:\/\/laboklin.de\/de\/leistungen\/infektionskrankheiten-erreger-und-antikoerpernachweise\/parasiten\/leishmanien\/leishmanien-antikoerper-ifat\/","title":{"rendered":"Leishmanien &#8211; Antik\u00f6rper (IFAT)"},"content":{"rendered":"<h3 class=\"csc-firstHeader\">Leishmanien - Antik\u00f6rper (IFAT)<\/h3><p><span>LABOKLIN Leistungs-ID: 198<\/span><\/p><table class=\"tx-laboklinleistung-table contenttable contenttable-2\" style=\"margin-top: 35px;\"><tr><td class=\"td-0\"><strong>Material<\/strong><\/td><td class=\"td-1\"><p class=\"bodytext\">Serum oder EDTA-Plasma oder Heparin-Plasma 0,5 ml<\/p><\/td><\/tr><tr><td class=\"td-0\"><strong>Methode<\/strong><\/td><td class=\"td-1\"><p class=\"bodytext\">indirekter Fluoreszenz-Antik\u00f6rpertest (IFAT)<\/p><\/td><\/tr><tr><td class=\"td-0\"><strong>Tierart(en)<\/strong><\/td><td class=\"td-1\"><p class=\"bodytext\">Hund, Katze, weitere auf Anfrage<\/p><\/td><\/tr><tr><td class=\"td-0\"><strong>Dauer<\/strong><\/td><td class=\"td-1\"><p class=\"bodytext\">Befund\u00fcbermittlung am Tag des Probeneingangs (Mo.\u2013Fr.)<\/p><\/td><\/tr><tr><td class=\"td-0\"><strong>Anmerkung<\/strong><\/td><td class=\"td-1\"><p class=\"bodytext\"><ul><li>Positive Antik\u00f6rpertiter sind fr\u00fchestens 2-3 Wochen p.i. zu erwarten. <\/li> <li>Der ELISA zeigt bei asymptomatischen Hunden eine deutlich h\u00f6here Sensitivit\u00e4t (ca. 90 %) gegen\u00fcber dem IFAT (ca. 50-70 %).<\/li><li>Wir bieten beim Hund auch eine quantitative PCR an, die einen hohen pr\u00e4diktiven Wert hat und sich in Kombination mit der Serologie, v.a. bei niedrigen oder fraglichen Titern empfiehlt. Die quantitative PCR eignet sich auch zum Monitoring des Infektionsverlaufs und der Therapie.<\/li><\/ul><\/p><\/td><\/tr><\/table>\n","protected":false},"excerpt":{"rendered":"<p>Leishmanien-Antik\u00f6rper-IFAT: Pr\u00e4ziser Immunfluoreszenz-Test (Titer \u22651:40) f\u00fcr Hunde &#038; Katzen zur Leishmaniose-Best\u00e4tigung nach ELISA. Schnelle Diagnose, ideal f\u00fcr Reise- &#038; Zuchtkontrollen.<\/p>\n","protected":false},"author":1,"featured_media":0,"parent":941300,"menu_order":3,"comment_status":"closed","ping_status":"closed","template":"","meta":{"_seopress_robots_primary_cat":"","_seopress_titles_title":"Leishmanien Antik\u00f6rper IFAT Test \u2013 Schnell & Sicher","_seopress_titles_desc":"Leishmanien-Antik\u00f6rper-IFAT: Pr\u00e4ziser Immunfluoreszenz-Test (Titer \u22651:40) f\u00fcr Hunde & Katzen zur Leishmaniose-Best\u00e4tigung nach ELISA.","_seopress_robots_index":"","footnotes":""},"class_list":["post-941302","page","type-page","status-publish","hentry","description-off"],"_links":{"self":[{"href":"https:\/\/laboklin.de\/de\/wp-json\/wp\/v2\/pages\/941302","targetHints":{"allow":["GET"]}}],"collection":[{"href":"https:\/\/laboklin.de\/de\/wp-json\/wp\/v2\/pages"}],"about":[{"href":"https:\/\/laboklin.de\/de\/wp-json\/wp\/v2\/types\/page"}],"author":[{"embeddable":true,"href":"https:\/\/laboklin.de\/de\/wp-json\/wp\/v2\/users\/1"}],"replies":[{"embeddable":true,"href":"https:\/\/laboklin.de\/de\/wp-json\/wp\/v2\/comments?post=941302"}],"version-history":[{"count":3,"href":"https:\/\/laboklin.de\/de\/wp-json\/wp\/v2\/pages\/941302\/revisions"}],"predecessor-version":[{"id":1580853,"href":"https:\/\/laboklin.de\/de\/wp-json\/wp\/v2\/pages\/941302\/revisions\/1580853"}],"up":[{"embeddable":true,"href":"https:\/\/laboklin.de\/de\/wp-json\/wp\/v2\/pages\/941300"}],"wp:attachment":[{"href":"https:\/\/laboklin.de\/de\/wp-json\/wp\/v2\/media?parent=941302"}],"curies":[{"name":"wp","href":"https:\/\/api.w.org\/{rel}","templated":true}]}}