{"id":941201,"date":"2020-10-16T11:36:27","date_gmt":"2020-10-16T09:36:27","guid":{"rendered":"https:\/\/laboklin.de\/de\/intranukleaere-kokzidiose-tinc-pcr"},"modified":"2025-02-03T10:49:23","modified_gmt":"2025-02-03T09:49:23","slug":"intranukleaere-kokzidiose-tinc-pcr","status":"publish","type":"page","link":"https:\/\/laboklin.de\/de\/leistungen\/infektionskrankheiten-erreger-und-antikoerpernachweise\/parasiten\/kokzidien\/intranukleaere-kokzidiose-tinc-pcr\/","title":{"rendered":"Intranukle\u00e4re Kokzidiose (TINC) &#8211; PCR"},"content":{"rendered":"<h3 class=\"csc-firstHeader\">Intranukle\u00e4re Kokzidien (TINC) - PCR<\/h3><p><span>LABOKLIN Leistungs-ID: 8581<\/span><\/p><table class=\"tx-laboklinleistung-table contenttable contenttable-2\" style=\"margin-top: 35px;\"><tr><td class=\"td-0\"><strong>Material<\/strong><\/td><td class=\"td-1\"><p class=\"bodytext\">Abstrich ohne Medium (Nase, evtl. Kloake), Nasensp\u00fclprobe, Gewebe (Nasenschleimhaut, Darm, Pankreas, Niere, Leber)<\/p><\/td><\/tr><tr><td class=\"td-0\"><strong>Methode<\/strong><\/td><td class=\"td-1\"><p class=\"bodytext\">realtime PCR<\/p><\/td><\/tr><tr><td class=\"td-0\"><strong>Tierart(en)<\/strong><\/td><td class=\"td-1\"><p class=\"bodytext\">Schildkr\u00f6te<\/p><\/td><\/tr><tr><td class=\"td-0\"><strong>Dauer<\/strong><\/td><td class=\"td-1\"><p class=\"bodytext\">1 - 3 Tage<\/p><\/td><\/tr><\/table>\n","protected":false},"excerpt":{"rendered":"<p>Intranukle\u00e4re Kokzidien (TINC) &#8211; PCRLABOKLIN Leistungs-ID: 8581MaterialAbstrich ohne Medium (Nase, evtl. Kloake), Nasensp\u00fclprobe, Gewebe (Nasenschleimhaut, Darm, Pankreas, Niere, Leber)Methoderealtime PCRTierart(en)Schildkr\u00f6teDauer1 &#8211; 3 Tage<\/p>\n","protected":false},"author":1,"featured_media":0,"parent":941200,"menu_order":0,"comment_status":"closed","ping_status":"closed","template":"","meta":{"_seopress_robots_primary_cat":"","_seopress_titles_title":"","_seopress_titles_desc":"","_seopress_robots_index":"","footnotes":""},"class_list":["post-941201","page","type-page","status-publish","hentry","description-off"],"_links":{"self":[{"href":"https:\/\/laboklin.de\/de\/wp-json\/wp\/v2\/pages\/941201","targetHints":{"allow":["GET"]}}],"collection":[{"href":"https:\/\/laboklin.de\/de\/wp-json\/wp\/v2\/pages"}],"about":[{"href":"https:\/\/laboklin.de\/de\/wp-json\/wp\/v2\/types\/page"}],"author":[{"embeddable":true,"href":"https:\/\/laboklin.de\/de\/wp-json\/wp\/v2\/users\/1"}],"replies":[{"embeddable":true,"href":"https:\/\/laboklin.de\/de\/wp-json\/wp\/v2\/comments?post=941201"}],"version-history":[{"count":1,"href":"https:\/\/laboklin.de\/de\/wp-json\/wp\/v2\/pages\/941201\/revisions"}],"predecessor-version":[{"id":1506146,"href":"https:\/\/laboklin.de\/de\/wp-json\/wp\/v2\/pages\/941201\/revisions\/1506146"}],"up":[{"embeddable":true,"href":"https:\/\/laboklin.de\/de\/wp-json\/wp\/v2\/pages\/941200"}],"wp:attachment":[{"href":"https:\/\/laboklin.de\/de\/wp-json\/wp\/v2\/media?parent=941201"}],"curies":[{"name":"wp","href":"https:\/\/api.w.org\/{rel}","templated":true}]}}