{"id":941200,"date":"2020-10-16T11:36:27","date_gmt":"2020-10-16T09:36:27","guid":{"rendered":"https:\/\/laboklin.de\/de\/kokzidien"},"modified":"2024-10-17T17:39:43","modified_gmt":"2024-10-17T15:39:43","slug":"kokzidien","status":"publish","type":"page","link":"https:\/\/laboklin.de\/de\/leistungen\/infektionskrankheiten-erreger-und-antikoerpernachweise\/parasiten\/kokzidien\/","title":{"rendered":"Kokzidien"},"content":{"rendered":"<div class=\"wpb-content-wrapper\"><p>[vc_row][vc_column][vc_column_text]<h3>Leistungsspektrum<\/h3><div class=\"vc_tta-panels-container\"><div class=\"vc_tta-panels\"><li class=\"menu-item sub-page\"><a href=\"https:\/\/laboklin.de\/de\/leistungen\/infektionskrankheiten-erreger-und-antikoerpernachweise\/parasiten\/kokzidien\/intranukleaere-kokzidiose-tinc-pcr\/\">Intranukle\u00e4re Kokzidien (TINC) - PCR<\/a><\/li><\/div><\/div>\n<div class=\"gap\" style=\"line-height: 20px; height: 20px;\"><\/div>\n<p>Der Kozidiennachweis mittels Flotation ist Bestandteil der Leistung \u201e<a href=\"\/de\/leistungen\/mikrobiologie-parasitologie\/parasitologie\/parasitologische-untersuchungen-kot\/parasitologische-untersuchung-endoparasiten\/\">Endoparasiten<\/a>\u201c.[\/vc_column_text][\/vc_column][\/vc_row][vc_row][vc_column][vc_column_text css=&#8220;.vc_custom_1729179581128{margin-top: 40px !important;}&#8220;]<\/p>\n<h3>Allgemeine Informationen<\/h3>\n<p>Kokzidien sind einzellige Darmparasiten, die bei einer Vielzahl von Haus- und Nutztieren vorkommen. Bei vielen Tierarten kommen verschiedene Kokzidien-Spezies mit unterschiedlicher Pathogenit\u00e4t vor. Das Spektrum reicht von apathogenen Arten bis zu hochpathogenen Spezies, die bei starkem Befall zu w\u00e4ssrigen und h\u00e4morrhagischen Diarrh\u00f6en f\u00fchren k\u00f6nnen. Hier sind besonders Jungtiere betroffen. Bei Hunden und Katzen k\u00f6nnen vor allem Welpen im Alter von 3 bis 4 Wochen erkranken. Kokzidien haben unterschiedliche Pr\u00e4dilektionsstellen im Darm, sodass auch die Sektion Hinweise auf eine Kokzidiose und die jeweilige Kokzidien-Spezies geben kann. Bei <strong>Huftieren, Wiederk\u00e4uern, Gefl\u00fcgel und Kaninchen <\/strong>kommen Eimeria-Arten vor. Bei <strong>Hund und<\/strong> <strong>Katze <\/strong>parasitiert Isospora und beim <strong>Schwein <\/strong>kommt sowohl Eimeria als auch Isospora vor, wobei Isospora suis h\u00e4ufig bei Ferkeln zu Diarrh\u00f6en f\u00fchrt.<\/p>\n<p>Bei der <b><strong>intranukle\u00e4ren Kokzidiose der Schildkr\u00f6ten <\/strong><\/b>(<b><strong>Tortoise Intranuclear Coccidiosis, <\/strong><\/b><b><strong>TINC<\/strong><\/b>) handelt es sich um eine schwerwiegende Erkrankung bei Schildkr\u00f6ten mit hohen Morbidit\u00e4ts- und Mortalit\u00e4tsraten. TINC konnte bereits bei verschiedenen Land- und Dosenschildkr\u00f6ten in Nordamerika und Europa nachgewiesen werden. Zu den klinischen Symptomen z\u00e4hlen unter anderem Lethargie, starker Gewichtsverlust, erosive Rhinitis, Atemnot und gelegentlich Hautl\u00e4sionen. Infektionen verlaufen in der Regel systemisch. Diese Kokzidien werden am h\u00e4ufigsten in Darm, Pankreas, Leber und Niere nachgewiesen. Daneben finden sie sich aber auch in der Eustachischen R\u00f6hre, in Makrophagen der Milz, im Mittelohr, Lunge und Magen. Bei lebenden Tieren mit Rhinitis k\u00f6nnen sie auch \u00fcber Nasensp\u00fclproben detektiert werden.[\/vc_column_text][\/vc_column][\/vc_row]<\/p>\n<\/div>","protected":false},"excerpt":{"rendered":"<p>[vc_row][vc_column][vc_column_text] Der Kozidiennachweis mittels Flotation ist Bestandteil der Leistung \u201eEndoparasiten\u201c.[\/vc_column_text][\/vc_column][\/vc_row][vc_row][vc_column][vc_column_text css=&#8220;.vc_custom_1729179581128{margin-top: 40px !important;}&#8220;] Allgemeine Informationen Kokzidien sind einzellige Darmparasiten, die bei einer Vielzahl von Haus- und Nutztieren vorkommen. Bei vielen Tierarten kommen verschiedene Kokzidien-Spezies mit unterschiedlicher Pathogenit\u00e4t vor. Das Spektrum reicht von apathogenen Arten bis zu hochpathogenen Spezies, die bei starkem Befall zu w\u00e4ssrigen und&hellip;<\/p>\n","protected":false},"author":1,"featured_media":0,"parent":940000,"menu_order":12,"comment_status":"closed","ping_status":"closed","template":"","meta":{"_seopress_robots_primary_cat":"","_seopress_titles_title":"","_seopress_titles_desc":"","_seopress_robots_index":"","footnotes":""},"class_list":["post-941200","page","type-page","status-publish","hentry","description-off"],"_links":{"self":[{"href":"https:\/\/laboklin.de\/de\/wp-json\/wp\/v2\/pages\/941200","targetHints":{"allow":["GET"]}}],"collection":[{"href":"https:\/\/laboklin.de\/de\/wp-json\/wp\/v2\/pages"}],"about":[{"href":"https:\/\/laboklin.de\/de\/wp-json\/wp\/v2\/types\/page"}],"author":[{"embeddable":true,"href":"https:\/\/laboklin.de\/de\/wp-json\/wp\/v2\/users\/1"}],"replies":[{"embeddable":true,"href":"https:\/\/laboklin.de\/de\/wp-json\/wp\/v2\/comments?post=941200"}],"version-history":[{"count":7,"href":"https:\/\/laboklin.de\/de\/wp-json\/wp\/v2\/pages\/941200\/revisions"}],"predecessor-version":[{"id":1489650,"href":"https:\/\/laboklin.de\/de\/wp-json\/wp\/v2\/pages\/941200\/revisions\/1489650"}],"up":[{"embeddable":true,"href":"https:\/\/laboklin.de\/de\/wp-json\/wp\/v2\/pages\/940000"}],"wp:attachment":[{"href":"https:\/\/laboklin.de\/de\/wp-json\/wp\/v2\/media?parent=941200"}],"curies":[{"name":"wp","href":"https:\/\/api.w.org\/{rel}","templated":true}]}}