{"id":941101,"date":"2020-10-16T11:36:27","date_gmt":"2020-10-16T09:36:27","guid":{"rendered":"https:\/\/laboklin.de\/de\/hepatozoon-canis-felis-pcr"},"modified":"2025-02-03T10:48:46","modified_gmt":"2025-02-03T09:48:46","slug":"hepatozoon-canis-felis-pcr","status":"publish","type":"page","link":"https:\/\/laboklin.de\/de\/leistungen\/infektionskrankheiten-erreger-und-antikoerpernachweise\/parasiten\/hepatozoon\/hepatozoon-canis-felis-pcr\/","title":{"rendered":"Hepatozoon canis \/ felis &#8211; PCR"},"content":{"rendered":"<h3 class=\"csc-firstHeader\">Hepatozoon canis\/felis - PCR<\/h3><p><span>LABOKLIN Leistungs-ID: 8089<\/span><\/p><table class=\"tx-laboklinleistung-table contenttable contenttable-2\" style=\"margin-top: 35px;\"><tr><td class=\"td-0\"><strong>Material<\/strong><\/td><td class=\"td-1\"><p class=\"bodytext\">EDTA-Blut 0,2 ml, Gewebe (Leber), Zecke <\/p><\/td><\/tr><tr><td class=\"td-0\"><strong>Methode<\/strong><\/td><td class=\"td-1\"><p class=\"bodytext\">realtime PCR<\/p><\/td><\/tr><tr><td class=\"td-0\"><strong>Dauer<\/strong><\/td><td class=\"td-1\"><p class=\"bodytext\">1 - 3 Tage<\/p><\/td><\/tr><tr><td class=\"td-0\"><strong>Anmerkung<\/strong><\/td><td class=\"td-1\"><p class=\"bodytext\">Das Auftreten der Erkrankung ist \u00fcberwiegend an das Vorkommen der Vektoren (bevorzugt subtropische und tropische L\u00e4nder) gebunden, kann aber auch in Tierheimen erfolgen, wo Rhipicephalus h\u00e4ufig auch im Winter \u00fcberlebt.<\/p><\/td><\/tr><\/table>\n","protected":false},"excerpt":{"rendered":"<p>Hepatozoon canis\/felis &#8211; PCRLABOKLIN Leistungs-ID: 8089MaterialEDTA-Blut 0,2 ml, Gewebe (Leber), Zecke Methoderealtime PCRDauer1 &#8211; 3 TageAnmerkungDas Auftreten der Erkrankung ist \u00fcberwiegend an das Vorkommen der Vektoren (bevorzugt subtropische und tropische L\u00e4nder) gebunden, kann aber auch in Tierheimen erfolgen, wo Rhipicephalus h\u00e4ufig auch im Winter \u00fcberlebt.<\/p>\n","protected":false},"author":1,"featured_media":0,"parent":941100,"menu_order":1,"comment_status":"closed","ping_status":"closed","template":"","meta":{"_seopress_robots_primary_cat":"","_seopress_titles_title":"","_seopress_titles_desc":"","_seopress_robots_index":"","footnotes":""},"class_list":["post-941101","page","type-page","status-publish","hentry","description-off"],"_links":{"self":[{"href":"https:\/\/laboklin.de\/de\/wp-json\/wp\/v2\/pages\/941101","targetHints":{"allow":["GET"]}}],"collection":[{"href":"https:\/\/laboklin.de\/de\/wp-json\/wp\/v2\/pages"}],"about":[{"href":"https:\/\/laboklin.de\/de\/wp-json\/wp\/v2\/types\/page"}],"author":[{"embeddable":true,"href":"https:\/\/laboklin.de\/de\/wp-json\/wp\/v2\/users\/1"}],"replies":[{"embeddable":true,"href":"https:\/\/laboklin.de\/de\/wp-json\/wp\/v2\/comments?post=941101"}],"version-history":[{"count":1,"href":"https:\/\/laboklin.de\/de\/wp-json\/wp\/v2\/pages\/941101\/revisions"}],"predecessor-version":[{"id":1506145,"href":"https:\/\/laboklin.de\/de\/wp-json\/wp\/v2\/pages\/941101\/revisions\/1506145"}],"up":[{"embeddable":true,"href":"https:\/\/laboklin.de\/de\/wp-json\/wp\/v2\/pages\/941100"}],"wp:attachment":[{"href":"https:\/\/laboklin.de\/de\/wp-json\/wp\/v2\/media?parent=941101"}],"curies":[{"name":"wp","href":"https:\/\/api.w.org\/{rel}","templated":true}]}}