{"id":941100,"date":"2020-10-16T11:36:27","date_gmt":"2020-10-16T09:36:27","guid":{"rendered":"https:\/\/laboklin.de\/de\/hepatozoon"},"modified":"2022-10-19T20:46:20","modified_gmt":"2022-10-19T18:46:20","slug":"hepatozoon","status":"publish","type":"page","link":"https:\/\/laboklin.de\/de\/leistungen\/infektionskrankheiten-erreger-und-antikoerpernachweise\/parasiten\/hepatozoon\/","title":{"rendered":"Hepatozoon"},"content":{"rendered":"<div class=\"wpb-content-wrapper\"><p>[vc_row][vc_column][vc_column_text]<h3>Leistungsspektrum<\/h3><div class=\"vc_tta-panels-container\"><div class=\"vc_tta-panels\"><li class=\"menu-item sub-page\"><a href=\"https:\/\/laboklin.de\/de\/leistungen\/infektionskrankheiten-erreger-und-antikoerpernachweise\/parasiten\/hepatozoon\/hepatozoon-mikroskopisch\/\">Hepatozoon - mikroskopisch<\/a><\/li><li class=\"menu-item sub-page\"><a href=\"https:\/\/laboklin.de\/de\/leistungen\/infektionskrankheiten-erreger-und-antikoerpernachweise\/parasiten\/hepatozoon\/hepatozoon-canis-felis-pcr\/\">Hepatozoon canis\/felis - PCR<\/a><\/li><\/div><\/div>[\/vc_column_text][\/vc_column][\/vc_row][vc_row][vc_column][vc_column_text css=&#8220;.vc_custom_1604926021495{margin-top: 40px !important;}&#8220;]<\/p>\n<h3>Allgemeine Informationen<\/h3>\n<p>Hepatozoon canis geh\u00f6rt zu den Protozoen und macht einen typischen Kokzidien-Entwicklungszyklus durch, mit dem Hund als Zwischenwirt. Die ungeschlechtliche Vermehrung, Schizogonie, findet in mehreren Generationen in den Endothelzellen der Milz, Leber und des Knochenmarks statt. Die hier gebildeten Merozoiten dringen in die Leukozyten ein und differenzieren sich zu den Gamonten.<\/p>\n<p>Der Endwirt, die Zecke, nimmt die Gamonten bei der Blutmahlzeit auf. In der Zecke erfolgt die Gamogonie und Sporogonie und es werden Oozysten mit je 16 infekti\u00f6sen Sporozoiten gebildet.<\/p>\n<p>Die Infektion mit H. canis erfolgt durch das Zerbei\u00dfen oder Verschlucken einer infizierten Zecke, in erster Linie der Braunen Hundezecke (R. sanguineus), die in warmen L\u00e4ndern (vor allem S\u00fcdeuropa, S\u00fcdamerika, Afrika und Asien) vorkommt. Inzwischen ist der Erreger auch in mehreren Regionen Deutschlands endemisch. Eine vertikale, intrauterine \u00dcbertragung ist ebenfalls m\u00f6glich.<\/p>\n<p>Akute Infektionen sind gekennzeichnet durch Fieber, Lymphadenitis, Anorexie, Apathie, Myositis und epileptiforme Anf\u00e4lle (Blutungen in Meningen). Es treten massive L\u00e4sionen bis hin zu Nekrosen in den befallenen Organen (Milz, Leber, Lunge, Gehirn) auf. Chronische Infektionen verursachen intermittierendes Fieber, Lymphadenopathie, An\u00e4mie, Durchfall und Erbrechen. Es kommt zu Hyper\u00e4sthesien und Muskelschmerzen mit Nacken- und Rumpfmuskelversteifung. Periostal kann es zu Knochenproliferationen kommen und auch im chronischen Erkrankungstadium k\u00f6nnen epileptiforme Anf\u00e4lle auftreten. Bei geringer Parasit\u00e4mie kann die Infektion auch klinisch inapparent oder nur mit milden klinischen Symptomen verlaufen.[\/vc_column_text][\/vc_column][\/vc_row]<\/p>\n<\/div>","protected":false},"excerpt":{"rendered":"<p>[vc_row][vc_column][vc_column_text][\/vc_column_text][\/vc_column][\/vc_row][vc_row][vc_column][vc_column_text css=&#8220;.vc_custom_1604926021495{margin-top: 40px !important;}&#8220;] Allgemeine Informationen Hepatozoon canis geh\u00f6rt zu den Protozoen und macht einen typischen Kokzidien-Entwicklungszyklus durch, mit dem Hund als Zwischenwirt. Die ungeschlechtliche Vermehrung, Schizogonie, findet in mehreren Generationen in den Endothelzellen der Milz, Leber und des Knochenmarks statt. Die hier gebildeten Merozoiten dringen in die Leukozyten ein und differenzieren sich zu den&hellip;<\/p>\n","protected":false},"author":1,"featured_media":0,"parent":940000,"menu_order":11,"comment_status":"closed","ping_status":"closed","template":"","meta":{"_seopress_robots_primary_cat":"","_seopress_titles_title":"","_seopress_titles_desc":"","_seopress_robots_index":"","footnotes":""},"class_list":["post-941100","page","type-page","status-publish","hentry","description-off"],"_links":{"self":[{"href":"https:\/\/laboklin.de\/de\/wp-json\/wp\/v2\/pages\/941100","targetHints":{"allow":["GET"]}}],"collection":[{"href":"https:\/\/laboklin.de\/de\/wp-json\/wp\/v2\/pages"}],"about":[{"href":"https:\/\/laboklin.de\/de\/wp-json\/wp\/v2\/types\/page"}],"author":[{"embeddable":true,"href":"https:\/\/laboklin.de\/de\/wp-json\/wp\/v2\/users\/1"}],"replies":[{"embeddable":true,"href":"https:\/\/laboklin.de\/de\/wp-json\/wp\/v2\/comments?post=941100"}],"version-history":[{"count":3,"href":"https:\/\/laboklin.de\/de\/wp-json\/wp\/v2\/pages\/941100\/revisions"}],"predecessor-version":[{"id":1302272,"href":"https:\/\/laboklin.de\/de\/wp-json\/wp\/v2\/pages\/941100\/revisions\/1302272"}],"up":[{"embeddable":true,"href":"https:\/\/laboklin.de\/de\/wp-json\/wp\/v2\/pages\/940000"}],"wp:attachment":[{"href":"https:\/\/laboklin.de\/de\/wp-json\/wp\/v2\/media?parent=941100"}],"curies":[{"name":"wp","href":"https:\/\/api.w.org\/{rel}","templated":true}]}}