{"id":940904,"date":"2020-10-16T11:36:27","date_gmt":"2020-10-16T09:36:27","guid":{"rendered":"https:\/\/laboklin.de\/de\/mikrofilarien-filtrationstest"},"modified":"2025-02-03T10:32:39","modified_gmt":"2025-02-03T09:32:39","slug":"mikrofilarien-filtrationstest","status":"publish","type":"page","link":"https:\/\/laboklin.de\/de\/leistungen\/infektionskrankheiten-erreger-und-antikoerpernachweise\/parasiten\/filarien\/mikrofilarien-filtrationstest\/","title":{"rendered":"Mikrofilarien &#8211; Filtrationstest"},"content":{"rendered":"<h3 class=\"csc-firstHeader\">Mikrofilarien - Filtrationstest<\/h3><p><span>LABOKLIN Leistungs-ID: 2515<\/span><\/p><table class=\"tx-laboklinleistung-table contenttable contenttable-2\" style=\"margin-top: 35px;\"><tr><td class=\"td-0\"><strong>Material<\/strong><\/td><td class=\"td-1\"><p class=\"bodytext\">EDTA-Blut 0,5 ml <\/p><\/td><\/tr><tr><td class=\"td-0\"><strong>Methode<\/strong><\/td><td class=\"td-1\"><p class=\"bodytext\">Filtration<\/p><\/td><\/tr><tr><td class=\"td-0\"><strong>Dauer<\/strong><\/td><td class=\"td-1\"><p class=\"bodytext\">1 - 2 Tage<\/p><\/td><\/tr><tr><td class=\"td-0\"><strong>Anmerkung<\/strong><\/td><td class=\"td-1\"><p class=\"bodytext\"><ul><li>Die Mikrofilarien von Dirofilaria immitis reichern sich abends im peripheren Blut an (Adaptation an das Stechverhalten der \u00dcbertr\u00e4germ\u00fccken). F\u00fcr die anderen Filarienarten ist dieses Verhalten zwar noch nicht dokumentiert, es ist jedoch sinnvoll, die Blutprobe m\u00f6glichst nicht vor 16 Uhr zu nehmen. <\/li> <li>F\u00fcr die Ausreise nach S\u00fcdafrika ist der Filtrationstest vorgeschrieben. <\/li><\/ul><\/p><\/td><\/tr><\/table>\n","protected":false},"excerpt":{"rendered":"<p>Mikrofilarien &#8211; FiltrationstestLABOKLIN Leistungs-ID: 2515MaterialEDTA-Blut 0,5 ml MethodeFiltrationDauer1 &#8211; 2 TageAnmerkungDie Mikrofilarien von Dirofilaria immitis reichern sich abends im peripheren Blut an (Adaptation an das Stechverhalten der \u00dcbertr\u00e4germ\u00fccken). F\u00fcr die anderen Filarienarten ist dieses Verhalten zwar noch nicht dokumentiert, es ist jedoch sinnvoll, die Blutprobe m\u00f6glichst nicht vor 16 Uhr zu nehmen. F\u00fcr die Ausreise&hellip;<\/p>\n","protected":false},"author":1,"featured_media":0,"parent":940900,"menu_order":1,"comment_status":"closed","ping_status":"closed","template":"","meta":{"_seopress_robots_primary_cat":"","_seopress_titles_title":"","_seopress_titles_desc":"","_seopress_robots_index":"","footnotes":""},"class_list":["post-940904","page","type-page","status-publish","hentry","description-off"],"_links":{"self":[{"href":"https:\/\/laboklin.de\/de\/wp-json\/wp\/v2\/pages\/940904","targetHints":{"allow":["GET"]}}],"collection":[{"href":"https:\/\/laboklin.de\/de\/wp-json\/wp\/v2\/pages"}],"about":[{"href":"https:\/\/laboklin.de\/de\/wp-json\/wp\/v2\/types\/page"}],"author":[{"embeddable":true,"href":"https:\/\/laboklin.de\/de\/wp-json\/wp\/v2\/users\/1"}],"replies":[{"embeddable":true,"href":"https:\/\/laboklin.de\/de\/wp-json\/wp\/v2\/comments?post=940904"}],"version-history":[{"count":1,"href":"https:\/\/laboklin.de\/de\/wp-json\/wp\/v2\/pages\/940904\/revisions"}],"predecessor-version":[{"id":1506122,"href":"https:\/\/laboklin.de\/de\/wp-json\/wp\/v2\/pages\/940904\/revisions\/1506122"}],"up":[{"embeddable":true,"href":"https:\/\/laboklin.de\/de\/wp-json\/wp\/v2\/pages\/940900"}],"wp:attachment":[{"href":"https:\/\/laboklin.de\/de\/wp-json\/wp\/v2\/media?parent=940904"}],"curies":[{"name":"wp","href":"https:\/\/api.w.org\/{rel}","templated":true}]}}