{"id":940903,"date":"2020-10-16T11:36:27","date_gmt":"2020-10-16T09:36:27","guid":{"rendered":"https:\/\/laboklin.de\/de\/mikrofilarien-pcr-qualitativ"},"modified":"2025-02-03T10:33:27","modified_gmt":"2025-02-03T09:33:27","slug":"mikrofilarien-pcr-qualitativ","status":"publish","type":"page","link":"https:\/\/laboklin.de\/de\/leistungen\/infektionskrankheiten-erreger-und-antikoerpernachweise\/parasiten\/filarien\/mikrofilarien-pcr-qualitativ\/","title":{"rendered":"Mikrofilarien &#8211; PCR (qualitativ)"},"content":{"rendered":"<h3 class=\"csc-firstHeader\">Mikrofilarien - PCR (qualitativ)<\/h3><p><span>LABOKLIN Leistungs-ID: 8101<\/span><\/p><table class=\"tx-laboklinleistung-table contenttable contenttable-2\" style=\"margin-top: 35px;\"><tr><td class=\"td-0\"><strong>Material<\/strong><\/td><td class=\"td-1\"><p class=\"bodytext\">EDTA-Blut <\/p><\/td><\/tr><tr><td class=\"td-0\"><strong>Methode<\/strong><\/td><td class=\"td-1\"><p class=\"bodytext\">realtime PCR (semiquantitativ); PCR (Frettchen)<\/p><\/td><\/tr><tr><td class=\"td-0\"><strong>Dauer<\/strong><\/td><td class=\"td-1\"><p class=\"bodytext\">1 - 3 Tage<\/p><\/td><\/tr><tr><td class=\"td-0\"><strong>Anmerkung<\/strong><\/td><td class=\"td-1\"><p class=\"bodytext\"><ul><li>Die Mikrofilarien von Dirofilaria immitis reichern sich abends im peripheren Blut an (Adaptation an das Stechverhalten der \u00dcbertr\u00e4germ\u00fccken). F\u00fcr die anderen Filarienarten ist dieses Verhalten zwar noch nicht dokumentiert, es ist jedoch sinnvoll, die Blutprobe m\u00f6glichst in den Abendstunden zu nehmen. <\/li> <li>F\u00fcr die Ausreise nach S\u00fcdafrika ist der Filtrationstest vorgeschrieben. <\/li><li>Bei einem positiven PCR-Ergebnis ist eine Differenzierung der Filarienart auf Anfrage m\u00f6glich und empfehlenswert, um eine auf die Filarienart abgestimmte Therapie einleiten zu k\u00f6nnen. <\/li> <li>Bei Hund ist auch eine quantitative PCR m\u00f6glich, die der Dosisanpassung und durch eine Therapiekontrolle auch dem Ausschluss von Resistenzen dient. <\/li><\/ul><\/p><\/td><\/tr><\/table>\n","protected":false},"excerpt":{"rendered":"<p>Mikrofilarien &#8211; PCR (qualitativ)LABOKLIN Leistungs-ID: 8101MaterialEDTA-Blut Methoderealtime PCR (semiquantitativ); PCR (Frettchen)Dauer1 &#8211; 3 TageAnmerkungDie Mikrofilarien von Dirofilaria immitis reichern sich abends im peripheren Blut an (Adaptation an das Stechverhalten der \u00dcbertr\u00e4germ\u00fccken). F\u00fcr die anderen Filarienarten ist dieses Verhalten zwar noch nicht dokumentiert, es ist jedoch sinnvoll, die Blutprobe m\u00f6glichst in den Abendstunden zu nehmen. F\u00fcr&hellip;<\/p>\n","protected":false},"author":1,"featured_media":0,"parent":940900,"menu_order":3,"comment_status":"closed","ping_status":"closed","template":"","meta":{"_seopress_robots_primary_cat":"","_seopress_titles_title":"","_seopress_titles_desc":"","_seopress_robots_index":"","footnotes":""},"class_list":["post-940903","page","type-page","status-publish","hentry","description-off"],"_links":{"self":[{"href":"https:\/\/laboklin.de\/de\/wp-json\/wp\/v2\/pages\/940903","targetHints":{"allow":["GET"]}}],"collection":[{"href":"https:\/\/laboklin.de\/de\/wp-json\/wp\/v2\/pages"}],"about":[{"href":"https:\/\/laboklin.de\/de\/wp-json\/wp\/v2\/types\/page"}],"author":[{"embeddable":true,"href":"https:\/\/laboklin.de\/de\/wp-json\/wp\/v2\/users\/1"}],"replies":[{"embeddable":true,"href":"https:\/\/laboklin.de\/de\/wp-json\/wp\/v2\/comments?post=940903"}],"version-history":[{"count":1,"href":"https:\/\/laboklin.de\/de\/wp-json\/wp\/v2\/pages\/940903\/revisions"}],"predecessor-version":[{"id":1506128,"href":"https:\/\/laboklin.de\/de\/wp-json\/wp\/v2\/pages\/940903\/revisions\/1506128"}],"up":[{"embeddable":true,"href":"https:\/\/laboklin.de\/de\/wp-json\/wp\/v2\/pages\/940900"}],"wp:attachment":[{"href":"https:\/\/laboklin.de\/de\/wp-json\/wp\/v2\/media?parent=940903"}],"curies":[{"name":"wp","href":"https:\/\/api.w.org\/{rel}","templated":true}]}}