{"id":940901,"date":"2020-10-16T11:36:27","date_gmt":"2020-10-16T09:36:27","guid":{"rendered":"https:\/\/laboklin.de\/de\/dirofilarien-antigen"},"modified":"2025-02-03T10:31:49","modified_gmt":"2025-02-03T09:31:49","slug":"dirofilarien-antigen","status":"publish","type":"page","link":"https:\/\/laboklin.de\/de\/leistungen\/infektionskrankheiten-erreger-und-antikoerpernachweise\/parasiten\/filarien\/dirofilarien-antigen\/","title":{"rendered":"Dirofilarien &#8211; Antigen"},"content":{"rendered":"<h3 class=\"csc-firstHeader\">Dirofilarien - Antigen<\/h3><p><span>LABOKLIN Leistungs-ID: 610<\/span><\/p><table class=\"tx-laboklinleistung-table contenttable contenttable-2\" style=\"margin-top: 35px;\"><tr><td class=\"td-0\"><strong>Material<\/strong><\/td><td class=\"td-1\"><p class=\"bodytext\">Serum oder EDTA-Plasma oder Heparin-Plasma 0,5 ml<\/p><\/td><\/tr><tr><td class=\"td-0\"><strong>Methode<\/strong><\/td><td class=\"td-1\"><p class=\"bodytext\">ELISA<\/p><\/td><\/tr><tr><td class=\"td-0\"><strong>Dauer<\/strong><\/td><td class=\"td-1\"><p class=\"bodytext\">1 - 2 Tage<\/p><\/td><\/tr><tr><td class=\"td-0\"><strong>Anmerkung<\/strong><\/td><td class=\"td-1\"><p class=\"bodytext\"><ul> <li> Die serologische Untersuchung weist Oberfl\u00e4chenproteine der weiblichen, geb\u00e4renden Filarien (Makrofilarien) nach, die im Herz oder gr\u00f6\u00dferen Gef\u00e4\u00dfen parasitieren, und ist die sensitivste Nachweismethode f\u00fcr Dirofilaria immitis<\/li> <li> Ein positives Ergebnis ist fr\u00fchestens \u00bd Jahr p.i. m\u00f6glich, kann aber bis zu 9 Monate verz\u00f6gert sein, wenn infizierte Hunde Herzwurmpr\u00e4vention erhalten. Die Untersuchung von Welpen unter sechs Monaten ist daher nicht sinnvoll. Im Verdachtsfall ist hier die Untersuchung auf Mikrofilarien oder ein sp\u00e4terer Testzeitpunkt zu empfehlen. Eine Therapiekontrolle sollte fr\u00fchestens 4 - 5 Monate nach Therapieende erfolgen.<\/li> <li> Der Dirofilarien-Antigennachweis \u2013 Hitzevorbehandlung kann separat als Leistung angefordert werden (Leistungsnummer 616).<\/li> <\/ul><\/p><\/td><\/tr><\/table>\n","protected":false},"excerpt":{"rendered":"<p>Dirofilarien &#8211; AntigenLABOKLIN Leistungs-ID: 610MaterialSerum oder EDTA-Plasma oder Heparin-Plasma 0,5 mlMethodeELISADauer1 &#8211; 2 TageAnmerkung Die serologische Untersuchung weist Oberfl\u00e4chenproteine der weiblichen, geb\u00e4renden Filarien (Makrofilarien) nach, die im Herz oder gr\u00f6\u00dferen Gef\u00e4\u00dfen parasitieren, und ist die sensitivste Nachweismethode f\u00fcr Dirofilaria immitis Ein positives Ergebnis ist fr\u00fchestens \u00bd Jahr p.i. m\u00f6glich, kann aber bis zu 9 Monate&hellip;<\/p>\n","protected":false},"author":1,"featured_media":0,"parent":940900,"menu_order":5,"comment_status":"closed","ping_status":"closed","template":"","meta":{"_seopress_robots_primary_cat":"","_seopress_titles_title":"","_seopress_titles_desc":"","_seopress_robots_index":"","footnotes":""},"class_list":["post-940901","page","type-page","status-publish","hentry","description-off"],"_links":{"self":[{"href":"https:\/\/laboklin.de\/de\/wp-json\/wp\/v2\/pages\/940901","targetHints":{"allow":["GET"]}}],"collection":[{"href":"https:\/\/laboklin.de\/de\/wp-json\/wp\/v2\/pages"}],"about":[{"href":"https:\/\/laboklin.de\/de\/wp-json\/wp\/v2\/types\/page"}],"author":[{"embeddable":true,"href":"https:\/\/laboklin.de\/de\/wp-json\/wp\/v2\/users\/1"}],"replies":[{"embeddable":true,"href":"https:\/\/laboklin.de\/de\/wp-json\/wp\/v2\/comments?post=940901"}],"version-history":[{"count":1,"href":"https:\/\/laboklin.de\/de\/wp-json\/wp\/v2\/pages\/940901\/revisions"}],"predecessor-version":[{"id":1506121,"href":"https:\/\/laboklin.de\/de\/wp-json\/wp\/v2\/pages\/940901\/revisions\/1506121"}],"up":[{"embeddable":true,"href":"https:\/\/laboklin.de\/de\/wp-json\/wp\/v2\/pages\/940900"}],"wp:attachment":[{"href":"https:\/\/laboklin.de\/de\/wp-json\/wp\/v2\/media?parent=940901"}],"curies":[{"name":"wp","href":"https:\/\/api.w.org\/{rel}","templated":true}]}}