{"id":940800,"date":"2020-10-16T11:36:27","date_gmt":"2020-10-16T09:36:27","guid":{"rendered":"https:\/\/laboklin.de\/de\/fasciola-hepatica"},"modified":"2025-11-13T15:29:57","modified_gmt":"2025-11-13T14:29:57","slug":"fasciola-hepatica","status":"publish","type":"page","link":"https:\/\/laboklin.de\/de\/leistungen\/infektionskrankheiten-erreger-und-antikoerpernachweise\/parasiten\/fasciola-hepatica\/","title":{"rendered":"Fasciola hepatica"},"content":{"rendered":"<div class=\"wpb-content-wrapper\"><p>[vc_row][vc_column][vc_column_text css=&#8220;&#8220;]<h3>Leistungsspektrum<\/h3><div class=\"vc_tta-panels-container\"><div class=\"vc_tta-panels\"><li class=\"menu-item sub-page\"><a href=\"https:\/\/laboklin.de\/de\/leistungen\/infektionskrankheiten-erreger-und-antikoerpernachweise\/parasiten\/fasciola-hepatica\/fasciola-hepatica-antikoerper-pfd\/\">Fasciola hepatica (Leberegel) - Antik\u00f6rper (Pfd)*<\/a><\/li><li class=\"menu-item sub-page\"><a href=\"https:\/\/laboklin.de\/de\/leistungen\/infektionskrankheiten-erreger-und-antikoerpernachweise\/parasiten\/fasciola-hepatica\/fasciola-hepatica-antikoerper-wdk\/\">Fasciola hepatica - Antik\u00f6rper (Wdk)<\/a><\/li><\/div><\/div><br \/>\n<div class=\"gap\" style=\"line-height: 20px; height: 20px;\"><\/div>[\/vc_column_text][\/vc_column][\/vc_row][vc_row type=&#8220;vc_default&#8220;][vc_column][vc_column_text css=&#8220;&#8220;]<\/p>\n<h3>Allgemeine Information<\/h3>\n<p>Der gro\u00dfe Leberegel parasitiert in den Galleng\u00e4ngen verschiedener S\u00e4ugetiere. Die Eier werden mit dem Kot ausgeschieden und durchlaufen einen Entwicklungszyklus, bei dem die Zwergschlammschnecke als Zwischenwirt dient. Die Metazerkarien werden anschlie\u00dfend vom Endwirt aufgenommen. Dort durchdringen sie die Darmwand, wandern durch die Leber und erreichen die Galleng\u00e4nge, in denen sie sich zu erwachsenen Leberegeln entwickeln. Beim Pferd ist ein Befall selten, Risikofaktoren sind Haltung auf feuchten Weiden oder Zugang zu nat\u00fcrlichem Gew\u00e4sser, v. a. bei Mischbeweidung mit Schafen oder Rindern. Oft verl\u00e4uft die Infektion symptomlos. Folgende Symptome werden mit einem Leberegelbefall in Verbindung gebracht: Durchfall, Apathie, Anorexie, Abmagerung, Leistungsschw\u00e4che. Eine erh\u00f6hte Leberenzymaktivit\u00e4t ist m\u00f6glich.<\/p>\n<div class=\"gap\" style=\"line-height: 20px; height: 20px;\"><\/div>\n<p>&nbsp;<\/p>\n<p>* Partnerlabor[\/vc_column_text][\/vc_column][\/vc_row]<\/p>\n<\/div>","protected":false},"excerpt":{"rendered":"<p>[vc_row][vc_column][vc_column_text css=&#8220;&#8220;] [\/vc_column_text][\/vc_column][\/vc_row][vc_row type=&#8220;vc_default&#8220;][vc_column][vc_column_text css=&#8220;&#8220;] Allgemeine Information Der gro\u00dfe Leberegel parasitiert in den Galleng\u00e4ngen verschiedener S\u00e4ugetiere. Die Eier werden mit dem Kot ausgeschieden und durchlaufen einen Entwicklungszyklus, bei dem die Zwergschlammschnecke als Zwischenwirt dient. Die Metazerkarien werden anschlie\u00dfend vom Endwirt aufgenommen. Dort durchdringen sie die Darmwand, wandern durch die Leber und erreichen die Galleng\u00e4nge, in&hellip;<\/p>\n","protected":false},"author":1,"featured_media":0,"parent":940000,"menu_order":8,"comment_status":"closed","ping_status":"closed","template":"","meta":{"_seopress_robots_primary_cat":"","_seopress_titles_title":"","_seopress_titles_desc":"","_seopress_robots_index":"","footnotes":""},"class_list":["post-940800","page","type-page","status-publish","hentry","description-off"],"_links":{"self":[{"href":"https:\/\/laboklin.de\/de\/wp-json\/wp\/v2\/pages\/940800","targetHints":{"allow":["GET"]}}],"collection":[{"href":"https:\/\/laboklin.de\/de\/wp-json\/wp\/v2\/pages"}],"about":[{"href":"https:\/\/laboklin.de\/de\/wp-json\/wp\/v2\/types\/page"}],"author":[{"embeddable":true,"href":"https:\/\/laboklin.de\/de\/wp-json\/wp\/v2\/users\/1"}],"replies":[{"embeddable":true,"href":"https:\/\/laboklin.de\/de\/wp-json\/wp\/v2\/comments?post=940800"}],"version-history":[{"count":7,"href":"https:\/\/laboklin.de\/de\/wp-json\/wp\/v2\/pages\/940800\/revisions"}],"predecessor-version":[{"id":1573493,"href":"https:\/\/laboklin.de\/de\/wp-json\/wp\/v2\/pages\/940800\/revisions\/1573493"}],"up":[{"embeddable":true,"href":"https:\/\/laboklin.de\/de\/wp-json\/wp\/v2\/pages\/940000"}],"wp:attachment":[{"href":"https:\/\/laboklin.de\/de\/wp-json\/wp\/v2\/media?parent=940800"}],"curies":[{"name":"wp","href":"https:\/\/api.w.org\/{rel}","templated":true}]}}