{"id":940300,"date":"2020-10-16T11:36:27","date_gmt":"2020-10-16T09:36:27","guid":{"rendered":"https:\/\/laboklin.de\/de\/babesien"},"modified":"2024-10-14T13:17:35","modified_gmt":"2024-10-14T11:17:35","slug":"babesien-piroplasmen","status":"publish","type":"page","link":"https:\/\/laboklin.de\/de\/leistungen\/infektionskrankheiten-erreger-und-antikoerpernachweise\/parasiten\/babesien-piroplasmen\/","title":{"rendered":"Babesien (Piroplasmen)"},"content":{"rendered":"<div class=\"wpb-content-wrapper\"><p>[vc_row][vc_column][vc_column_text]<h3>Leistungsspektrum<\/h3><div class=\"vc_tta-panels-container\"><div class=\"vc_tta-panels\"><li class=\"menu-item sub-page\"><a href=\"https:\/\/laboklin.de\/de\/leistungen\/infektionskrankheiten-erreger-und-antikoerpernachweise\/parasiten\/babesien-piroplasmen\/babesien-piroplasmen-pcr\/\">Babesien (Piroplasmen) - PCR<\/a><\/li><li class=\"menu-item sub-page\"><a href=\"https:\/\/laboklin.de\/de\/leistungen\/infektionskrankheiten-erreger-und-antikoerpernachweise\/parasiten\/babesien-piroplasmen\/babesien-antikoerper\/\">Babesien - AK<\/a><\/li><li class=\"menu-item sub-page\"><a href=\"https:\/\/laboklin.de\/de\/leistungen\/infektionskrankheiten-erreger-und-antikoerpernachweise\/parasiten\/babesien-piroplasmen\/babesien-antikoerper-c-elisa-pferd\/\">Babesien - Antik\u00f6rper (c-ELISA Pferd)<\/a><\/li><li class=\"menu-item sub-page\"><a href=\"https:\/\/laboklin.de\/de\/leistungen\/infektionskrankheiten-erreger-und-antikoerpernachweise\/parasiten\/babesien-piroplasmen\/babesien-antikoerper-kbr-pferd\/\">Babesien - Antik\u00f6rper (KBR Pferd)*<\/a><\/li><li class=\"menu-item sub-page\"><a href=\"https:\/\/laboklin.de\/de\/leistungen\/infektionskrankheiten-erreger-und-antikoerpernachweise\/parasiten\/babesien-piroplasmen\/babesien-mikroskopisch\/\">Babesien - mikroskopisch<\/a><\/li><li class=\"menu-item sub-page\"><a href=\"https:\/\/laboklin.de\/de\/leistungen\/infektionskrankheiten-erreger-und-antikoerpernachweise\/parasiten\/babesien-piroplasmen\/cytauxzoon-piroplasmen-pcr\/\">Cytauxzoon (Piroplasmen) - PCR<\/a><\/li><\/div><\/div>[\/vc_column_text][\/vc_column][\/vc_row][vc_row][vc_column][vc_column_text css=&#8220;.vc_custom_1604576373311{margin-top: 40px !important;margin-bottom: 30px !important;}&#8220;]* Partnerlabor<\/p>\n<h3><div class=\"gap\" style=\"line-height: 20px; height: 20px;\"><\/div><\/h3>\n<h3>Allgemeine Informationen<\/h3>\n<p>Die <b><strong>Babesiose<\/strong><\/b> der S\u00e4ugetiere ist mittlerweile eine der wichtigsten parasit\u00e4ren Erkrankungen. Die zur Ordnung der Piroplasmen geh\u00f6renden Erreger werden durch Zecken \u00fcbertragen.<\/p>\n<p>Bei einer <em>perakuten<\/em> oder <em>akuten<\/em> Infektion treten ab dem 5. bis 28. Tag p.i. unspezifische klinische Erscheinungen wie Fieber, Apathie und Appetitlosigkeit auf. Es kommt zu An\u00e4mie, Ikterus und massiver H\u00e4moglobinurie. Eine <em>chronische<\/em> Infektion ist v.a. bei B. vulpes (= B. microti-like = B. annae) gekennzeichnet durch Abgeschlagenheit und Abmagerung der Tiere \u00fcber Monate, An\u00e4mie und intermittierende Phasen von Fieber.<\/p>\n<p>Hunde k\u00f6nnen ohne Behandlung v.a. bei Infektion mit B. canis und B. vogeli auch eine <em>subklinische Form<\/em> bei wieder normalem Blutbild entwickeln. Viele Importhunde aus Osteuropa (B. canis) sind subklinisch infiziert und stellen damit ein Infektionsrisiko f\u00fcr andere Hunde dar. Zudem kann bei diesen Hunden die Infektion durch verschiedene Faktoren wieder reaktiviert werden. Auch Rinder und Pferde k\u00f6nnen jahrelang Tr\u00e4ger von Babesien bleiben.[\/vc_column_text][\/vc_column][\/vc_row][vc_row][vc_column][vc_accordion active_tab=&#8220;false&#8220; title_size=&#8220;normal&#8220; style=&#8220;2&#8243;][vc_accordion_tab title=&#8220;Hund&#8220;][vc_column_text css=&#8220;&#8220;]<strong>Babesia canis<\/strong><br \/>\nB. canis wird durch Dermacentor reticulatus (Auwaldzecke) \u00fcbertragen und ist virulenter als B. vogeli. Es werden der Frankreich- und der Ungarn-Stamm unterschieden.<br \/>\nFrankreich-Stamm: Vorkommen: nord- und ostmediterraner Raum, lokal in Holland (Den Haag, Arnheim) und England, Herde im Westen Deutschlands (Saarland, Rheinland-Pfalz, Baden-W\u00fcrttemberg). Der Frankreich-Stamm f\u00e4llt h\u00e4ufig durch eine niedrige Antik\u00f6rperproduktion auf.<br \/>\nUngarn-Stamm: Vorkommen: Ungarn, Ukraine, Russland (bis n\u00f6rdlich von Moskau), Rum\u00e4nien, Osten Deutschlands.<br \/>\nDer Ungarn-Stamm f\u00e4llt h\u00e4ufig durch eine hohe Antik\u00f6rperproduktion auf. Neuinfektionen mit dem Ungarn-Stamm f\u00fchren unbehandelt bei 80 % der Tiere zum Tod.<\/p>\n<p><strong>Babesia vogeli<\/strong><br \/>\nVorkommen: Nordafrika, gesamter Mittelmeerraum, Portugal.<br \/>\nB. vogeli wird durch Rhipicephalus sanguineus (Braune Hundezecke) \u00fcbertragen und f\u00fchrt h\u00e4ufig nur zur geringen Antik\u00f6rpertitern.<\/p>\n<p><strong>Babesia gibsoni<\/strong><br \/>\nVorkommen: Asien, USA, Europa (importiert)<br \/>\n\u00dcbertragen durch Rhipicephalus sanguineus; Vorkommen in Europa gilt als fraglich. Die f\u00fcr Portugal und Spanien beschriebenen Babesia-gibsoni-F\u00e4lle wurden sp\u00e4ter korrigiert, z.T. in den Erreger Theileria annae (heute: B. vulpes).<\/p>\n<p><strong>Babesia vulpes (fr\u00fcher: Babesia microti-like, B. annae)<\/strong><br \/>\nVorkommen: im Nordwesten Spaniens, Mitteleuropa einschlie\u00dflich England.<br \/>\n\u00dcbertr\u00e4ger unbekannt, vermutet werden: Ixodes hexagonus (Igelzecke), I. ricinus (Holzbock),<br \/>\nI. canisuga (Fuchszecke) und Dermacentor reticulatus (Auwaldzecke).[\/vc_column_text][\/vc_accordion_tab][vc_accordion_tab title=&#8220;Katze&#8220;][vc_column_text css=&#8220;&#8220;]<strong>Babesia canis<\/strong><br \/>\nVorkommen: Thailand, Brasilien, Frankreich, Polen, Deutschland<br \/>\nSehr selten, nur bekannt bei anderer chronischer Grundinfektion.<\/p>\n<p><strong>Babesia felis<\/strong><br \/>\nVorkommen: in Teilen Afrikas<\/p>\n<p><strong>Babesia cati<\/strong><br \/>\nVorkommen: Indien<\/p>\n<p><strong>Cytauxzoon<\/strong><br \/>\nTaxonomisch wird Cytauxzoon in die Familie der Theileriidae eingegliedert. Diese Familie unterscheidet sich von den Babesiidae dadurch, dass Vermehrungen nicht nur in Erythrozyten, sondern auch in anderen Geweben stattfinden. Bei den Cytauxzoon gehen den erythrozyt\u00e4ren Stadien Meronten in lymphoiden Zellen voraus. Die \u00dcbertragung erfolgt durch den Stich verschiedenen Lederzeckenarten. W\u00e4hrend in Europa die feline Babesiose eine zwar sehr selten vorkommende, aber altbekannte Erkrankung darstellt, z\u00e4hlt die Cytauxzoonose bei Feliden zu den \u201eemerging diseases\u201c. Die hier vorkommenden Cytauxzoon spp. unterscheiden sich genetisch und pathogenetisch von der in Amerika vorkommenden Spezies Cytauxzoon felis. In den letzten Jahren wurden Fallberichte bei Hauskatzen u. a. aus Italien, Frankreich, Spanien, Schweiz und Deutschland ver\u00f6ffentlicht. In eigenen Untersuchungen von \u00fcber 600 Blutproben von an\u00e4mischen Katzen aus Deutschland waren mittels PCR keine Piroplasmen nachweisbar. Sie scheinen daher als An\u00e4mieerreger im Inland eine untergeordnete Rolle zu spielen.<br \/>\nMorphologisch k\u00f6nnen Babesien und Cytauxzoon im Blutausstrich nicht unterschieden werden.[\/vc_column_text][\/vc_accordion_tab][vc_accordion_tab title=&#8220;Pferd&#8220;][vc_column_text]<strong>Babesia caballi und Theileria equi (ehemals Babesia equi)<\/strong><br \/>\nVorkommen: Tropen und Subtropen; bis in die gem\u00e4\u00dfigten Zonen hinein. \u00dcbertr\u00e4ger sind Zecken. Auch in Deutschland ist mit dem Auftreten von equiner Babesiose (Piroplasmose) zu rechnen.[\/vc_column_text][\/vc_accordion_tab][vc_accordion_tab title=&#8220;Rind&#8220;][vc_column_text]<strong>Babesia divergens<\/strong><br \/>\nVorkommen: In Europa von Finnland bis zum Mittelmeer. \u00dcbertr\u00e4ger sind Ixodes ricinus (Holzbock) und Ixodes persulcatus (\u00d6stlicher Holzbock). Babesia divergens ist auch humanpathogen.<\/p>\n<p><strong>Babesia major<\/strong><br \/>\nVorkommen: Zentraleuropa in kleinen endemischen Herden. In Deutschland nur auf den Nordsee-Inseln Amrum, Norderney und Juist. \u00dcbertr\u00e4ger ist Haemaphysalis punctata (Rote Schafzecke).<\/p>\n<p><strong>Babesia bigemina<\/strong><br \/>\nVorkommen: Tropen und Subtropen. In Europa: Balkan, K\u00fcstenn\u00e4he im mediterranen Raum, Portugal[\/vc_column_text][\/vc_accordion_tab][\/vc_accordion][\/vc_column][\/vc_row]<\/p>\n<\/div>","protected":false},"excerpt":{"rendered":"<p>[vc_row][vc_column][vc_column_text][\/vc_column_text][\/vc_column][\/vc_row][vc_row][vc_column][vc_column_text css=&#8220;.vc_custom_1604576373311{margin-top: 40px !important;margin-bottom: 30px !important;}&#8220;]* Partnerlabor Allgemeine Informationen Die Babesiose der S\u00e4ugetiere ist mittlerweile eine der wichtigsten parasit\u00e4ren Erkrankungen. Die zur Ordnung der Piroplasmen geh\u00f6renden Erreger werden durch Zecken \u00fcbertragen. Bei einer perakuten oder akuten Infektion treten ab dem 5. bis 28. Tag p.i. unspezifische klinische Erscheinungen wie Fieber, Apathie und Appetitlosigkeit auf. Es&hellip;<\/p>\n","protected":false},"author":1,"featured_media":0,"parent":940000,"menu_order":1,"comment_status":"closed","ping_status":"closed","template":"","meta":{"_seopress_robots_primary_cat":"","_seopress_titles_title":"","_seopress_titles_desc":"","_seopress_robots_index":"","footnotes":""},"class_list":["post-940300","page","type-page","status-publish","hentry","description-off"],"_links":{"self":[{"href":"https:\/\/laboklin.de\/de\/wp-json\/wp\/v2\/pages\/940300","targetHints":{"allow":["GET"]}}],"collection":[{"href":"https:\/\/laboklin.de\/de\/wp-json\/wp\/v2\/pages"}],"about":[{"href":"https:\/\/laboklin.de\/de\/wp-json\/wp\/v2\/types\/page"}],"author":[{"embeddable":true,"href":"https:\/\/laboklin.de\/de\/wp-json\/wp\/v2\/users\/1"}],"replies":[{"embeddable":true,"href":"https:\/\/laboklin.de\/de\/wp-json\/wp\/v2\/comments?post=940300"}],"version-history":[{"count":10,"href":"https:\/\/laboklin.de\/de\/wp-json\/wp\/v2\/pages\/940300\/revisions"}],"predecessor-version":[{"id":1489220,"href":"https:\/\/laboklin.de\/de\/wp-json\/wp\/v2\/pages\/940300\/revisions\/1489220"}],"up":[{"embeddable":true,"href":"https:\/\/laboklin.de\/de\/wp-json\/wp\/v2\/pages\/940000"}],"wp:attachment":[{"href":"https:\/\/laboklin.de\/de\/wp-json\/wp\/v2\/media?parent=940300"}],"curies":[{"name":"wp","href":"https:\/\/api.w.org\/{rel}","templated":true}]}}