{"id":940201,"date":"2020-10-16T11:36:27","date_gmt":"2020-10-16T09:36:27","guid":{"rendered":"https:\/\/laboklin.de\/de\/anoplocephala-antikoerper"},"modified":"2025-11-21T08:15:28","modified_gmt":"2025-11-21T07:15:28","slug":"anoplocephala-perfoliata-antikoerper","status":"publish","type":"page","link":"https:\/\/laboklin.de\/de\/leistungen\/infektionskrankheiten-erreger-und-antikoerpernachweise\/parasiten\/anoplocephala-perfoliata\/anoplocephala-perfoliata-antikoerper\/","title":{"rendered":"Anoplocephala perfoliata &#8211; Antik\u00f6rper"},"content":{"rendered":"<h3 class=\"csc-firstHeader\">Anoplocephala perfoliata (Bandwurm) - Antik\u00f6rper<\/h3><p><span>LABOKLIN Leistungs-ID: 249<\/span><\/p><table class=\"tx-laboklinleistung-table contenttable contenttable-2\" style=\"margin-top: 35px;\"><tr><td class=\"td-0\"><strong>Material<\/strong><\/td><td class=\"td-1\"><p class=\"bodytext\">Serum 0,5 ml<\/p><\/td><\/tr><tr><td class=\"td-0\"><strong>Methode<\/strong><\/td><td class=\"td-1\"><p class=\"bodytext\">ELISA<\/p><\/td><\/tr><tr><td class=\"td-0\"><strong>Tierart(en)<\/strong><\/td><td class=\"td-1\"><p class=\"bodytext\">Pferd<\/p><\/td><\/tr><tr><td class=\"td-0\"><strong>Dauer<\/strong><\/td><td class=\"td-1\"><p class=\"bodytext\">1 x w\u00f6chentlich<\/p><\/td><\/tr><tr><td class=\"td-0\"><strong>Anmerkung<\/strong><\/td><td class=\"td-1\"><p class=\"bodytext\"><ul><li>Test ist geeignet f\u00fcr Bestandsscreening und eine gezielte Therapie.<\/li> <li>Da Anoplocephala seine Eier nur in Abst\u00e4nden von mehreren Wochen abgibt, ist der Antik\u00f6rpernachweis aufgrund der h\u00f6heren Sensitivit\u00e4t und Spezifit\u00e4t dem Erregernachweis aus Kot (Flotation\/SAFC-Verfahren, mikroskopischer Nachweis der Eier) \u00fcberlegen.<\/li><\/ul><\/p><\/td><\/tr><\/table>\n","protected":false},"excerpt":{"rendered":"<p>Zuverl\u00e4ssiger Antik\u00f6rpertest f\u00fcr Pferde gegen Anoplocephala perfoliata. Sensitiv, spezifisch und ideal f\u00fcr Bestandsscreening.<\/p>\n","protected":false},"author":1,"featured_media":0,"parent":940200,"menu_order":0,"comment_status":"closed","ping_status":"closed","template":"","meta":{"_seopress_robots_primary_cat":"","_seopress_titles_title":"Anoplocephala perfoliata Antik\u00f6rper Test f\u00fcr Pferde","_seopress_titles_desc":"Erfahren Sie mehr \u00fcber den Anoplocephala perfoliata Antik\u00f6rper-Test f\u00fcr Pferde \u2013 zuverl\u00e4ssige Diagnose von Bandwurmbefall bei LABOKLIN.","_seopress_robots_index":"","footnotes":""},"class_list":["post-940201","page","type-page","status-publish","hentry","description-off"],"_links":{"self":[{"href":"https:\/\/laboklin.de\/de\/wp-json\/wp\/v2\/pages\/940201","targetHints":{"allow":["GET"]}}],"collection":[{"href":"https:\/\/laboklin.de\/de\/wp-json\/wp\/v2\/pages"}],"about":[{"href":"https:\/\/laboklin.de\/de\/wp-json\/wp\/v2\/types\/page"}],"author":[{"embeddable":true,"href":"https:\/\/laboklin.de\/de\/wp-json\/wp\/v2\/users\/1"}],"replies":[{"embeddable":true,"href":"https:\/\/laboklin.de\/de\/wp-json\/wp\/v2\/comments?post=940201"}],"version-history":[{"count":5,"href":"https:\/\/laboklin.de\/de\/wp-json\/wp\/v2\/pages\/940201\/revisions"}],"predecessor-version":[{"id":1574034,"href":"https:\/\/laboklin.de\/de\/wp-json\/wp\/v2\/pages\/940201\/revisions\/1574034"}],"up":[{"embeddable":true,"href":"https:\/\/laboklin.de\/de\/wp-json\/wp\/v2\/pages\/940200"}],"wp:attachment":[{"href":"https:\/\/laboklin.de\/de\/wp-json\/wp\/v2\/media?parent=940201"}],"curies":[{"name":"wp","href":"https:\/\/api.w.org\/{rel}","templated":true}]}}