{"id":940200,"date":"2020-10-16T11:36:27","date_gmt":"2020-10-16T09:36:27","guid":{"rendered":"https:\/\/laboklin.de\/de\/anoplocephala-perfoliata"},"modified":"2025-11-21T08:13:24","modified_gmt":"2025-11-21T07:13:24","slug":"anoplocephala-perfoliata","status":"publish","type":"page","link":"https:\/\/laboklin.de\/de\/leistungen\/infektionskrankheiten-erreger-und-antikoerpernachweise\/parasiten\/anoplocephala-perfoliata\/","title":{"rendered":"Anoplocephala perfoliata"},"content":{"rendered":"<div class=\"wpb-content-wrapper\"><p>[vc_row][vc_column][vc_column_text]<h3>Leistungsspektrum<\/h3><div class=\"vc_tta-panels-container\"><div class=\"vc_tta-panels\"><li class=\"menu-item sub-page\"><a href=\"https:\/\/laboklin.de\/de\/leistungen\/infektionskrankheiten-erreger-und-antikoerpernachweise\/parasiten\/anoplocephala-perfoliata\/anoplocephala-perfoliata-antikoerper\/\">Anoplocephala perfoliata (Bandwurm) - Antik\u00f6rper<\/a><\/li><\/div><\/div>[\/vc_column_text][\/vc_column][\/vc_row][vc_row][vc_column][vc_column_text css=&#8220;.vc_custom_1664274501730{margin-top: 40px !important;}&#8220;]<\/p>\n<h3>Allgemeine Informationen<\/h3>\n<p>Anoplocephala perfoliata ist die am h\u00e4ufigsten vorkommende Bandwurmart beim Pferd, sie ist weltweit verbreitet, in Deutschland sind fokale Pr\u00e4valenzen bis 30 % beschrieben. Zwischenwirt ist die Moosmilbe; die mit Bandwurmlarven infizierte Moosmilbe wird beim Grasen vom Pferd aufgenommen. Die Larven entwickeln sich innerhalb von 6 &#8211; 10 Wochen zu ausgewachsenen Bandw\u00fcrmern. Die adulten W\u00fcrmer siedeln an die Schleimhaut von D\u00fcnn- und Dickdarm, vorwiegend Ileo-Z\u00e4kal-Klappe an und verursachen lokale Erosionen und Ulzerationen. Kolikerscheinungen k\u00f6nnen die Folge sein.[\/vc_column_text][\/vc_column][\/vc_row]<\/p>\n<\/div>","protected":false},"excerpt":{"rendered":"<p>Erfahre mehr \u00fcber die h\u00e4ufigste Bandwurmart beim Pferd, ihre Entwicklung, \u00dcbertragung durch Moosmilben und m\u00f6gliche Kolikerscheinungen.<\/p>\n","protected":false},"author":1,"featured_media":0,"parent":940000,"menu_order":0,"comment_status":"closed","ping_status":"closed","template":"","meta":{"_seopress_robots_primary_cat":"","_seopress_titles_title":"Bandwurm beim Pferd: Ursachen und Vorbeugung","_seopress_titles_desc":"Erfahre mehr \u00fcber die h\u00e4ufigste Bandwurmart beim Pferd, ihre Entwicklung, \u00dcbertragung durch Moosmilben und m\u00f6gliche Kolikerscheinungen.","_seopress_robots_index":"","footnotes":""},"class_list":["post-940200","page","type-page","status-publish","hentry","description-off"],"_links":{"self":[{"href":"https:\/\/laboklin.de\/de\/wp-json\/wp\/v2\/pages\/940200","targetHints":{"allow":["GET"]}}],"collection":[{"href":"https:\/\/laboklin.de\/de\/wp-json\/wp\/v2\/pages"}],"about":[{"href":"https:\/\/laboklin.de\/de\/wp-json\/wp\/v2\/types\/page"}],"author":[{"embeddable":true,"href":"https:\/\/laboklin.de\/de\/wp-json\/wp\/v2\/users\/1"}],"replies":[{"embeddable":true,"href":"https:\/\/laboklin.de\/de\/wp-json\/wp\/v2\/comments?post=940200"}],"version-history":[{"count":4,"href":"https:\/\/laboklin.de\/de\/wp-json\/wp\/v2\/pages\/940200\/revisions"}],"predecessor-version":[{"id":1574031,"href":"https:\/\/laboklin.de\/de\/wp-json\/wp\/v2\/pages\/940200\/revisions\/1574031"}],"up":[{"embeddable":true,"href":"https:\/\/laboklin.de\/de\/wp-json\/wp\/v2\/pages\/940000"}],"wp:attachment":[{"href":"https:\/\/laboklin.de\/de\/wp-json\/wp\/v2\/media?parent=940200"}],"curies":[{"name":"wp","href":"https:\/\/api.w.org\/{rel}","templated":true}]}}