{"id":940101,"date":"2020-10-16T11:36:27","date_gmt":"2020-10-16T09:36:27","guid":{"rendered":"https:\/\/laboklin.de\/de\/angiostrongylus-vasorum-pcr"},"modified":"2025-02-03T10:01:19","modified_gmt":"2025-02-03T09:01:19","slug":"angiostrongylus-vasorum-pcr","status":"publish","type":"page","link":"https:\/\/laboklin.de\/de\/leistungen\/infektionskrankheiten-erreger-und-antikoerpernachweise\/parasiten\/angiostrongylus-vasorum\/angiostrongylus-vasorum-pcr\/","title":{"rendered":"Angiostrongylus vasorum &#8211; PCR"},"content":{"rendered":"<h3 class=\"csc-firstHeader\">Angiostrongylus vasorum - PCR<\/h3><p><span>LABOKLIN Leistungs-ID: 8261<\/span><\/p><table class=\"tx-laboklinleistung-table contenttable contenttable-2\" style=\"margin-top: 35px;\"><tr><td class=\"td-0\"><strong>Material<\/strong><\/td><td class=\"td-1\"><p class=\"bodytext\">EDTA-Blut, bronchoalveol\u00e4re Lavage, Faeces (3-Tage-Sammelkot), Gewebe (Lunge, Gehirn) <\/p><\/td><\/tr><tr><td class=\"td-0\"><strong>Methode<\/strong><\/td><td class=\"td-1\"><p class=\"bodytext\">realtime PCR<\/p><\/td><\/tr><tr><td class=\"td-0\"><strong>Dauer<\/strong><\/td><td class=\"td-1\"><p class=\"bodytext\">1 - 3 Tage<\/p><\/td><\/tr><tr><td class=\"td-0\"><strong>Anmerkung<\/strong><\/td><td class=\"td-1\"><p class=\"bodytext\"><ul><li> Soll die Untersuchung aus Blut erfolgen, ist die Kombination aus PCR und ICA empfehlenswert; dies erh\u00f6ht die Sensitivit\u00e4t.<\/li><li> Falsch negative Ergebnisse sind aufgrund von Pr\u00e4patenz, intermittierender Ausscheidung und begrenzter Sensitivit\u00e4t der Testverfahren nicht auszuschlie\u00dfen. Bei klinischem Verdacht sollten Tests daher wiederholt durchgef\u00fchrt werden.<\/li><li> Der Angiostrongylus vasorum-PCR-Nachweis ist im Lungenwumprofil Hund (siehe PCR-Profile \u2013 Kleintiere) enthalten.<\/li><\/ul><\/p><\/td><\/tr><\/table>\n","protected":false},"excerpt":{"rendered":"<p>Angiostrongylus vasorum &#8211; PCRLABOKLIN Leistungs-ID: 8261MaterialEDTA-Blut, bronchoalveol\u00e4re Lavage, Faeces (3-Tage-Sammelkot), Gewebe (Lunge, Gehirn) Methoderealtime PCRDauer1 &#8211; 3 TageAnmerkung Soll die Untersuchung aus Blut erfolgen, ist die Kombination aus PCR und ICA empfehlenswert; dies erh\u00f6ht die Sensitivit\u00e4t. Falsch negative Ergebnisse sind aufgrund von Pr\u00e4patenz, intermittierender Ausscheidung und begrenzter Sensitivit\u00e4t der Testverfahren nicht auszuschlie\u00dfen. Bei klinischem Verdacht&hellip;<\/p>\n","protected":false},"author":1,"featured_media":0,"parent":940100,"menu_order":1,"comment_status":"closed","ping_status":"closed","template":"","meta":{"_seopress_robots_primary_cat":"","_seopress_titles_title":"","_seopress_titles_desc":"","_seopress_robots_index":"","footnotes":""},"class_list":["post-940101","page","type-page","status-publish","hentry","description-off"],"_links":{"self":[{"href":"https:\/\/laboklin.de\/de\/wp-json\/wp\/v2\/pages\/940101","targetHints":{"allow":["GET"]}}],"collection":[{"href":"https:\/\/laboklin.de\/de\/wp-json\/wp\/v2\/pages"}],"about":[{"href":"https:\/\/laboklin.de\/de\/wp-json\/wp\/v2\/types\/page"}],"author":[{"embeddable":true,"href":"https:\/\/laboklin.de\/de\/wp-json\/wp\/v2\/users\/1"}],"replies":[{"embeddable":true,"href":"https:\/\/laboklin.de\/de\/wp-json\/wp\/v2\/comments?post=940101"}],"version-history":[{"count":1,"href":"https:\/\/laboklin.de\/de\/wp-json\/wp\/v2\/pages\/940101\/revisions"}],"predecessor-version":[{"id":1506057,"href":"https:\/\/laboklin.de\/de\/wp-json\/wp\/v2\/pages\/940101\/revisions\/1506057"}],"up":[{"embeddable":true,"href":"https:\/\/laboklin.de\/de\/wp-json\/wp\/v2\/pages\/940100"}],"wp:attachment":[{"href":"https:\/\/laboklin.de\/de\/wp-json\/wp\/v2\/media?parent=940101"}],"curies":[{"name":"wp","href":"https:\/\/api.w.org\/{rel}","templated":true}]}}