{"id":940100,"date":"2020-10-16T11:36:27","date_gmt":"2020-10-16T09:36:27","guid":{"rendered":"https:\/\/laboklin.de\/de\/angiostrongylus-vasorum"},"modified":"2025-02-03T10:00:28","modified_gmt":"2025-02-03T09:00:28","slug":"angiostrongylus-vasorum","status":"publish","type":"page","link":"https:\/\/laboklin.de\/de\/leistungen\/infektionskrankheiten-erreger-und-antikoerpernachweise\/parasiten\/angiostrongylus-vasorum\/","title":{"rendered":"Angiostrongylus vasorum"},"content":{"rendered":"<div class=\"wpb-content-wrapper\"><p>[vc_row][vc_column][vc_column_text]<h3>Leistungsspektrum<\/h3><div class=\"vc_tta-panels-container\"><div class=\"vc_tta-panels\"><li class=\"menu-item sub-page\"><a href=\"https:\/\/laboklin.de\/de\/leistungen\/infektionskrankheiten-erreger-und-antikoerpernachweise\/parasiten\/angiostrongylus-vasorum\/angiostrongylus-vasorum-antigen\/\">Angiostrongylus vasorum - Antigen<\/a><\/li><li class=\"menu-item sub-page\"><a href=\"https:\/\/laboklin.de\/de\/leistungen\/infektionskrankheiten-erreger-und-antikoerpernachweise\/parasiten\/angiostrongylus-vasorum\/angiostrongylus-vasorum-pcr\/\">Angiostrongylus vasorum - PCR<\/a><\/li><\/div><\/div>[\/vc_column_text][\/vc_column][\/vc_row][vc_row][vc_column][vc_column_text css=&#8220;.vc_custom_1728903204752{margin-top: 40px !important;}&#8220;]siehe auch \u00a0\u00a0 =&gt; \u00a0 \u00a0\u00a0 <a href=\"https:\/\/laboklin.de\/de\/leistungen\/profile\/profile-screenings-kleintiere\/pcr-profile\/lungenwurmprofil-hund-pcr\/\">Lungenwurmprofil Hund<\/a> (Leistung 8789)<div class=\"gap\" style=\"line-height: 20px; height: 20px;\"><\/div>\n<p>Angiostrongylus vasorum kann auch mittels <a href=\"\/de\/leistungen\/mikrobiologie-parasitologie\/parasitologie\/parasitologische-untersuchungen-kot\/auswanderungsverfahren\/\">Auswanderungsverfahren<\/a> nachgewiesen werden.<\/p>\n<h3><div class=\"gap\" style=\"line-height: 20px; height: 20px;\"><\/div><\/h3>\n<h3>Allgemeine Informationen<\/h3>\n<p>Angiostrongylus vasorum ist ein weltweit verbreiteter Nematode, der in den Pulmonal\u00adarterien und seltener im rechten Herzen von Hunden und Wildkaniden parasitiert. Infektionen mit A. vasorum kommen dabei in Deutschland h\u00e4ufiger vor als meist angenommen (Pr\u00e4valenz von 7,4 % nach Barutzki und Schaper, 2009). Daher sollte eine Infektion mit diesem Lungenwurm bei respiratorischen und\/oder kardiovaskul\u00e4ren Symptomen stets differentialdiagnostisch ber\u00fccksichtigt werden.<\/p>\n<p>Hunde als Endwirte infizieren sich durch die Aufnahme von L3-Larven beim Verzehr von infizierten Schnecken (Zwischenwirt). \u00dcber die D\u00fcnndarmwand des Hundes dringen die L3 in das Lymph- und Blutsystem ein und gelangen in die Pulmonalarterien. Sechs bis acht Wochen p.i. beginnen die Weibchen dann mit der Eiablage. Die Eier gelangen \u00fcber das Blut in die feinen Lungenkapillaren, wo sich aus ihnen die L1-Larven entwickeln und in die Lungenalveolen einwandern. Von hier werden sie vom Flimmerepithel hoch transportiert bzw. hochgehustet, wieder verschluckt und schlie\u00dflich mit dem Kot ausgeschieden. Zwischenwirte nehmen die L1 mit dem Kot auf, in ihnen kommt es zur Entwicklung der infekti\u00f6sen L3.<\/p>\n<p>Von der caninen Angiostrongylose sind vor allem junge Hunde im Alter von ein bis zwei Jahren betroffen. Neben klinisch inapparenten Infektionen kann der Verlauf mild bis lebensbedrohlich sein. Die klinischen Anzeichen sind sehr variabel, im Vordergrund stehen allerdings kardiopulmonale Symptome wie Atemnot und Husten. Am zweith\u00e4ufigsten sind Blutgerinnungsst\u00f6rungen mit Epistaxis, H\u00e4moptyse, H\u00e4matomen und An\u00e4mie. In der Folge kann es zu DIC, Kreislaufinsuffizienz und zum Tod kommen. Ebenso m\u00f6glich sind Erbrechen oder neurologische Symptome wie Muskelzittern, Ataxie, Schwindel und epileptiforme Anf\u00e4lle.[\/vc_column_text][\/vc_column][\/vc_row]<\/p>\n<\/div>","protected":false},"excerpt":{"rendered":"<p>[vc_row][vc_column][vc_column_text][\/vc_column_text][\/vc_column][\/vc_row][vc_row][vc_column][vc_column_text css=&#8220;.vc_custom_1728903204752{margin-top: 40px !important;}&#8220;]siehe auch \u00a0\u00a0 =&gt; \u00a0 \u00a0\u00a0 Lungenwurmprofil Hund (Leistung 8789) Angiostrongylus vasorum kann auch mittels Auswanderungsverfahren nachgewiesen werden. Allgemeine Informationen Angiostrongylus vasorum ist ein weltweit verbreiteter Nematode, der in den Pulmonal\u00adarterien und seltener im rechten Herzen von Hunden und Wildkaniden parasitiert. Infektionen mit A. vasorum kommen dabei in Deutschland h\u00e4ufiger vor als&hellip;<\/p>\n","protected":false},"author":1,"featured_media":0,"parent":940000,"menu_order":0,"comment_status":"closed","ping_status":"closed","template":"","meta":{"_seopress_robots_primary_cat":"","_seopress_titles_title":"","_seopress_titles_desc":"","_seopress_robots_index":"","footnotes":""},"class_list":["post-940100","page","type-page","status-publish","hentry","description-off"],"_links":{"self":[{"href":"https:\/\/laboklin.de\/de\/wp-json\/wp\/v2\/pages\/940100","targetHints":{"allow":["GET"]}}],"collection":[{"href":"https:\/\/laboklin.de\/de\/wp-json\/wp\/v2\/pages"}],"about":[{"href":"https:\/\/laboklin.de\/de\/wp-json\/wp\/v2\/types\/page"}],"author":[{"embeddable":true,"href":"https:\/\/laboklin.de\/de\/wp-json\/wp\/v2\/users\/1"}],"replies":[{"embeddable":true,"href":"https:\/\/laboklin.de\/de\/wp-json\/wp\/v2\/comments?post=940100"}],"version-history":[{"count":7,"href":"https:\/\/laboklin.de\/de\/wp-json\/wp\/v2\/pages\/940100\/revisions"}],"predecessor-version":[{"id":1489213,"href":"https:\/\/laboklin.de\/de\/wp-json\/wp\/v2\/pages\/940100\/revisions\/1489213"}],"up":[{"embeddable":true,"href":"https:\/\/laboklin.de\/de\/wp-json\/wp\/v2\/pages\/940000"}],"wp:attachment":[{"href":"https:\/\/laboklin.de\/de\/wp-json\/wp\/v2\/media?parent=940100"}],"curies":[{"name":"wp","href":"https:\/\/api.w.org\/{rel}","templated":true}]}}