{"id":930200,"date":"2020-10-16T11:36:27","date_gmt":"2020-10-16T09:36:27","guid":{"rendered":"https:\/\/laboklin.de\/de\/batrachochytrium"},"modified":"2024-03-18T17:10:01","modified_gmt":"2024-03-18T16:10:01","slug":"batrachochytrium","status":"publish","type":"page","link":"https:\/\/laboklin.de\/de\/leistungen\/infektionskrankheiten-erreger-und-antikoerpernachweise\/pilze\/batrachochytrium\/","title":{"rendered":"Batrachochytrium"},"content":{"rendered":"<div class=\"wpb-content-wrapper\"><p>[vc_row][vc_column][vc_column_text]<h3>Leistungsspektrum<\/h3><div class=\"vc_tta-panels-container\"><div class=\"vc_tta-panels\"><li class=\"menu-item sub-page\"><a href=\"https:\/\/laboklin.de\/de\/leistungen\/infektionskrankheiten-erreger-und-antikoerpernachweise\/pilze\/batrachochytrium\/batrachochytrium-dendrobatidis-pcr\/\">Batrachochytrium dendrobatidis - PCR<\/a><\/li><li class=\"menu-item sub-page\"><a href=\"https:\/\/laboklin.de\/de\/leistungen\/infektionskrankheiten-erreger-und-antikoerpernachweise\/pilze\/batrachochytrium\/batrachochytrium-dendrobatidis-differenzierung-bdgpl-pcr\/\">Batrachochytrium dendrobatidis-Differenzierung (BdGPL) - PCR<\/a><\/li><li class=\"menu-item sub-page\"><a href=\"https:\/\/laboklin.de\/de\/leistungen\/infektionskrankheiten-erreger-und-antikoerpernachweise\/pilze\/batrachochytrium\/batrachochytrium-salamandrivorans-pcr\/\">Batrachochytrium salamandrivorans - PCR<\/a><\/li><\/div><\/div>[\/vc_column_text][\/vc_column][\/vc_row][vc_row][vc_column][vc_column_text css=&#8220;.vc_custom_1604570927629{margin-top: 40px !important;margin-bottom: 30px !important;}&#8220;]<\/p>\n<h3>Allgemeine Informationen<\/h3>\n<p>Batrachochytrium spp. sind Pilze und werden f\u00fcr gro\u00dfe Verluste bei <b><strong>Amphibien<\/strong><\/b> verantwortlich gemacht.[\/vc_column_text][\/vc_column][\/vc_row][vc_row][vc_column][vc_accordion active_tab=&#8220;false&#8220; title_size=&#8220;normal&#8220; style=&#8220;2&#8243;][vc_accordion_tab title=&#8220;Batrachochytrium dendrobatidis&#8220;][vc_column_text]Der Chytrid-Pilz Batrachochytrium dendrobatidis wurde erstmals 1998 in Australien nachgewiesen und 1999 benannt. Dieser Pilz verursacht die Chytridiomykose bei Frosch- und Schwanzlurchen und soll f\u00fcr Populationsr\u00fcckg\u00e4nge und das weltweite Aussterben von &gt; 200 Amphibienspezies mitverantwortlich sein.<\/p>\n<p>Infektionen mit B. dendrobatidis sind in vielen F\u00e4llen mit sehr hohen Mortalit\u00e4tsraten (im Labor bis zu 100 %) assoziiert, allerdings muss der Pilz nicht zwangsl\u00e4ufig zum Tod f\u00fchren. Weitere Faktoren wie Stress oder Co-Infektionen mit anderen Erregern scheinen ebenfalls eine Rolle zu spielen.<\/p>\n<p>B. dendrobatidis vermehrt sich in keratinisiertem Gewebe und bef\u00e4llt deshalb vornehm\u00adlich die \u00e4u\u00dfere Haut adulter Tiere (Stratum corneum bis Stratum granulosum). Bei Larven sind die Hornleisten am Maul betroffen. W\u00e4hrend der Metamorphose k\u00f6nnen Infektionen zu dramatisch hohen Mortalit\u00e4tsraten f\u00fchren. Die klinischen Symptome sind oft unspezifisch und k\u00f6nnen neben der Haut (erscheint oft makroskopisch unver\u00e4ndert oder \u201estumpf\u201c bzw. depigmentiert; Hyperkeratosen und massive H\u00e4utungssch\u00fcbe; Mischinfektionen mit starken Erosionen der Haut) auch das Verhalten betreffen (untypisches Verhalten, wie langer Aufenthalt im Wasser, Ataxien und ZNS-Problematik). Spontane Todesf\u00e4lle ohne vorangegangene klinisch manifeste Krankheit werden ebenfalls beobachtet.<\/p>\n<p>Differenzierung:<\/p>\n<p>Aktuell sind sechs genetisch unterschiedliche <em>Bd<\/em> Linien bekannt. Am pathogensten scheinen Pilze der Linien <em>Bd<\/em>CAPE und <em>Bd<\/em>GPL (=Global Pandemic Lineage) zu sein. <em>Bd<\/em>CAPE kommt v. a. in Afrika vor, w\u00e4hrend <em>Bd<\/em>GPL weltweit vorkommt und die am h\u00e4ufigsten nachgewiesene <em>Bd <\/em>Linie darstellt. Klinisch verursacht <em>Bd<\/em>GPL, wie <em>Bd<\/em> allgemein, v. a. Hautver\u00e4nderungen. Betroffene Tiere zeigen auch h\u00e4ufig ZNS-Symptome. Dieser Erreger kann schwere Ausbr\u00fcche bis hin zur Ausrottung einer lokalen Population ausl\u00f6sen. Die Schwere der Erkrankung und das Ausma\u00df eines Ausbruchs h\u00e4ngen von verschiedenen Faktoren ab, inklusive der Wirtsspezies sowie Umweltfaktoren. Tiere k\u00f6nnen auch inapparent infiziert sein.<\/p>\n<p>Ab sofort steht der spezifische Nachweis von <em>Bd<\/em>GPL als Differenzierungsm\u00f6glichkeit bei einem positiven <em>Bd<\/em>-PCR-Ergebnis zur Verf\u00fcgung.[\/vc_column_text][\/vc_accordion_tab][vc_accordion_tab title=&#8220;Batrachochytrium salamandrivorans&#8220;][vc_column_text]Batrachochytrium salamandrivorans ist ein seit wenigen Jahren beschriebener hochkonta\u00adgi\u00f6ser und t\u00f6dlicher Chytrid-Pilz, der Feuersalamander v.a. in Nordwesteuropa massenhaft befallen und get\u00f6tet hat. Infizierte Tiere zeigen Anorexie, Apathie und Ataxie sowie Hautl\u00e4sionen mit oberfl\u00e4chlichen Erosionen und tiefen Ulzerationen am gesamten K\u00f6rper. Batrachochytrium salamandrivorans kann auch andere Schwanzlurche infizieren, wurde bisher aber nicht bei Froschlurchen nachgewiesen.[\/vc_column_text][\/vc_accordion_tab][\/vc_accordion][\/vc_column][\/vc_row]<\/p>\n<\/div>","protected":false},"excerpt":{"rendered":"<p>[vc_row][vc_column][vc_column_text][\/vc_column_text][\/vc_column][\/vc_row][vc_row][vc_column][vc_column_text css=&#8220;.vc_custom_1604570927629{margin-top: 40px !important;margin-bottom: 30px !important;}&#8220;] Allgemeine Informationen Batrachochytrium spp. sind Pilze und werden f\u00fcr gro\u00dfe Verluste bei Amphibien verantwortlich gemacht.[\/vc_column_text][\/vc_column][\/vc_row][vc_row][vc_column][vc_accordion active_tab=&#8220;false&#8220; title_size=&#8220;normal&#8220; style=&#8220;2&#8243;][vc_accordion_tab title=&#8220;Batrachochytrium dendrobatidis&#8220;][vc_column_text]Der Chytrid-Pilz Batrachochytrium dendrobatidis wurde erstmals 1998 in Australien nachgewiesen und 1999 benannt. Dieser Pilz verursacht die Chytridiomykose bei Frosch- und Schwanzlurchen und soll f\u00fcr Populationsr\u00fcckg\u00e4nge und das weltweite Aussterben&hellip;<\/p>\n","protected":false},"author":1,"featured_media":0,"parent":930000,"menu_order":1,"comment_status":"closed","ping_status":"closed","template":"","meta":{"_seopress_robots_primary_cat":"","_seopress_titles_title":"","_seopress_titles_desc":"","_seopress_robots_index":"","footnotes":""},"class_list":["post-930200","page","type-page","status-publish","hentry","description-off"],"_links":{"self":[{"href":"https:\/\/laboklin.de\/de\/wp-json\/wp\/v2\/pages\/930200","targetHints":{"allow":["GET"]}}],"collection":[{"href":"https:\/\/laboklin.de\/de\/wp-json\/wp\/v2\/pages"}],"about":[{"href":"https:\/\/laboklin.de\/de\/wp-json\/wp\/v2\/types\/page"}],"author":[{"embeddable":true,"href":"https:\/\/laboklin.de\/de\/wp-json\/wp\/v2\/users\/1"}],"replies":[{"embeddable":true,"href":"https:\/\/laboklin.de\/de\/wp-json\/wp\/v2\/comments?post=930200"}],"version-history":[{"count":8,"href":"https:\/\/laboklin.de\/de\/wp-json\/wp\/v2\/pages\/930200\/revisions"}],"predecessor-version":[{"id":1466000,"href":"https:\/\/laboklin.de\/de\/wp-json\/wp\/v2\/pages\/930200\/revisions\/1466000"}],"up":[{"embeddable":true,"href":"https:\/\/laboklin.de\/de\/wp-json\/wp\/v2\/pages\/930000"}],"wp:attachment":[{"href":"https:\/\/laboklin.de\/de\/wp-json\/wp\/v2\/media?parent=930200"}],"curies":[{"name":"wp","href":"https:\/\/api.w.org\/{rel}","templated":true}]}}