{"id":923700,"date":"2020-10-16T11:36:27","date_gmt":"2020-10-16T09:36:27","guid":{"rendered":"https:\/\/laboklin.de\/de\/streptococcus-equi-druse-erreger"},"modified":"2023-03-19T23:10:46","modified_gmt":"2023-03-19T22:10:46","slug":"streptococcus-equi-druse-erreger","status":"publish","type":"page","link":"https:\/\/laboklin.de\/de\/leistungen\/infektionskrankheiten-erreger-und-antikoerpernachweise\/bakterien\/streptococcus-equi-druse-erreger\/","title":{"rendered":"Streptococcus equi (Druse-Erreger)"},"content":{"rendered":"<div class=\"wpb-content-wrapper\"><p>[vc_row][vc_column][vc_column_text]<h3>Leistungsspektrum<\/h3><div class=\"vc_tta-panels-container\"><div class=\"vc_tta-panels\"><li class=\"menu-item sub-page\"><a href=\"https:\/\/laboklin.de\/de\/leistungen\/infektionskrankheiten-erreger-und-antikoerpernachweise\/bakterien\/streptococcus-equi-druse-erreger\/streptococcus-equi-antikoerper\/\">Streptococcus equi subsp. equi - Antik\u00f6rper<\/a><\/li><li class=\"menu-item sub-page\"><a href=\"https:\/\/laboklin.de\/de\/leistungen\/infektionskrankheiten-erreger-und-antikoerpernachweise\/bakterien\/streptococcus-equi-druse-erreger\/streptococcus-equi-equi-druse-pcr\/\">Streptococcus equi equi (Druse) - PCR<\/a><\/li><li class=\"menu-item sub-page\"><a href=\"https:\/\/laboklin.de\/de\/leistungen\/infektionskrankheiten-erreger-und-antikoerpernachweise\/bakterien\/streptococcus-equi-druse-erreger\/streptococcus-equi-equi-zooepidemicus-pcr\/\">Streptococcus equi equi\/zooepidemicus - PCR<\/a><\/li><\/div><\/div>[\/vc_column_text][\/vc_column][\/vc_row][vc_row][vc_column][vc_column_text css=&#8220;.vc_custom_1679263833190{margin-top: 40px !important;}&#8220;]Streptococcus equi kann auch kulturell nachgewiesen werden (<a href=\"\/de\/leistungen\/mikrobiologie-parasitologie\/bakteriologie-mykologie\/abstriche-punktate-milch-blut\/bakteriologie-aerob\/\">Leistung 150 Bakteriologie<\/a>).<\/p>\n<p>Bei der kulturellen Anzucht werden beide Subspezies (Streptococcus equi equi und Streptococcus equi zooepidemicus) erfasst und differenziert.<\/p>\n<h3><div class=\"gap\" style=\"line-height: 20px; height: 20px;\"><\/div><\/h3>\n<h3>Allgemeine Informationen<\/h3>\n<p>Die weltweit verbreitete und hochansteckende Pferdeerkrankung <b><strong>\u201e<\/strong><\/b><b><strong>Druse\u201c<\/strong><\/b> wird durch eine Infektion mit <b><strong>Streptococcus equi subsp. equi<\/strong><\/b> hervorgerufen und ist gekennzeichnet durch eine eitrige Lymphadenitis und Pharyngitis. Es war eine typische Jungtiererkrankung, die eine langanhaltende Immunit\u00e4t induziert. In den letzten Jahren werden zunehmend auch Erkrankungen adulter Pferde beschrieben, die einen eher atypischen Verlauf nehmen (v.a. Fieber, respiratorische Erkrankungen).<\/p>\n<p>Die PCR hat gegen\u00fcber der kulturellen Anz\u00fcchtung den Vorteil, ein schnelleres Ergebnis liefern zu k\u00f6nnen bei gleichzeitig vergleichsweise gr\u00f6\u00dferer Sensitivit\u00e4t und Spezifit\u00e4t. So gelingt auch zuverl\u00e4ssiger die Identifikation klinisch gesunder Ausscheider, die in der Erregerepidemiologie eine zentrale Rolle spielen.<\/p>\n<p>Da die PCR nicht zwischen toten und lebenden Organismen unterscheiden kann, sollte ein positiver Erregernachweis immer als Verdachtsdiagnose formuliert werden und durch eine kulturelle Untersuchung best\u00e4tigt werden.<\/p>\n<p>Klinisch ist eine Infektion mit Streptococcus equi subsp. equi\u00a0 nicht immer von einer Infektion mit<b><strong> Streptococcus equi subsp. zooepidemicus<\/strong><\/b> abgrenzbar. Streptococcus equi subsp. zooepidemicus kommt bei allen Haustieren und beim Menschen vor. Beim Pferd ist er ein fakultativ pathogener Kommensale; Infektionen k\u00f6nnen u.a. zu respiratorischen Erkrankungen und eitrigen Bronchopneumonien f\u00fchren. Wie bei der Druse sind v.a. Fohlen und Jungpferde betroffen.[\/vc_column_text][\/vc_column][\/vc_row]<\/p>\n<\/div>","protected":false},"excerpt":{"rendered":"<p>[vc_row][vc_column][vc_column_text][\/vc_column_text][\/vc_column][\/vc_row][vc_row][vc_column][vc_column_text css=&#8220;.vc_custom_1679263833190{margin-top: 40px !important;}&#8220;]Streptococcus equi kann auch kulturell nachgewiesen werden (Leistung 150 Bakteriologie). Bei der kulturellen Anzucht werden beide Subspezies (Streptococcus equi equi und Streptococcus equi zooepidemicus) erfasst und differenziert. Allgemeine Informationen Die weltweit verbreitete und hochansteckende Pferdeerkrankung \u201eDruse\u201c wird durch eine Infektion mit Streptococcus equi subsp. equi hervorgerufen und ist gekennzeichnet durch eine eitrige&hellip;<\/p>\n","protected":false},"author":1,"featured_media":0,"parent":920000,"menu_order":37,"comment_status":"closed","ping_status":"closed","template":"","meta":{"_seopress_robots_primary_cat":"","_seopress_titles_title":"","_seopress_titles_desc":"","_seopress_robots_index":"","footnotes":""},"class_list":["post-923700","page","type-page","status-publish","hentry","description-off"],"_links":{"self":[{"href":"https:\/\/laboklin.de\/de\/wp-json\/wp\/v2\/pages\/923700","targetHints":{"allow":["GET"]}}],"collection":[{"href":"https:\/\/laboklin.de\/de\/wp-json\/wp\/v2\/pages"}],"about":[{"href":"https:\/\/laboklin.de\/de\/wp-json\/wp\/v2\/types\/page"}],"author":[{"embeddable":true,"href":"https:\/\/laboklin.de\/de\/wp-json\/wp\/v2\/users\/1"}],"replies":[{"embeddable":true,"href":"https:\/\/laboklin.de\/de\/wp-json\/wp\/v2\/comments?post=923700"}],"version-history":[{"count":5,"href":"https:\/\/laboklin.de\/de\/wp-json\/wp\/v2\/pages\/923700\/revisions"}],"predecessor-version":[{"id":1428037,"href":"https:\/\/laboklin.de\/de\/wp-json\/wp\/v2\/pages\/923700\/revisions\/1428037"}],"up":[{"embeddable":true,"href":"https:\/\/laboklin.de\/de\/wp-json\/wp\/v2\/pages\/920000"}],"wp:attachment":[{"href":"https:\/\/laboklin.de\/de\/wp-json\/wp\/v2\/media?parent=923700"}],"curies":[{"name":"wp","href":"https:\/\/api.w.org\/{rel}","templated":true}]}}