{"id":923500,"date":"2020-10-16T11:36:27","date_gmt":"2020-10-16T09:36:27","guid":{"rendered":"https:\/\/laboklin.de\/de\/salmonellen"},"modified":"2023-03-19T22:52:19","modified_gmt":"2023-03-19T21:52:19","slug":"salmonellen","status":"publish","type":"page","link":"https:\/\/laboklin.de\/de\/leistungen\/infektionskrankheiten-erreger-und-antikoerpernachweise\/bakterien\/salmonellen\/","title":{"rendered":"Salmonellen"},"content":{"rendered":"<div class=\"wpb-content-wrapper\"><p>[vc_row][vc_column][vc_column_text]<h3>Leistungsspektrum<\/h3><div class=\"vc_tta-panels-container\"><div class=\"vc_tta-panels\"><li class=\"menu-item sub-page\"><a href=\"https:\/\/laboklin.de\/de\/leistungen\/infektionskrankheiten-erreger-und-antikoerpernachweise\/bakterien\/salmonellen\/salmonella-abortusequi-antikoerper\/\">Salmonella Abortusequi* - Antik\u00f6rper<\/a><\/li><li class=\"menu-item sub-page\"><a href=\"https:\/\/laboklin.de\/de\/leistungen\/infektionskrankheiten-erreger-und-antikoerpernachweise\/bakterien\/salmonellen\/salmonellen-kultur\/\">Salmonellen - Kultur<\/a><\/li><li class=\"menu-item sub-page\"><a href=\"https:\/\/laboklin.de\/de\/leistungen\/infektionskrankheiten-erreger-und-antikoerpernachweise\/bakterien\/salmonellen\/salmonellen-pcr\/\">Salmonellen - PCR<\/a><\/li><\/div><\/div>\n<div class=\"gap\" style=\"line-height: 20px; height: 20px;\"><\/div>\n<p>Salmonellen-Nachweise sind ferner Bestandteil verschiedener <a href=\"\/de\/leistungen\/mikrobiologie-parasitologie\/untersuchungen-bei-verdauungsstoerungen-und-diarrhoee\/kotprofile\/\">Kotprofile<\/a> und der<a href=\"\/de\/leistungen\/wasseruntersuchungen\/traenkwasser\/traenkwasser-mikrobiologische-einzelparameter\/salmonellen-traenkwasser\/\"> Tr\u00e4nkwasser<\/a>-Untersuchung.<\/p>\n<div class=\"gap\" style=\"line-height: 20px; height: 20px;\"><\/div>\n<p>* Partnerlabor<\/p>\n<h3><div class=\"gap\" style=\"line-height: 20px; height: 20px;\"><\/div><\/h3>\n<h3>Allgemeine Informationen<\/h3>\n<p>Salmonellen geh\u00f6ren zu der Familie der Enterobacteriaceae und kommen im Darm von Tieren und Menschen vor. Eine Infektion erfolgt in den meisten F\u00e4llen f\u00e4kal-oral oder \u00fcber F\u00fctterung von rohem Fleisch.<\/p>\n<p>Salmonelleninfektionen kommen bei fast allen Tierarten vor. Hund und Katze besitzen im Vergleich zu pflanzenfressenden Haustieren eine h\u00f6here Resistenz gegen\u00fcber Salmonelleninfektionen. Bei beg\u00fcnstigenden Faktoren f\u00fchren Salmonellosen zu Diarrh\u00f6en mit Erbrechen und Fieber, ebenfalls treten septik\u00e4mische Verlaufsformen bei Jungtieren auf. Bei Reptilien und Amphibien k\u00f6nnen Salmonellen zu der normalen Darmflora geh\u00f6ren. Bei diesen Tieren treten klinisch relevante Salmonellosen im Zusammenhang mit Immunschw\u00e4che auf.<\/p>\n<p>Rund 10 % aller menschlichen Salmonellenerkrankungen, die mit Durchfallerscheinungen einhergehen, sind laut Robert-Koch-Institut (RKI) auf direkten Kontakt mit ausscheidenden Hunden, Katzen und insbesondere Reptilien zur\u00fcckzuf\u00fchren.<\/p>\n<p>Auch unter den Salmonellen finden sich &#8211; v.a. bei Nutztieren &#8211; seit einiger Zeit ESBL-Bildner. Aufgrund der <b><strong>ESBL-Problematik<\/strong><\/b> ist die <b><strong>Erstellung eines Antibiogrammes<\/strong><\/b> zwingend erforderlich.<\/p>\n<p>In Deutschland ist es eine <b><strong>anzeigepflichtige Tierseuche<\/strong><\/b> bei Rindern. Bei anderen Tierarten <b><strong>meldepflichtig<\/strong><\/b>. Bei Nutzgefl\u00fcgel besteht ebenfalls Melde- bzw. Mitteilungspflicht, allerdings wird diese streng \u00fcberwacht und kann amtliche Ma\u00dfnahmen im Bestand nach sich ziehen.[\/vc_column_text][\/vc_column][\/vc_row][vc_row][vc_column][vc_column_text css=&#8220;.vc_custom_1664190356808{margin-top: 30px !important;}&#8220;][\/vc_column_text][\/vc_column][\/vc_row]<\/p>\n<\/div>","protected":false},"excerpt":{"rendered":"<p>[vc_row][vc_column][vc_column_text] Salmonellen-Nachweise sind ferner Bestandteil verschiedener Kotprofile und der Tr\u00e4nkwasser-Untersuchung. * Partnerlabor Allgemeine Informationen Salmonellen geh\u00f6ren zu der Familie der Enterobacteriaceae und kommen im Darm von Tieren und Menschen vor. Eine Infektion erfolgt in den meisten F\u00e4llen f\u00e4kal-oral oder \u00fcber F\u00fctterung von rohem Fleisch. Salmonelleninfektionen kommen bei fast allen Tierarten vor. Hund und Katze besitzen&hellip;<\/p>\n","protected":false},"author":1,"featured_media":0,"parent":920000,"menu_order":35,"comment_status":"closed","ping_status":"closed","template":"","meta":{"_seopress_robots_primary_cat":"","_seopress_titles_title":"","_seopress_titles_desc":"","_seopress_robots_index":"","footnotes":""},"class_list":["post-923500","page","type-page","status-publish","hentry","description-off"],"_links":{"self":[{"href":"https:\/\/laboklin.de\/de\/wp-json\/wp\/v2\/pages\/923500","targetHints":{"allow":["GET"]}}],"collection":[{"href":"https:\/\/laboklin.de\/de\/wp-json\/wp\/v2\/pages"}],"about":[{"href":"https:\/\/laboklin.de\/de\/wp-json\/wp\/v2\/types\/page"}],"author":[{"embeddable":true,"href":"https:\/\/laboklin.de\/de\/wp-json\/wp\/v2\/users\/1"}],"replies":[{"embeddable":true,"href":"https:\/\/laboklin.de\/de\/wp-json\/wp\/v2\/comments?post=923500"}],"version-history":[{"count":11,"href":"https:\/\/laboklin.de\/de\/wp-json\/wp\/v2\/pages\/923500\/revisions"}],"predecessor-version":[{"id":1428026,"href":"https:\/\/laboklin.de\/de\/wp-json\/wp\/v2\/pages\/923500\/revisions\/1428026"}],"up":[{"embeddable":true,"href":"https:\/\/laboklin.de\/de\/wp-json\/wp\/v2\/pages\/920000"}],"wp:attachment":[{"href":"https:\/\/laboklin.de\/de\/wp-json\/wp\/v2\/media?parent=923500"}],"curies":[{"name":"wp","href":"https:\/\/api.w.org\/{rel}","templated":true}]}}