{"id":923400,"date":"2020-10-16T11:36:27","date_gmt":"2020-10-16T09:36:27","guid":{"rendered":"https:\/\/laboklin.de\/de\/rickettsien"},"modified":"2022-10-19T20:29:53","modified_gmt":"2022-10-19T18:29:53","slug":"rickettsien","status":"publish","type":"page","link":"https:\/\/laboklin.de\/de\/leistungen\/infektionskrankheiten-erreger-und-antikoerpernachweise\/bakterien\/rickettsien\/","title":{"rendered":"Rickettsien"},"content":{"rendered":"<div class=\"wpb-content-wrapper\"><p>[vc_row][vc_column][vc_column_text]<h3>Leistungsspektrum<\/h3><div class=\"vc_tta-panels-container\"><div class=\"vc_tta-panels\"><li class=\"menu-item sub-page\"><a href=\"https:\/\/laboklin.de\/de\/leistungen\/infektionskrankheiten-erreger-und-antikoerpernachweise\/bakterien\/rickettsien\/rickettsia-conorii-antikoerper\/\">Rickettsia conorii - Antik\u00f6rper<\/a><\/li><li class=\"menu-item sub-page\"><a href=\"https:\/\/laboklin.de\/de\/leistungen\/infektionskrankheiten-erreger-und-antikoerpernachweise\/bakterien\/rickettsien\/rickettsia-rickettsii-antikoerper\/\">Rickettsia rickettsii - Antik\u00f6rper <\/a><\/li><li class=\"menu-item sub-page\"><a href=\"https:\/\/laboklin.de\/de\/leistungen\/infektionskrankheiten-erreger-und-antikoerpernachweise\/bakterien\/rickettsien\/rickettsien-pcr\/\">Rickettsien - PCR<\/a><\/li><\/div><\/div>[\/vc_column_text][\/vc_column][\/vc_row][vc_row][vc_column][vc_column_text css=&#8220;.vc_custom_1604563801331{margin-top: 40px !important;}&#8220;]<\/p>\n<h3>Allgemeine Informationen<\/h3>\n<p>Rickettsien sind obligat intrazellul\u00e4re kokkoide, st\u00e4bchenf\u00f6rmige oder pleomorphe gramnegative Bakterien, die in retikuloendothelialen Zellen oder Erythrozyten parasitieren. Die \u00dcbertragung erfolgt in der Regel durch Arthropoden.<\/p>\n<p>Rickettsien werden eingeteilt in die Kategorien \u201eSpotted Fever Group\u201c, thyphoide Gruppe und \u201eandere\u201c, zu denen Coxiella burnetii geh\u00f6rt.<\/p>\n<p>In den USA steht Rickettsia rickettsii, der Erreger des <b><strong>\u201e<\/strong><\/b><b><strong>Rocky Mountain Spotted Fever\u201c<\/strong><\/b> und im Mittelmeerraum Rickettsia conorii als Erreger des &#8222;<b><strong>Mittelmeerfleckfiebers&#8220;<\/strong><\/b> im Mittelpunkt der Bedeutung bei Infektionen des Tieres. Infizierte Hunde k\u00f6nnen asymptomatisch bleiben oder Symptome wie Lymphadenopathien, Fieber, Hyper\u00e4sthesien, periphere \u00d6deme bis zu Lahmheiten aufweisen.[\/vc_column_text][\/vc_column][\/vc_row]<\/p>\n<\/div>","protected":false},"excerpt":{"rendered":"<p>[vc_row][vc_column][vc_column_text][\/vc_column_text][\/vc_column][\/vc_row][vc_row][vc_column][vc_column_text css=&#8220;.vc_custom_1604563801331{margin-top: 40px !important;}&#8220;] Allgemeine Informationen Rickettsien sind obligat intrazellul\u00e4re kokkoide, st\u00e4bchenf\u00f6rmige oder pleomorphe gramnegative Bakterien, die in retikuloendothelialen Zellen oder Erythrozyten parasitieren. Die \u00dcbertragung erfolgt in der Regel durch Arthropoden. Rickettsien werden eingeteilt in die Kategorien \u201eSpotted Fever Group\u201c, thyphoide Gruppe und \u201eandere\u201c, zu denen Coxiella burnetii geh\u00f6rt. In den USA steht Rickettsia rickettsii,&hellip;<\/p>\n","protected":false},"author":1,"featured_media":0,"parent":920000,"menu_order":34,"comment_status":"closed","ping_status":"closed","template":"","meta":{"_seopress_robots_primary_cat":"","_seopress_titles_title":"","_seopress_titles_desc":"","_seopress_robots_index":"","footnotes":""},"class_list":["post-923400","page","type-page","status-publish","hentry","description-off"],"_links":{"self":[{"href":"https:\/\/laboklin.de\/de\/wp-json\/wp\/v2\/pages\/923400","targetHints":{"allow":["GET"]}}],"collection":[{"href":"https:\/\/laboklin.de\/de\/wp-json\/wp\/v2\/pages"}],"about":[{"href":"https:\/\/laboklin.de\/de\/wp-json\/wp\/v2\/types\/page"}],"author":[{"embeddable":true,"href":"https:\/\/laboklin.de\/de\/wp-json\/wp\/v2\/users\/1"}],"replies":[{"embeddable":true,"href":"https:\/\/laboklin.de\/de\/wp-json\/wp\/v2\/comments?post=923400"}],"version-history":[{"count":3,"href":"https:\/\/laboklin.de\/de\/wp-json\/wp\/v2\/pages\/923400\/revisions"}],"predecessor-version":[{"id":1302205,"href":"https:\/\/laboklin.de\/de\/wp-json\/wp\/v2\/pages\/923400\/revisions\/1302205"}],"up":[{"embeddable":true,"href":"https:\/\/laboklin.de\/de\/wp-json\/wp\/v2\/pages\/920000"}],"wp:attachment":[{"href":"https:\/\/laboklin.de\/de\/wp-json\/wp\/v2\/media?parent=923400"}],"curies":[{"name":"wp","href":"https:\/\/api.w.org\/{rel}","templated":true}]}}