{"id":923200,"date":"2020-10-16T11:36:27","date_gmt":"2020-10-16T09:36:27","guid":{"rendered":"https:\/\/laboklin.de\/de\/pasteurella-multocida"},"modified":"2024-05-15T10:58:20","modified_gmt":"2024-05-15T08:58:20","slug":"pasteurella-multocida","status":"publish","type":"page","link":"https:\/\/laboklin.de\/de\/leistungen\/infektionskrankheiten-erreger-und-antikoerpernachweise\/bakterien\/pasteurella-multocida\/","title":{"rendered":"Pasteurella multocida"},"content":{"rendered":"<div class=\"wpb-content-wrapper\"><p>[vc_row][vc_column][vc_column_text]<h3>Leistungsspektrum<\/h3><div class=\"vc_tta-panels-container\"><div class=\"vc_tta-panels\"><li class=\"menu-item sub-page\"><a href=\"https:\/\/laboklin.de\/de\/leistungen\/infektionskrankheiten-erreger-und-antikoerpernachweise\/bakterien\/pasteurella-multocida\/pasteurella-multocida-toxinbildner-pcr\/\">Pasteurella multocida + Toxin-Gennachweis - PCR<\/a><\/li><\/div><\/div>[\/vc_column_text][\/vc_column][\/vc_row][vc_row][vc_column][vc_column_text css=&#8220;.vc_custom_1715763497869{margin-top: 40px !important;}&#8220;]Ein alleiniger<b><strong> kultureller Nachweis<\/strong><\/b> von P. multocida ist ebenfalls m\u00f6glich (<a href=\"\/de\/leistungen\/mikrobiologie-parasitologie\/bakteriologie-mykologie\/abstriche-punktate-milch-blut\/bakteriologie-aerob\/\">Leistung 150 Bakteriologie<\/a>). Pasteurellen-Verdacht dann bitte auf dem Auftrag vermerken. Eine m\u00f6gliche Toxinbildung kann kulturell nicht nachgewiesen werden.<\/p>\n<h3><div class=\"gap\" style=\"line-height: 20px; height: 20px;\"><\/div><\/h3>\n<h3>Allgemeine Informationen<\/h3>\n<p>Pasteurella multocida ist ein gramnegatives St\u00e4bchenbakterium. Pasteurellen sind Kommensalen der Schleimhaut des oberen Respirationstrakts. Pr\u00e4disponierend f\u00fcr eine Infektion mit toxinbildenden St\u00e4mmen sind resistenzmindernde Faktoren wie \u00dcberbelegung oder schlechtes Stallklima. H\u00e4ufig liegen Co-Infektionen mit Bordetella bronchiseptica vor, dann treten besonders schwerwiegende Krankheitserscheinungen auf.<\/p>\n<p>Beim <b><strong>Kaninchen<\/strong><\/b> f\u00fchrt Pasteurella multocida als Monoinfektion oder zusammen mit Bordetella bronchiseptica und anderen Bakterien zum sog. &#8222;<b><strong>Kaninchenschnupfen&#8220;<\/strong><\/b>. Diese Erkrankung tritt in der Regel als Bestandsproblem und h\u00e4ufig rezidivierend auf.<\/p>\n<p>Beim <b><strong>Schwein<\/strong><\/b> ist das Pasteurella-multocida-Toxin urs\u00e4chlicher Faktor bei der Entstehung der progressiven <b><strong>atrophischen Rhinitis<\/strong><\/b>, bei der v.a. toxinbildende Pasteurellen von Typ A und D beteiligt sind. Das zytotoxische Toxin (PMT) hemmt die Osteoblasten. Bei erhaltener Aktivit\u00e4t der Osteoklasten f\u00fchrt dies zur Atrophie der Nasenmuscheln und Deformation der Nasenscheidewand. Die Bedeutung des Toxins bei der Pneumonie von Rind und Schwein ist nicht gekl\u00e4rt.[\/vc_column_text][\/vc_column][\/vc_row]<\/p>\n<\/div>","protected":false},"excerpt":{"rendered":"<p>[vc_row][vc_column][vc_column_text][\/vc_column_text][\/vc_column][\/vc_row][vc_row][vc_column][vc_column_text css=&#8220;.vc_custom_1715763497869{margin-top: 40px !important;}&#8220;]Ein alleiniger kultureller Nachweis von P. multocida ist ebenfalls m\u00f6glich (Leistung 150 Bakteriologie). Pasteurellen-Verdacht dann bitte auf dem Auftrag vermerken. Eine m\u00f6gliche Toxinbildung kann kulturell nicht nachgewiesen werden. Allgemeine Informationen Pasteurella multocida ist ein gramnegatives St\u00e4bchenbakterium. Pasteurellen sind Kommensalen der Schleimhaut des oberen Respirationstrakts. Pr\u00e4disponierend f\u00fcr eine Infektion mit toxinbildenden St\u00e4mmen sind&hellip;<\/p>\n","protected":false},"author":1,"featured_media":0,"parent":920000,"menu_order":32,"comment_status":"closed","ping_status":"closed","template":"","meta":{"_seopress_robots_primary_cat":"","_seopress_titles_title":"","_seopress_titles_desc":"","_seopress_robots_index":"","footnotes":""},"class_list":["post-923200","page","type-page","status-publish","hentry","description-off"],"_links":{"self":[{"href":"https:\/\/laboklin.de\/de\/wp-json\/wp\/v2\/pages\/923200","targetHints":{"allow":["GET"]}}],"collection":[{"href":"https:\/\/laboklin.de\/de\/wp-json\/wp\/v2\/pages"}],"about":[{"href":"https:\/\/laboklin.de\/de\/wp-json\/wp\/v2\/types\/page"}],"author":[{"embeddable":true,"href":"https:\/\/laboklin.de\/de\/wp-json\/wp\/v2\/users\/1"}],"replies":[{"embeddable":true,"href":"https:\/\/laboklin.de\/de\/wp-json\/wp\/v2\/comments?post=923200"}],"version-history":[{"count":10,"href":"https:\/\/laboklin.de\/de\/wp-json\/wp\/v2\/pages\/923200\/revisions"}],"predecessor-version":[{"id":1474795,"href":"https:\/\/laboklin.de\/de\/wp-json\/wp\/v2\/pages\/923200\/revisions\/1474795"}],"up":[{"embeddable":true,"href":"https:\/\/laboklin.de\/de\/wp-json\/wp\/v2\/pages\/920000"}],"wp:attachment":[{"href":"https:\/\/laboklin.de\/de\/wp-json\/wp\/v2\/media?parent=923200"}],"curies":[{"name":"wp","href":"https:\/\/api.w.org\/{rel}","templated":true}]}}