{"id":922800,"date":"2020-10-16T11:36:27","date_gmt":"2020-10-16T09:36:27","guid":{"rendered":"https:\/\/laboklin.de\/de\/mycobacterium-avium-ssp-paratuberculosis"},"modified":"2025-01-24T11:11:13","modified_gmt":"2025-01-24T10:11:13","slug":"mycobacterium-avium-ssp-paratuberculosis","status":"publish","type":"page","link":"https:\/\/laboklin.de\/de\/leistungen\/infektionskrankheiten-erreger-und-antikoerpernachweise\/bakterien\/mycobacterium-avium-ssp-paratuberculosis\/","title":{"rendered":"Mycobacterium avium ssp. paratuberculosis"},"content":{"rendered":"<div class=\"wpb-content-wrapper\"><p>[vc_row][vc_column][vc_column_text css=&#8220;&#8220;]<h3>Leistungsspektrum<\/h3><div class=\"vc_tta-panels-container\"><div class=\"vc_tta-panels\"><li class=\"menu-item sub-page\"><a href=\"https:\/\/laboklin.de\/de\/leistungen\/infektionskrankheiten-erreger-und-antikoerpernachweise\/bakterien\/mycobacterium-avium-ssp-paratuberculosis\/mycobacterium-avium-ssp-paratuberculosis-antikoerper\/\">Mycobacterium avium ssp. paratuberculosis - Antik\u00f6rper<\/a><\/li><li class=\"menu-item sub-page\"><a href=\"https:\/\/laboklin.de\/de\/leistungen\/infektionskrankheiten-erreger-und-antikoerpernachweise\/bakterien\/mycobacterium-avium-ssp-paratuberculosis\/mycobacterium-avium-ssp-paratuberculosis-pcr\/\">Mycobacterium avium ssp. paratuberculosis - PCR<\/a><\/li><\/div><\/div><div class=\"gap\" style=\"line-height: 20px; height: 20px;\"><\/div>\n<p>Mykobakterien siehe <strong><em>\u21d2<\/em><\/strong> \u00a0<a href=\"https:\/\/laboklin.de\/de\/leistungen\/mikrobiologie-parasitologie\/untersuchungen-bei-verdauungsstoerungen-und-diarrhoee\/einzelbestimmungen-bakterien\/\">Untersuchungen bei Verdauungsst\u00f6rungen und Diarrh\u00f6e (Bakterien)<\/a>[\/vc_column_text][\/vc_column][\/vc_row][vc_row][vc_column][vc_column_text css=&#8220;.vc_custom_1604505723605{margin-top: 40px !important;}&#8220;]<\/p>\n<h3>Allgemeine Informationen<\/h3>\n<p>Mycobacterium avium subsp. paratuberculosis (MAP) ist der Erreger der <b><strong>Paratuberkulose<\/strong><\/b>, auch <b><strong>Johne\u2018sche Krankheit<\/strong><\/b> genannt, einer chronisch verlaufenden granulomat\u00f6sen Enteritis von Wiederk\u00e4uern. Die Erkrankung ist weltweit verbreitet. Neben domestizierten Wiederk\u00e4uern (Rind, Schaf, Ziege) k\u00f6nnen auch Wildwiederk\u00e4uer und Kameliden betroffen sein. Auch aus anderen Tierarten wie z.B. Kaninchen, M\u00e4usen, F\u00fcchsen und Frettchen konnte MAP isoliert werden. Der sehr stabile Erreger kann in der Umwelt bis zu ein Jahr infekti\u00f6s bleiben.<\/p>\n<p>Die Infektion erfolgt in der Regel schon im K\u00e4lberalter orof\u00e4kal durch Kontakt mit dem Kot infizierter Tiere, aber auch die Verbreitung \u00fcber Kolostrum und Milch sowie die intrauterine Infektion sind m\u00f6glich.<\/p>\n<p>Die Inkubationszeit ist sehr variabel und kann mehrere Jahre betragen. Erste klinische Anzeichen treten meist erst auf, wenn die Tiere bereits \u00e4lter als 2 Jahre sind. Symptome sind in erster Linie anhaltender, profuser, unstillbarer Durchfall und fortschreitender Gewichtsverlust bei erhaltenem Appetit. Die Paratuberkulose verl\u00e4uft immer letal. Bereits vor dem Auftreten dieser Symptome f\u00fchren Milchleistungsr\u00fcckgang, herabgesetzte Fruchtbarkeit u.\u00e4. zu hohen wirtschaftlichen Verlusten. Nicht alle infizierten Tiere entwickeln klinische Symptome, eine (intermittierende) Ausscheidung des Erregers erfolgt auch durch subklinisch infizierte Tr\u00e4ger. Verd\u00e4chtige Tiere sollten isoliert und bei positivem Befund zeitnah aus dem Bestand eliminiert bzw. geschlachtet werden.<\/p>\n<p>Aufgrund der Variabilit\u00e4t der Untersuchungsergebnisse in Abh\u00e4ngigkeit vom Infektionsstadium werden bei Infektionsverdacht wiederholte Beprobungen empfohlen!<\/p>\n<p>In Deutschland besteht bei Rindern, Schafen und Ziegen <b><strong>Meldepflicht<\/strong><\/b>!<\/p>\n<p>[\/vc_column_text][\/vc_column][\/vc_row]<\/p>\n<\/div>","protected":false},"excerpt":{"rendered":"<p>[vc_row][vc_column][vc_column_text css=&#8220;&#8220;] Mykobakterien siehe \u21d2 \u00a0Untersuchungen bei Verdauungsst\u00f6rungen und Diarrh\u00f6e (Bakterien)[\/vc_column_text][\/vc_column][\/vc_row][vc_row][vc_column][vc_column_text css=&#8220;.vc_custom_1604505723605{margin-top: 40px !important;}&#8220;] Allgemeine Informationen Mycobacterium avium subsp. paratuberculosis (MAP) ist der Erreger der Paratuberkulose, auch Johne\u2018sche Krankheit genannt, einer chronisch verlaufenden granulomat\u00f6sen Enteritis von Wiederk\u00e4uern. Die Erkrankung ist weltweit verbreitet. Neben domestizierten Wiederk\u00e4uern (Rind, Schaf, Ziege) k\u00f6nnen auch Wildwiederk\u00e4uer und Kameliden betroffen sein.&hellip;<\/p>\n","protected":false},"author":1,"featured_media":0,"parent":920000,"menu_order":28,"comment_status":"closed","ping_status":"closed","template":"","meta":{"_seopress_robots_primary_cat":"","_seopress_titles_title":"","_seopress_titles_desc":"","_seopress_robots_index":"","footnotes":""},"class_list":["post-922800","page","type-page","status-publish","hentry","description-off"],"_links":{"self":[{"href":"https:\/\/laboklin.de\/de\/wp-json\/wp\/v2\/pages\/922800","targetHints":{"allow":["GET"]}}],"collection":[{"href":"https:\/\/laboklin.de\/de\/wp-json\/wp\/v2\/pages"}],"about":[{"href":"https:\/\/laboklin.de\/de\/wp-json\/wp\/v2\/types\/page"}],"author":[{"embeddable":true,"href":"https:\/\/laboklin.de\/de\/wp-json\/wp\/v2\/users\/1"}],"replies":[{"embeddable":true,"href":"https:\/\/laboklin.de\/de\/wp-json\/wp\/v2\/comments?post=922800"}],"version-history":[{"count":4,"href":"https:\/\/laboklin.de\/de\/wp-json\/wp\/v2\/pages\/922800\/revisions"}],"predecessor-version":[{"id":1502869,"href":"https:\/\/laboklin.de\/de\/wp-json\/wp\/v2\/pages\/922800\/revisions\/1502869"}],"up":[{"embeddable":true,"href":"https:\/\/laboklin.de\/de\/wp-json\/wp\/v2\/pages\/920000"}],"wp:attachment":[{"href":"https:\/\/laboklin.de\/de\/wp-json\/wp\/v2\/media?parent=922800"}],"curies":[{"name":"wp","href":"https:\/\/api.w.org\/{rel}","templated":true}]}}