{"id":922700,"date":"2020-10-16T11:36:27","date_gmt":"2020-10-16T09:36:27","guid":{"rendered":"https:\/\/laboklin.de\/de\/mrsa-mrsp-methicillin-resistente-staphylokokken"},"modified":"2025-04-29T10:23:30","modified_gmt":"2025-04-29T08:23:30","slug":"mrsa-mrsp-methicillin-resistente-staphylokokken","status":"publish","type":"page","link":"https:\/\/laboklin.de\/de\/leistungen\/infektionskrankheiten-erreger-und-antikoerpernachweise\/bakterien\/mrsa-mrsp-methicillin-resistente-staphylokokken\/","title":{"rendered":"MRSA\/MRSP- Methicillin-resistente Staphylokokken"},"content":{"rendered":"<div class=\"wpb-content-wrapper\"><p>[vc_row][vc_column][vc_column_text]<h3>Leistungsspektrum<\/h3><div class=\"vc_tta-panels-container\"><div class=\"vc_tta-panels\"><li class=\"menu-item sub-page\"><a href=\"https:\/\/laboklin.de\/de\/leistungen\/infektionskrankheiten-erreger-und-antikoerpernachweise\/bakterien\/mrsa-mrsp-methicillin-resistente-staphylokokken\/mrsa-differenzierung\/\">MRSA-Differenzierung<\/a><\/li><li class=\"menu-item sub-page\"><a href=\"https:\/\/laboklin.de\/de\/leistungen\/infektionskrankheiten-erreger-und-antikoerpernachweise\/bakterien\/mrsa-mrsp-methicillin-resistente-staphylokokken\/mrsp-differenzierung\/\">MRSP-Differenzierung<\/a><\/li><\/div><\/div>[\/vc_column_text][\/vc_column][\/vc_row][vc_row][vc_column][vc_column_text css=&#8220;.vc_custom_1745915004077{margin-top: 40px !important;}&#8220;]<\/p>\n<h3>Allgemeine Informationen<\/h3>\n<p style=\"font-weight: 300;\">Erkrankungen durch den Methicillin-resistenten Staphylococcus aureus (<b><strong>MRSA<\/strong><\/b>) sind als sogenannte \u201eNosokomialinfektionen\u201c in der Humanmedizin bekannt und gef\u00fcrchtet. Es handelt sich dabei um Infektionen mit Keimen, die Resistenzen gegen gebr\u00e4uchliche Antibiotika entwickelt haben. Die Keime k\u00f6nnen durch Besucher, Personal, Ger\u00e4te etc. aus den Krankenh\u00e4usern in die Umwelt gelangen. Da die meisten dieser Infektionen des Menschen Zoonosen sind, k\u00f6nnen die Erreger durch den engen Kontakt zwischen Mensch und Tier auch auf die Tiere \u00fcbertragen werden und umgekehrt. Dies f\u00f6rdert wahrscheinlich auch die H\u00e4ufigkeit der MRSA-F\u00e4lle in der Tiermedizin.<\/p>\n<p style=\"font-weight: 300;\">Bei Nutztieren wird MRSA h\u00e4ufig nachgewiesen. 2016 war nur etwa jedes vierte Schwein frei von MRSA. Bei Pferden werden regelm\u00e4\u00dfig Methicillin-resistente Staphylokokken nachgewiesen, ca. jedes vierte Tier war MRSA-Tr\u00e4ger (Zoonosenmonitoring 2019). H\u00e4ufig kann MRSA beispielsweise aus Wunden isoliert werden. Bei den landwirtschaftlichen <b><strong>Nutztieren<\/strong><\/b> kommen \u00fcberwiegend MRSA einer bestimmten Linie vor, so dass von livestock-associated oder laMRSA gesprochen wird. laMRSA geh\u00f6ren \u00fcberwiegend der Klonalit\u00e4t CC398 an und waren 2017 f\u00fcr 8 % und 2018 f\u00fcr 5 % der MRSA-F\u00e4lle beim Menschen verantwortlich. In viehdichten Regionen verursachen laMRSA steigende Zahlen humaner MRSA-F\u00e4lle. Personen mit engem Tierkontakt einschlie\u00dflich der Tier\u00e4rzte und Tier\u00e4rztinnen sind besonders gef\u00e4hrdet.<\/p>\n<p style=\"font-weight: 300;\">Weit h\u00e4ufiger als MRSA weisen wir bei <b><strong>Kleintieren MRSP<\/strong><\/b> nach, den Methicillin-resistenten Staphylococcus pseudintermedius.<\/p>\n<p>[\/vc_column_text][\/vc_column][\/vc_row]<\/p>\n<\/div>","protected":false},"excerpt":{"rendered":"<p>[vc_row][vc_column][vc_column_text][\/vc_column_text][\/vc_column][\/vc_row][vc_row][vc_column][vc_column_text css=&#8220;.vc_custom_1745915004077{margin-top: 40px !important;}&#8220;] Allgemeine Informationen Erkrankungen durch den Methicillin-resistenten Staphylococcus aureus (MRSA) sind als sogenannte \u201eNosokomialinfektionen\u201c in der Humanmedizin bekannt und gef\u00fcrchtet. Es handelt sich dabei um Infektionen mit Keimen, die Resistenzen gegen gebr\u00e4uchliche Antibiotika entwickelt haben. Die Keime k\u00f6nnen durch Besucher, Personal, Ger\u00e4te etc. aus den Krankenh\u00e4usern in die Umwelt gelangen. Da die&hellip;<\/p>\n","protected":false},"author":1,"featured_media":0,"parent":920000,"menu_order":27,"comment_status":"closed","ping_status":"closed","template":"","meta":{"_seopress_robots_primary_cat":"","_seopress_titles_title":"","_seopress_titles_desc":"","_seopress_robots_index":"","footnotes":""},"class_list":["post-922700","page","type-page","status-publish","hentry","description-off"],"_links":{"self":[{"href":"https:\/\/laboklin.de\/de\/wp-json\/wp\/v2\/pages\/922700","targetHints":{"allow":["GET"]}}],"collection":[{"href":"https:\/\/laboklin.de\/de\/wp-json\/wp\/v2\/pages"}],"about":[{"href":"https:\/\/laboklin.de\/de\/wp-json\/wp\/v2\/types\/page"}],"author":[{"embeddable":true,"href":"https:\/\/laboklin.de\/de\/wp-json\/wp\/v2\/users\/1"}],"replies":[{"embeddable":true,"href":"https:\/\/laboklin.de\/de\/wp-json\/wp\/v2\/comments?post=922700"}],"version-history":[{"count":7,"href":"https:\/\/laboklin.de\/de\/wp-json\/wp\/v2\/pages\/922700\/revisions"}],"predecessor-version":[{"id":1522656,"href":"https:\/\/laboklin.de\/de\/wp-json\/wp\/v2\/pages\/922700\/revisions\/1522656"}],"up":[{"embeddable":true,"href":"https:\/\/laboklin.de\/de\/wp-json\/wp\/v2\/pages\/920000"}],"wp:attachment":[{"href":"https:\/\/laboklin.de\/de\/wp-json\/wp\/v2\/media?parent=922700"}],"curies":[{"name":"wp","href":"https:\/\/api.w.org\/{rel}","templated":true}]}}