{"id":922301,"date":"2020-10-16T11:36:27","date_gmt":"2020-10-16T09:36:27","guid":{"rendered":"https:\/\/laboklin.de\/de\/leptospiren-pcr"},"modified":"2025-02-03T09:24:29","modified_gmt":"2025-02-03T08:24:29","slug":"leptospiren-pcr","status":"publish","type":"page","link":"https:\/\/laboklin.de\/de\/leistungen\/infektionskrankheiten-erreger-und-antikoerpernachweise\/bakterien\/leptospiren\/leptospiren-pcr\/","title":{"rendered":"Leptospiren &#8211; PCR"},"content":{"rendered":"<h3 class=\"csc-firstHeader\">Leptospiren - PCR<\/h3><p><span>LABOKLIN Leistungs-ID: 8031<\/span><\/p><table class=\"tx-laboklinleistung-table contenttable contenttable-2\" style=\"margin-top: 35px;\"><tr><td class=\"td-0\"><strong>Material<\/strong><\/td><td class=\"td-1\"><p class=\"bodytext\">Harn + EDTA-Blut (Bakteri\u00e4mie nur zu Beginn der Infektion!), Gewebe (Niere, Abortmaterial) <br>au\u00dferdem: <strong>Nutztier<\/strong>: Milch, Sperma<br><strong>Pferd<\/strong>: Kammerwasser, Glask\u00f6rpermaterial<\/p><\/td><\/tr><tr><td class=\"td-0\"><strong>Methode<\/strong><\/td><td class=\"td-1\"><p class=\"bodytext\">realtime PCR<\/p><\/td><\/tr><tr><td class=\"td-0\"><strong>Dauer<\/strong><\/td><td class=\"td-1\"><p class=\"bodytext\">1 - 3 Tage<\/p><\/td><\/tr><tr><td class=\"td-0\"><strong>Anmerkung<\/strong><\/td><td class=\"td-1\"><p class=\"bodytext\"><ul><li><strong>Schweiz:<\/strong> keine amtliche Untersuchung<\/li><\/ul><\/p><\/td><\/tr><\/table>\n","protected":false},"excerpt":{"rendered":"<p>Leptospiren &#8211; PCRLABOKLIN Leistungs-ID: 8031MaterialHarn + EDTA-Blut (Bakteri\u00e4mie nur zu Beginn der Infektion!), Gewebe (Niere, Abortmaterial) au\u00dferdem: Nutztier: Milch, SpermaPferd: Kammerwasser, Glask\u00f6rpermaterialMethoderealtime PCRDauer1 &#8211; 3 TageAnmerkungSchweiz: keine amtliche Untersuchung<\/p>\n","protected":false},"author":1,"featured_media":0,"parent":922300,"menu_order":1,"comment_status":"closed","ping_status":"closed","template":"","meta":{"_seopress_robots_primary_cat":"","_seopress_titles_title":"","_seopress_titles_desc":"","_seopress_robots_index":"","footnotes":""},"class_list":["post-922301","page","type-page","status-publish","hentry","description-off"],"_links":{"self":[{"href":"https:\/\/laboklin.de\/de\/wp-json\/wp\/v2\/pages\/922301","targetHints":{"allow":["GET"]}}],"collection":[{"href":"https:\/\/laboklin.de\/de\/wp-json\/wp\/v2\/pages"}],"about":[{"href":"https:\/\/laboklin.de\/de\/wp-json\/wp\/v2\/types\/page"}],"author":[{"embeddable":true,"href":"https:\/\/laboklin.de\/de\/wp-json\/wp\/v2\/users\/1"}],"replies":[{"embeddable":true,"href":"https:\/\/laboklin.de\/de\/wp-json\/wp\/v2\/comments?post=922301"}],"version-history":[{"count":1,"href":"https:\/\/laboklin.de\/de\/wp-json\/wp\/v2\/pages\/922301\/revisions"}],"predecessor-version":[{"id":1505949,"href":"https:\/\/laboklin.de\/de\/wp-json\/wp\/v2\/pages\/922301\/revisions\/1505949"}],"up":[{"embeddable":true,"href":"https:\/\/laboklin.de\/de\/wp-json\/wp\/v2\/pages\/922300"}],"wp:attachment":[{"href":"https:\/\/laboklin.de\/de\/wp-json\/wp\/v2\/media?parent=922301"}],"curies":[{"name":"wp","href":"https:\/\/api.w.org\/{rel}","templated":true}]}}