{"id":922100,"date":"2020-10-16T11:36:27","date_gmt":"2020-10-16T09:36:27","guid":{"rendered":"https:\/\/laboklin.de\/de\/histophilus-somni"},"modified":"2023-03-19T21:21:24","modified_gmt":"2023-03-19T20:21:24","slug":"histophilus-somni","status":"publish","type":"page","link":"https:\/\/laboklin.de\/de\/leistungen\/infektionskrankheiten-erreger-und-antikoerpernachweise\/bakterien\/histophilus-somni\/","title":{"rendered":"Histophilus somni"},"content":{"rendered":"<div class=\"wpb-content-wrapper\"><p>[vc_row][vc_column][vc_column_text]<h3>Leistungsspektrum<\/h3><div class=\"vc_tta-panels-container\"><div class=\"vc_tta-panels\"><li class=\"menu-item sub-page\"><a href=\"https:\/\/laboklin.de\/de\/leistungen\/infektionskrankheiten-erreger-und-antikoerpernachweise\/bakterien\/histophilus-somni\/histophilus-somni-pcr\/\">Histophilus somni - PCR<\/a><\/li><\/div><\/div>\n<div class=\"gap\" style=\"line-height: 20px; height: 20px;\"><\/div>\n<p>Die Anforderung des kulturellen Nachweises aus einen tiefen Abstrich (Tupfer mit Medium), BAL und Gewebe erfolgt \u00fcber die Leistung <a href=\"\/de\/leistungen\/mikrobiologie-parasitologie\/bakteriologie-mykologie\/abstriche-punktate-milch-blut\/bakteriologie-aerob\/\">Bakteriologie<\/a>.[\/vc_column_text][\/vc_column][\/vc_row][vc_row][vc_column][vc_column_text css=&#8220;.vc_custom_1663938277567{margin-top: 30px !important;}&#8220;]<\/p>\n<h3>Allgemeine Informationen<\/h3>\n<p>Histophilus somni (fr\u00fcher Haemophilus somnus) ist ein gramnegative St\u00e4bchenbakterium der Familie Pasteurellaceae. W\u00e4hrend einige Histophilus-somni-St\u00e4mme Kommensalen der Schleimhaut des oberen Respirations- und Reproduktionstraktes bei Rindern, Schafen und anderen Wiederk\u00e4uern sind, breiten sich pathogene St\u00e4mme systemisch aus und k\u00f6nnen schwere Erkrankungen wie Pneumonie, thrombozytische Meningoencephalitis, Myokarditis, Septik\u00e4mie, Arthritis und Aborte verursachen oder zusammen mit Mannheimia haemolytica die Faktorenkrankheit enzootische Bronchopneumonie ausl\u00f6sen.[\/vc_column_text][\/vc_column][\/vc_row]<\/p>\n<\/div>","protected":false},"excerpt":{"rendered":"<p>[vc_row][vc_column][vc_column_text] Die Anforderung des kulturellen Nachweises aus einen tiefen Abstrich (Tupfer mit Medium), BAL und Gewebe erfolgt \u00fcber die Leistung Bakteriologie.[\/vc_column_text][\/vc_column][\/vc_row][vc_row][vc_column][vc_column_text css=&#8220;.vc_custom_1663938277567{margin-top: 30px !important;}&#8220;] Allgemeine Informationen Histophilus somni (fr\u00fcher Haemophilus somnus) ist ein gramnegative St\u00e4bchenbakterium der Familie Pasteurellaceae. W\u00e4hrend einige Histophilus-somni-St\u00e4mme Kommensalen der Schleimhaut des oberen Respirations- und Reproduktionstraktes bei Rindern, Schafen und anderen Wiederk\u00e4uern&hellip;<\/p>\n","protected":false},"author":1,"featured_media":0,"parent":920000,"menu_order":21,"comment_status":"closed","ping_status":"closed","template":"","meta":{"_seopress_robots_primary_cat":"","_seopress_titles_title":"","_seopress_titles_desc":"","_seopress_robots_index":"","footnotes":""},"class_list":["post-922100","page","type-page","status-publish","hentry","description-off"],"_links":{"self":[{"href":"https:\/\/laboklin.de\/de\/wp-json\/wp\/v2\/pages\/922100","targetHints":{"allow":["GET"]}}],"collection":[{"href":"https:\/\/laboklin.de\/de\/wp-json\/wp\/v2\/pages"}],"about":[{"href":"https:\/\/laboklin.de\/de\/wp-json\/wp\/v2\/types\/page"}],"author":[{"embeddable":true,"href":"https:\/\/laboklin.de\/de\/wp-json\/wp\/v2\/users\/1"}],"replies":[{"embeddable":true,"href":"https:\/\/laboklin.de\/de\/wp-json\/wp\/v2\/comments?post=922100"}],"version-history":[{"count":8,"href":"https:\/\/laboklin.de\/de\/wp-json\/wp\/v2\/pages\/922100\/revisions"}],"predecessor-version":[{"id":1428000,"href":"https:\/\/laboklin.de\/de\/wp-json\/wp\/v2\/pages\/922100\/revisions\/1428000"}],"up":[{"embeddable":true,"href":"https:\/\/laboklin.de\/de\/wp-json\/wp\/v2\/pages\/920000"}],"wp:attachment":[{"href":"https:\/\/laboklin.de\/de\/wp-json\/wp\/v2\/media?parent=922100"}],"curies":[{"name":"wp","href":"https:\/\/api.w.org\/{rel}","templated":true}]}}