{"id":921500,"date":"2020-10-16T11:36:27","date_gmt":"2020-10-16T09:36:27","guid":{"rendered":"https:\/\/laboklin.de\/de\/dermatophilus-congolensis"},"modified":"2025-02-03T09:17:27","modified_gmt":"2025-02-03T08:17:27","slug":"dermatophilus-congolensis","status":"publish","type":"page","link":"https:\/\/laboklin.de\/de\/leistungen\/infektionskrankheiten-erreger-und-antikoerpernachweise\/bakterien\/dermatophilus-congolensis\/","title":{"rendered":"Dermatophilus congolensis"},"content":{"rendered":"<h3>Leistungsspektrum<\/h3><div class=\"vc_tta-panels-container\"><div class=\"vc_tta-panels\"><li class=\"menu-item sub-page\"><a href=\"https:\/\/laboklin.de\/de\/leistungen\/infektionskrankheiten-erreger-und-antikoerpernachweise\/bakterien\/dermatophilus-congolensis\/dermatophilus-congolensis-pcr\/\">Dermatophilus congolensis - PCR<\/a><\/li><\/div><\/div>\n<h3><div class=\"gap\" style=\"line-height: 20px; height: 20px;\"><\/div><\/h3>\n<h3>Allgemeine Informationen<\/h3>\n<p>Dermatophilus congolensis ist der Erreger der Dermatophilose, auch Regenekzem, Regenr\u00e4ude oder Schlechtwetterdermatitis genannt. Es handelt sich um grampositives, fakultativ anaerobes Bakterium aus der Klasse der Aktinomyzeten.<\/p>\n<p>Klinisch\u00a0zeigen sich erst Papeln, sp\u00e4ter\u00a0Pusteln und ein ser\u00f6ses Exsudat, welches Verklebungen der Haare und ein b\u00fcscheliges, pinselartiges Aussehen verursacht. Es bilden sich Krusten mit darunterliegendem Exsudat. Ganze Haarb\u00fcschel k\u00f6nnen leicht aus den ver\u00e4nderten Bereichen gezupft werden. Die Ver\u00e4nderungen sind in der Regel nicht juckend, aber oft schmerzhaft.<\/p>\n<p>Es handelt sich um eine Faktorenkrankheit: Bei anhaltendem Regen kommt es\u00a0vermehrt zu klinischen F\u00e4llen. Die \u00fcberm\u00e4\u00dfige Feuchtigkeit f\u00fchrt zur Aufweichung der Epidermis und damit zu einer Vorsch\u00e4digung der Haut, die f\u00fcr das Eindringen der Bakterien notwendig ist.\u00a0Ebenso sind Hautsch\u00e4den durch Verletzungen oder stechende bzw. bei\u00dfende Insekten pr\u00e4disponierend.<\/p>\n<p>Eine \u00dcbertragung erfolgt am h\u00e4ufigsten durch direkten Kontakt zu infizierten Tieren, aber auch indirekt \u00fcber Arthropoden und unbelebte Vektoren wie B\u00fcrsten.<\/p>\n<p>&nbsp;<\/p>\n<p>&nbsp;<\/p>\n","protected":false},"excerpt":{"rendered":"<p>Allgemeine Informationen Dermatophilus congolensis ist der Erreger der Dermatophilose, auch Regenekzem, Regenr\u00e4ude oder Schlechtwetterdermatitis genannt. Es handelt sich um grampositives, fakultativ anaerobes Bakterium aus der Klasse der Aktinomyzeten. Klinisch\u00a0zeigen sich erst Papeln, sp\u00e4ter\u00a0Pusteln und ein ser\u00f6ses Exsudat, welches Verklebungen der Haare und ein b\u00fcscheliges, pinselartiges Aussehen verursacht. Es bilden sich Krusten mit darunterliegendem Exsudat. Ganze&hellip;<\/p>\n","protected":false},"author":1,"featured_media":0,"parent":920000,"menu_order":15,"comment_status":"closed","ping_status":"closed","template":"","meta":{"_seopress_robots_primary_cat":"","_seopress_titles_title":"","_seopress_titles_desc":"","_seopress_robots_index":"","footnotes":""},"class_list":["post-921500","page","type-page","status-publish","hentry","description-off"],"_links":{"self":[{"href":"https:\/\/laboklin.de\/de\/wp-json\/wp\/v2\/pages\/921500","targetHints":{"allow":["GET"]}}],"collection":[{"href":"https:\/\/laboklin.de\/de\/wp-json\/wp\/v2\/pages"}],"about":[{"href":"https:\/\/laboklin.de\/de\/wp-json\/wp\/v2\/types\/page"}],"author":[{"embeddable":true,"href":"https:\/\/laboklin.de\/de\/wp-json\/wp\/v2\/users\/1"}],"replies":[{"embeddable":true,"href":"https:\/\/laboklin.de\/de\/wp-json\/wp\/v2\/comments?post=921500"}],"version-history":[{"count":4,"href":"https:\/\/laboklin.de\/de\/wp-json\/wp\/v2\/pages\/921500\/revisions"}],"predecessor-version":[{"id":1488648,"href":"https:\/\/laboklin.de\/de\/wp-json\/wp\/v2\/pages\/921500\/revisions\/1488648"}],"up":[{"embeddable":true,"href":"https:\/\/laboklin.de\/de\/wp-json\/wp\/v2\/pages\/920000"}],"wp:attachment":[{"href":"https:\/\/laboklin.de\/de\/wp-json\/wp\/v2\/media?parent=921500"}],"curies":[{"name":"wp","href":"https:\/\/api.w.org\/{rel}","templated":true}]}}