{"id":921400,"date":"2020-10-16T11:36:27","date_gmt":"2020-10-16T09:36:27","guid":{"rendered":"https:\/\/laboklin.de\/de\/coxiella"},"modified":"2022-10-19T16:28:33","modified_gmt":"2022-10-19T14:28:33","slug":"coxiella","status":"publish","type":"page","link":"https:\/\/laboklin.de\/de\/leistungen\/infektionskrankheiten-erreger-und-antikoerpernachweise\/bakterien\/coxiella\/","title":{"rendered":"Coxiella"},"content":{"rendered":"<div class=\"wpb-content-wrapper\"><p>[vc_row][vc_column][vc_column_text]<h3>Leistungsspektrum<\/h3><div class=\"vc_tta-panels-container\"><div class=\"vc_tta-panels\"><li class=\"menu-item sub-page\"><a href=\"https:\/\/laboklin.de\/de\/leistungen\/infektionskrankheiten-erreger-und-antikoerpernachweise\/bakterien\/coxiella\/coxiella-burnetii-pcr\/\">Coxiella burnetii - PCR<\/a><\/li><li class=\"menu-item sub-page\"><a href=\"https:\/\/laboklin.de\/de\/leistungen\/infektionskrankheiten-erreger-und-antikoerpernachweise\/bakterien\/coxiella\/coxiella-burnetii-antikoerper\/\">Coxiella burnetii - Antik\u00f6rper<\/a><\/li><\/div><\/div>[\/vc_column_text][\/vc_column][\/vc_row][vc_row][vc_column][vc_column_text css=&#8220;.vc_custom_1663937799644{margin-top: 30px !important;}&#8220;]<\/p>\n<h3>Allgemeine Informationen<\/h3>\n<p>Coxiella burnetii ist ein obligat intrazellul\u00e4r lebendes, gramnegatives Bakterium und der Erreger des Q-Fiebers. Der Erreger ist hochinfekti\u00f6s, bereits eine geringe Erregermenge reicht f\u00fcr eine Infektion aus.<\/p>\n<p>Coxiella burnetii ist weltweit verbreitet und weist ein gro\u00dfes Wirtsspektrum auf, zu dem neben Wiederk\u00e4uern, Hund, Katze, Nagetieren und V\u00f6geln auch der Mensch geh\u00f6rt (Zoonose!). Eine Infektion beim Menschen verl\u00e4uft h\u00e4ufig subklinisch, klinische Verl\u00e4ufe gehen meist mit unspezifischen, aber schweren grippe\u00e4hnlichen Symptomen einher. Daneben sind auch chronische Formen mit Endokarditis, Hepatitis oder Beteiligung des ZNS beschrieben. Betroffen sind v.a. Personen, die Kontakt zu Wiederk\u00e4uern haben (beispielsweise Tier\u00e4rzte, Landwirte, Schlachthofpersonal etc.).<\/p>\n<p>Bei Wiederk\u00e4uern repliziert Coxiella burnetii im weiblichen Genitaltrakt und im Euter. Die Ausscheidung erfolgt intermittierend oder persistierend \u00fcber Uterussekrete, Fruchtwasser und Abortmaterial, aber auch \u00fcber Urin, Faeces und Milch. W\u00e4hrend der Replikation werden sporen\u00e4hnliche Dauerformen ausgebildet, die in der Umwelt sehr lange \u00fcber\u00adleben k\u00f6nnen. Eine \u00dcbertragung findet v.a. durch Inhalation von erregerhaltigem Staub, aber auch durch direkten Kontakt zu infizierten Tieren statt. Auch Zecken k\u00f6nnen \u00dcber\u00adtr\u00e4ger von Coxiella burnetii sein, wobei v.a. der Zeckenkot infekti\u00f6s ist. Wenn es bei Tieren zu klinischen Symptomen kommt, so sind diese Nachgeburtsverhalten, Metritis, Fruchttod, Sp\u00e4taborte, Totgeburten mit nachfolgender Infertilit\u00e4t oder Geburt lebensschwacher K\u00e4lber.<\/p>\n<p>Bei Rindern, Schafen, Ziegen und anderen Wiederk\u00e4uern besteht in Deutschland <strong>Meldepflicht! <\/strong>[\/vc_column_text][\/vc_column][\/vc_row]<\/p>\n<\/div>","protected":false},"excerpt":{"rendered":"<p>[vc_row][vc_column][vc_column_text][\/vc_column_text][\/vc_column][\/vc_row][vc_row][vc_column][vc_column_text css=&#8220;.vc_custom_1663937799644{margin-top: 30px !important;}&#8220;] Allgemeine Informationen Coxiella burnetii ist ein obligat intrazellul\u00e4r lebendes, gramnegatives Bakterium und der Erreger des Q-Fiebers. Der Erreger ist hochinfekti\u00f6s, bereits eine geringe Erregermenge reicht f\u00fcr eine Infektion aus. Coxiella burnetii ist weltweit verbreitet und weist ein gro\u00dfes Wirtsspektrum auf, zu dem neben Wiederk\u00e4uern, Hund, Katze, Nagetieren und V\u00f6geln auch der&hellip;<\/p>\n","protected":false},"author":1,"featured_media":0,"parent":920000,"menu_order":14,"comment_status":"closed","ping_status":"closed","template":"","meta":{"_seopress_robots_primary_cat":"","_seopress_titles_title":"","_seopress_titles_desc":"","_seopress_robots_index":"","footnotes":""},"class_list":["post-921400","page","type-page","status-publish","hentry","description-off"],"_links":{"self":[{"href":"https:\/\/laboklin.de\/de\/wp-json\/wp\/v2\/pages\/921400","targetHints":{"allow":["GET"]}}],"collection":[{"href":"https:\/\/laboklin.de\/de\/wp-json\/wp\/v2\/pages"}],"about":[{"href":"https:\/\/laboklin.de\/de\/wp-json\/wp\/v2\/types\/page"}],"author":[{"embeddable":true,"href":"https:\/\/laboklin.de\/de\/wp-json\/wp\/v2\/users\/1"}],"replies":[{"embeddable":true,"href":"https:\/\/laboklin.de\/de\/wp-json\/wp\/v2\/comments?post=921400"}],"version-history":[{"count":4,"href":"https:\/\/laboklin.de\/de\/wp-json\/wp\/v2\/pages\/921400\/revisions"}],"predecessor-version":[{"id":1318552,"href":"https:\/\/laboklin.de\/de\/wp-json\/wp\/v2\/pages\/921400\/revisions\/1318552"}],"up":[{"embeddable":true,"href":"https:\/\/laboklin.de\/de\/wp-json\/wp\/v2\/pages\/920000"}],"wp:attachment":[{"href":"https:\/\/laboklin.de\/de\/wp-json\/wp\/v2\/media?parent=921400"}],"curies":[{"name":"wp","href":"https:\/\/api.w.org\/{rel}","templated":true}]}}