{"id":921302,"date":"2020-10-16T11:36:27","date_gmt":"2020-10-16T09:36:27","guid":{"rendered":"https:\/\/laboklin.de\/de\/clostridium-perfringens-enterotoxin"},"modified":"2025-02-03T09:13:26","modified_gmt":"2025-02-03T08:13:26","slug":"clostridium-perfringens-enterotoxin-eia","status":"publish","type":"page","link":"https:\/\/laboklin.de\/de\/leistungen\/infektionskrankheiten-erreger-und-antikoerpernachweise\/bakterien\/clostridien\/clostridium-perfringens-enterotoxin-eia\/","title":{"rendered":"Clostridium perfringens-Enterotoxin &#8211; EIA"},"content":{"rendered":"<h3 class=\"csc-firstHeader\">Clostridium perfringens-Enterotoxin - EIA<\/h3><p><span>LABOKLIN Leistungs-ID: 188<\/span><\/p><table class=\"tx-laboklinleistung-table contenttable contenttable-2\" style=\"margin-top: 35px;\"><tr><td class=\"td-0\"><strong>Material<\/strong><\/td><td class=\"td-1\"><p class=\"bodytext\">Faeces<\/p><\/td><\/tr><tr><td class=\"td-0\"><strong>Methode<\/strong><\/td><td class=\"td-1\"><p class=\"bodytext\">ELISA<\/p><\/td><\/tr><tr><td class=\"td-0\"><strong>Dauer<\/strong><\/td><td class=\"td-1\"><p class=\"bodytext\">1 - 2 Tage<\/p><\/td><\/tr><tr><td class=\"td-0\"><strong>Anmerkung<\/strong><\/td><td class=\"td-1\"><p class=\"bodytext\"><ul><li>Bestimmung ist vor allem im Rahmen einer Colitis angezeigt. <\/li><li>Mindestens kirschgro\u00dfe Faecesprobe einsenden.<\/li> <li>Clostridium-perfringens-Enterotoxin kann beim <strong> Fleischfresser <\/strong> Durchfall und Erbrechen unterschiedlicher Schwere verursachen, eine Enterotox\u00e4mie ist selten. Ausgel\u00f6st wird die Toxinbildung durch Antibiotikagabe, Stress, Koinfektionen oder insbesondere durch eine unausgewogene protein- und bindegewebsreiche Nahrung.<\/li><li>Bei <strong> Nutztieren <\/strong> spielt es eine zunehmende Rolle, es kommt v.a. zu gravierenden Jungtierkrankheiten bei K\u00e4lbern, L\u00e4mmern (L\u00e4mmerruhr) oder Saugferkeln (nekrotisierende Enteritis). \u00c4ltere Tiere sind von der Clostridiose (Rind), Breinierenkrankheit (Schaf), Struck (Schaf) oder sporadischen katarrhalischen und h\u00e4morrhagischen Enteritiden (Schwein) betroffen.<\/li><\/ul><\/p><\/td><\/tr><\/table>\n","protected":false},"excerpt":{"rendered":"<p>Clostridium perfringens-Enterotoxin &#8211; EIALABOKLIN Leistungs-ID: 188MaterialFaecesMethodeELISADauer1 &#8211; 2 TageAnmerkungBestimmung ist vor allem im Rahmen einer Colitis angezeigt. Mindestens kirschgro\u00dfe Faecesprobe einsenden. Clostridium-perfringens-Enterotoxin kann beim Fleischfresser Durchfall und Erbrechen unterschiedlicher Schwere verursachen, eine Enterotox\u00e4mie ist selten. Ausgel\u00f6st wird die Toxinbildung durch Antibiotikagabe, Stress, Koinfektionen oder insbesondere durch eine unausgewogene protein- und bindegewebsreiche Nahrung.Bei Nutztieren spielt es&hellip;<\/p>\n","protected":false},"author":1,"featured_media":0,"parent":921300,"menu_order":2,"comment_status":"closed","ping_status":"closed","template":"","meta":{"_seopress_robots_primary_cat":"","_seopress_titles_title":"","_seopress_titles_desc":"","_seopress_robots_index":"","footnotes":""},"class_list":["post-921302","page","type-page","status-publish","hentry","description-off"],"_links":{"self":[{"href":"https:\/\/laboklin.de\/de\/wp-json\/wp\/v2\/pages\/921302","targetHints":{"allow":["GET"]}}],"collection":[{"href":"https:\/\/laboklin.de\/de\/wp-json\/wp\/v2\/pages"}],"about":[{"href":"https:\/\/laboklin.de\/de\/wp-json\/wp\/v2\/types\/page"}],"author":[{"embeddable":true,"href":"https:\/\/laboklin.de\/de\/wp-json\/wp\/v2\/users\/1"}],"replies":[{"embeddable":true,"href":"https:\/\/laboklin.de\/de\/wp-json\/wp\/v2\/comments?post=921302"}],"version-history":[{"count":1,"href":"https:\/\/laboklin.de\/de\/wp-json\/wp\/v2\/pages\/921302\/revisions"}],"predecessor-version":[{"id":1482808,"href":"https:\/\/laboklin.de\/de\/wp-json\/wp\/v2\/pages\/921302\/revisions\/1482808"}],"up":[{"embeddable":true,"href":"https:\/\/laboklin.de\/de\/wp-json\/wp\/v2\/pages\/921300"}],"wp:attachment":[{"href":"https:\/\/laboklin.de\/de\/wp-json\/wp\/v2\/media?parent=921302"}],"curies":[{"name":"wp","href":"https:\/\/api.w.org\/{rel}","templated":true}]}}