{"id":921300,"date":"2020-10-16T11:36:27","date_gmt":"2020-10-16T09:36:27","guid":{"rendered":"https:\/\/laboklin.de\/de\/clostridien"},"modified":"2024-05-14T09:18:08","modified_gmt":"2024-05-14T07:18:08","slug":"clostridien","status":"publish","type":"page","link":"https:\/\/laboklin.de\/de\/leistungen\/infektionskrankheiten-erreger-und-antikoerpernachweise\/bakterien\/clostridien\/","title":{"rendered":"Clostridien"},"content":{"rendered":"<div class=\"wpb-content-wrapper\"><p>[vc_row][vc_column][vc_column_text]<h3>Leistungsspektrum<\/h3><div class=\"vc_tta-panels-container\"><div class=\"vc_tta-panels\"><li class=\"menu-item sub-page\"><a href=\"https:\/\/laboklin.de\/de\/leistungen\/infektionskrankheiten-erreger-und-antikoerpernachweise\/bakterien\/clostridien\/clostridioides-difficile-toxin-a-und-b-eia\/\">Clostridioides difficile-Toxin A + B - EIA<\/a><\/li><li class=\"menu-item sub-page\"><a href=\"https:\/\/laboklin.de\/de\/leistungen\/infektionskrankheiten-erreger-und-antikoerpernachweise\/bakterien\/clostridien\/clostridioides-difficile-toxin-a-b-gen-pcr\/\">Clostridioides difficile-Toxin A + B Gen - PCR<\/a><\/li><li class=\"menu-item sub-page\"><a href=\"https:\/\/laboklin.de\/de\/leistungen\/infektionskrankheiten-erreger-und-antikoerpernachweise\/bakterien\/clostridien\/clostridium-botulinum-neurotoxin-antikoerper\/\">Clostridium botulinum-Neurotoxin* - Antik\u00f6rper<\/a><\/li><li class=\"menu-item sub-page\"><a href=\"https:\/\/laboklin.de\/de\/leistungen\/infektionskrankheiten-erreger-und-antikoerpernachweise\/bakterien\/clostridien\/clostridium-perfringens-alphatoxin-gen-pcr\/\">Clostridium perfringens-Alphatoxin-Gen - PCR<\/a><\/li><li class=\"menu-item sub-page\"><a href=\"https:\/\/laboklin.de\/de\/leistungen\/infektionskrankheiten-erreger-und-antikoerpernachweise\/bakterien\/clostridien\/clostridium-perfringens-enterotoxin-eia\/\">Clostridium perfringens-Enterotoxin - EIA<\/a><\/li><li class=\"menu-item sub-page\"><a href=\"https:\/\/laboklin.de\/de\/leistungen\/infektionskrankheiten-erreger-und-antikoerpernachweise\/bakterien\/clostridien\/clostridium-perfringens-enterotoxin-gen-pcr\/\">Clostridium perfringens-Enterotoxin-Gen - PCR<\/a><\/li><li class=\"menu-item sub-page\"><a href=\"https:\/\/laboklin.de\/de\/leistungen\/infektionskrankheiten-erreger-und-antikoerpernachweise\/bakterien\/clostridien\/clostridium-perfringens-nete-gen-pcr\/\">Clostridium perfringens-netE-Gen - PCR<\/a><\/li><li class=\"menu-item sub-page\"><a href=\"https:\/\/laboklin.de\/de\/leistungen\/infektionskrankheiten-erreger-und-antikoerpernachweise\/bakterien\/clostridien\/clostridium-perfringens-netf-gen-pcr\/\">Clostridium perfringens-netF-Gen - PCR<\/a><\/li><li class=\"menu-item sub-page\"><a href=\"https:\/\/laboklin.de\/de\/leistungen\/infektionskrankheiten-erreger-und-antikoerpernachweise\/bakterien\/clostridien\/clostridium-tetani-neurotoxin-antikoerper\/\">Clostridium tetani-Neurotoxin - Antik\u00f6rper<\/a><\/li><\/div><\/div>[\/vc_column_text][\/vc_column][\/vc_row][vc_row][vc_column][vc_column_text css=&#8220;.vc_custom_1715671084300{margin-top: 30px !important;margin-bottom: 30px !important;}&#8220;]Untersuchung auf weitere Clostridien auf Anfrage.<\/p>\n<h3><div class=\"gap\" style=\"line-height: 20px; height: 20px;\"><\/div>Allgemeine Informationen<\/h3>\n<p>Clostridien sind obligat anaerobe grampositive sporenbildende St\u00e4bchenbakterien.<br \/>\nPathogene Clostridien l\u00f6sen Infektions- und Intoxikationskrankheiten aus; Letzteres durch Entero- und Neurotoxine. Clostridioides difficile, fr\u00fcher den Clostridien zugeordnet und als Clostridium difficile benannt, wurde zur Gattung Clostridioides zugeordnet.[\/vc_column_text][\/vc_column][\/vc_row]<\/p>\n<\/div>","protected":false},"excerpt":{"rendered":"<p>[vc_row][vc_column][vc_column_text][\/vc_column_text][\/vc_column][\/vc_row][vc_row][vc_column][vc_column_text css=&#8220;.vc_custom_1715671084300{margin-top: 30px !important;margin-bottom: 30px !important;}&#8220;]Untersuchung auf weitere Clostridien auf Anfrage. Allgemeine Informationen Clostridien sind obligat anaerobe grampositive sporenbildende St\u00e4bchenbakterien. Pathogene Clostridien l\u00f6sen Infektions- und Intoxikationskrankheiten aus; Letzteres durch Entero- und Neurotoxine. Clostridioides difficile, fr\u00fcher den Clostridien zugeordnet und als Clostridium difficile benannt, wurde zur Gattung Clostridioides zugeordnet.[\/vc_column_text][\/vc_column][\/vc_row]<\/p>\n","protected":false},"author":1,"featured_media":0,"parent":920000,"menu_order":12,"comment_status":"closed","ping_status":"closed","template":"","meta":{"_seopress_robots_primary_cat":"","_seopress_titles_title":"","_seopress_titles_desc":"","_seopress_robots_index":"","footnotes":""},"class_list":["post-921300","page","type-page","status-publish","hentry","description-off"],"_links":{"self":[{"href":"https:\/\/laboklin.de\/de\/wp-json\/wp\/v2\/pages\/921300","targetHints":{"allow":["GET"]}}],"collection":[{"href":"https:\/\/laboklin.de\/de\/wp-json\/wp\/v2\/pages"}],"about":[{"href":"https:\/\/laboklin.de\/de\/wp-json\/wp\/v2\/types\/page"}],"author":[{"embeddable":true,"href":"https:\/\/laboklin.de\/de\/wp-json\/wp\/v2\/users\/1"}],"replies":[{"embeddable":true,"href":"https:\/\/laboklin.de\/de\/wp-json\/wp\/v2\/comments?post=921300"}],"version-history":[{"count":3,"href":"https:\/\/laboklin.de\/de\/wp-json\/wp\/v2\/pages\/921300\/revisions"}],"predecessor-version":[{"id":1474756,"href":"https:\/\/laboklin.de\/de\/wp-json\/wp\/v2\/pages\/921300\/revisions\/1474756"}],"up":[{"embeddable":true,"href":"https:\/\/laboklin.de\/de\/wp-json\/wp\/v2\/pages\/920000"}],"wp:attachment":[{"href":"https:\/\/laboklin.de\/de\/wp-json\/wp\/v2\/media?parent=921300"}],"curies":[{"name":"wp","href":"https:\/\/api.w.org\/{rel}","templated":true}]}}