{"id":921100,"date":"2020-10-16T11:36:27","date_gmt":"2020-10-16T09:36:27","guid":{"rendered":"https:\/\/laboklin.de\/de\/cand-neoehrlichia-mikurensis"},"modified":"2024-10-08T21:13:15","modified_gmt":"2024-10-08T19:13:15","slug":"neoehrlichia-mikurensis","status":"publish","type":"page","link":"https:\/\/laboklin.de\/de\/leistungen\/infektionskrankheiten-erreger-und-antikoerpernachweise\/bakterien\/neoehrlichia-mikurensis\/","title":{"rendered":"Neoehrlichia mikurensis"},"content":{"rendered":"<div class=\"wpb-content-wrapper\"><p>[vc_row][vc_column][vc_column_text css=&#8220;&#8220;]<h3>Leistungsspektrum<\/h3><div class=\"vc_tta-panels-container\"><div class=\"vc_tta-panels\"><li class=\"menu-item sub-page\"><a href=\"https:\/\/laboklin.de\/de\/leistungen\/infektionskrankheiten-erreger-und-antikoerpernachweise\/bakterien\/neoehrlichia-mikurensis\/neoehrlichia-mikurensis-pcr\/\">Neoehrlichia mikurensis - PCR<\/a><\/li><\/div><\/div>[\/vc_column_text][\/vc_column][\/vc_row][vc_row][vc_column][vc_column_text css=&#8220;.vc_custom_1728411582440{margin-top: 30px !important;}&#8220;]<\/p>\n<h3>Allgemeine Informationen<\/h3>\n<p>Seit 2004 offiziell benannt, handelt es sich bei Neoehrlichia mikurensis um ein obligat intrazellul\u00e4res, gramnegatives Bakterium. Der Erreger zeichnet sich durch einen Endotheltropismus aus, konnte bisher allerdings noch nicht in vitro kultiviert und damit vollst\u00e4ndig beschrieben werden.<\/p>\n<p>Erstmals entdeckt wurde N. mikurensis in Wanderratten auf der japanischen Insel Mikura. Kleins\u00e4uger, wie M\u00e4use und Ratten, dienen vermutlich als Reservoir, die \u00dcbertragung erfolgt h\u00f6chstwahrscheinlich durch Zecken. In Deutschland konnte N. mikurensis in den letzten Jahren mit einer H\u00e4ufigkeit von ca. 2 bis 25 % in Ixodes ricinus-Zecken nachgewiesen werden.<\/p>\n<p>Seit 2007 wird dieser Erreger mit Erkrankungen beim Menschen in Verbindung gebracht. Vor allem \u00e4ltere und immunsupprimierte Menschen waren von der sogenannten Neoehrlichiose betroffen, darunter auch zwei Patienten aus Deutschland. Die Symptome sind unspezifisch, am h\u00e4ufigsten zeigten sich hohes Fieber und Kopfschmerzen sowie Muskel- und Gelenkschmerzen. Auff\u00e4llig war auch das Auftreten von Gef\u00e4\u00dfkomplikationen, wie tiefen Venenthrombosen, Lungenembolien und arteriellen Aneurysmen. Labordiagnostisch zeigte sich vor allem eine Erh\u00f6hung des C-reaktiven Proteins, eine Leukozytose mit Neutrophilie und An\u00e4mie.<\/p>\n<p>Beim Hund gibt es bisher nur einen einzigen Fallbericht, bei dem dieses Bakterium isoliert werden konnte. Es handelt sich um eine acht Jahre alte Irish-Setter-H\u00fcndin nach Ovariohysterektomie und Mastektomie. Postoperativ zeigte sich die H\u00fcndin lethargisch und entwickelte profuse subkutane Blutungen (Diniz et al. 2011).[\/vc_column_text][\/vc_column][\/vc_row]<\/p>\n<\/div>","protected":false},"excerpt":{"rendered":"<p>[vc_row][vc_column][vc_column_text css=&#8220;&#8220;][\/vc_column_text][\/vc_column][\/vc_row][vc_row][vc_column][vc_column_text css=&#8220;.vc_custom_1728411582440{margin-top: 30px !important;}&#8220;] Allgemeine Informationen Seit 2004 offiziell benannt, handelt es sich bei Neoehrlichia mikurensis um ein obligat intrazellul\u00e4res, gramnegatives Bakterium. Der Erreger zeichnet sich durch einen Endotheltropismus aus, konnte bisher allerdings noch nicht in vitro kultiviert und damit vollst\u00e4ndig beschrieben werden. Erstmals entdeckt wurde N. mikurensis in Wanderratten auf der japanischen Insel&hellip;<\/p>\n","protected":false},"author":1,"featured_media":0,"parent":920000,"menu_order":29,"comment_status":"closed","ping_status":"closed","template":"","meta":{"_seopress_robots_primary_cat":"","_seopress_titles_title":"","_seopress_titles_desc":"","_seopress_robots_index":"","footnotes":""},"class_list":["post-921100","page","type-page","status-publish","hentry","description-off"],"_links":{"self":[{"href":"https:\/\/laboklin.de\/de\/wp-json\/wp\/v2\/pages\/921100","targetHints":{"allow":["GET"]}}],"collection":[{"href":"https:\/\/laboklin.de\/de\/wp-json\/wp\/v2\/pages"}],"about":[{"href":"https:\/\/laboklin.de\/de\/wp-json\/wp\/v2\/types\/page"}],"author":[{"embeddable":true,"href":"https:\/\/laboklin.de\/de\/wp-json\/wp\/v2\/users\/1"}],"replies":[{"embeddable":true,"href":"https:\/\/laboklin.de\/de\/wp-json\/wp\/v2\/comments?post=921100"}],"version-history":[{"count":9,"href":"https:\/\/laboklin.de\/de\/wp-json\/wp\/v2\/pages\/921100\/revisions"}],"predecessor-version":[{"id":1488678,"href":"https:\/\/laboklin.de\/de\/wp-json\/wp\/v2\/pages\/921100\/revisions\/1488678"}],"up":[{"embeddable":true,"href":"https:\/\/laboklin.de\/de\/wp-json\/wp\/v2\/pages\/920000"}],"wp:attachment":[{"href":"https:\/\/laboklin.de\/de\/wp-json\/wp\/v2\/media?parent=921100"}],"curies":[{"name":"wp","href":"https:\/\/api.w.org\/{rel}","templated":true}]}}