{"id":921000,"date":"2020-10-16T11:36:27","date_gmt":"2020-10-16T09:36:27","guid":{"rendered":"https:\/\/laboklin.de\/de\/campylobacter"},"modified":"2023-03-19T21:06:21","modified_gmt":"2023-03-19T20:06:21","slug":"campylobacter","status":"publish","type":"page","link":"https:\/\/laboklin.de\/de\/leistungen\/infektionskrankheiten-erreger-und-antikoerpernachweise\/bakterien\/campylobacter\/","title":{"rendered":"Campylobacter"},"content":{"rendered":"<div class=\"wpb-content-wrapper\"><p>[vc_row][vc_column][vc_column_text]<h3>Leistungsspektrum<\/h3><div class=\"vc_tta-panels-container\"><div class=\"vc_tta-panels\"><li class=\"menu-item sub-page\"><a href=\"https:\/\/laboklin.de\/de\/leistungen\/infektionskrankheiten-erreger-und-antikoerpernachweise\/bakterien\/campylobacter\/campylobacter-kultur\/\">Campylobacter - Kultur<\/a><\/li><li class=\"menu-item sub-page\"><a href=\"https:\/\/laboklin.de\/de\/leistungen\/infektionskrankheiten-erreger-und-antikoerpernachweise\/bakterien\/campylobacter\/campylobacter-jejuni-pcr\/\">Campylobacter jejuni - PCR<\/a><\/li><li class=\"menu-item sub-page\"><a href=\"https:\/\/laboklin.de\/de\/leistungen\/infektionskrankheiten-erreger-und-antikoerpernachweise\/bakterien\/campylobacter\/yersinien-und-campylobacter-kultur\/\">Yersinien und Campylobacter - Kultur<\/a><\/li><\/div><\/div>\n<div class=\"gap\" style=\"line-height: 20px; height: 20px;\"><\/div>\n<p>F\u00fcr den Nachweis in Tr\u00e4nkwasser siehe <a href=\"\/de\/leistungen\/wasseruntersuchungen\/traenkwasser\/traenkwasser-mikrobiologische-einzelparameter\/campylobacter-traenkwasser\/\">Campylobacter (Tr\u00e4nkwasser)<\/a>.[\/vc_column_text][\/vc_column][\/vc_row][vc_row][vc_column][vc_column_text css=&#8220;.vc_custom_1604489343002{margin-top: 30px !important;}&#8220;]<\/p>\n<h3>Allgemeine Informationen<\/h3>\n<p class=\"bodytext\">Mehrere Campylobacter-Spezies konnten bei S\u00e4ugetieren, V\u00f6geln und auch Menschen nachgewiesen werden. Einige Arten sind Teil der gastrointestinalen Normalmikrobiota oder ihre Pathogenit\u00e4t ist noch unklar.<br \/>\nBeim <b>Rind<\/b> verursacht C. fetus subsp. veneralis seuchenhafte Aborte und Fruchtbarkeitsst\u00f6rungen (bovine genitale Campylobacteriose, auch Vibrionenseuche des Rindes genannt; <b>Anzeigepflicht<\/b> in Deutschland), C. jejuni kann zu Durchf\u00e4llen oder Mastitis f\u00fchren.<br \/>\nBei<b> Schafen<\/b> ist C. fetus subsp. fetus als Erreger des enzootischen Campylobacter-Aborts bekannt, gelegentliche Aborte durch C. jejuni wurden ebenfalls beschrieben.<br \/>\nBei<b> V\u00f6geln<\/b> liegt die Bedeutung einer Campylobacter-Infektion in der Kontamination von Schlachtk\u00f6rpern und der damit verbundenen Gefahr einer Lebensmittelinfektion. Am h\u00e4ufigsten sind V\u00f6gel mit C. jejuni infiziert. Nur selten kommt es zu Durchf\u00e4llen oder Hepatitis.<br \/>\nBei<b> Hunden und Katzen<\/b> wird C. jejuni des \u00f6fteren bei gesunden Tieren isoliert, kann aber vor allem bei Jungtieren Durchfall verursachen. Die Durchf\u00e4lle sind oft selbstlimitierend. Eine Ansteckungsgefahr stellt das Barfen dar.<br \/>\nBei <b>Menschen<\/b> geh\u00f6rt Campylobacter (v.a. C. jejuni) zu den h\u00e4ufigsten Ursachen bakteriell bedingter Durchf\u00e4lle und ist meist lebensmittelassoziiert (insbes. unzureichendnerhitztes Gefl\u00fcgelfleisch, aber auch nicht pasteurisierte Milch sowie rohes Hackfleisch). Als seltene Komplikationen k\u00f6nnen das Guillain-Barr\u00e9-Syndrom (Polyradikulitis) und reaktive Arthritiden auftreten.<br \/>\nCampylobacter der Spezies C. jejuni, C. coli, C. lari und C. upsaliensis werden zu den thermophilen Campylobacter zusammengefasst. Die Campylobacteriose (thermophile Campylobacter) unterliegt in Deutschland bei Hunden, Katzen, Wiederk\u00e4uern und Gefl\u00fcgel der <b>Meldepflicht<\/b>.<\/p>\n<p>[\/vc_column_text][\/vc_column][\/vc_row]<\/p>\n<\/div>","protected":false},"excerpt":{"rendered":"<p>[vc_row][vc_column][vc_column_text] F\u00fcr den Nachweis in Tr\u00e4nkwasser siehe Campylobacter (Tr\u00e4nkwasser).[\/vc_column_text][\/vc_column][\/vc_row][vc_row][vc_column][vc_column_text css=&#8220;.vc_custom_1604489343002{margin-top: 30px !important;}&#8220;] Allgemeine Informationen Mehrere Campylobacter-Spezies konnten bei S\u00e4ugetieren, V\u00f6geln und auch Menschen nachgewiesen werden. Einige Arten sind Teil der gastrointestinalen Normalmikrobiota oder ihre Pathogenit\u00e4t ist noch unklar. Beim Rind verursacht C. fetus subsp. veneralis seuchenhafte Aborte und Fruchtbarkeitsst\u00f6rungen (bovine genitale Campylobacteriose, auch Vibrionenseuche des&hellip;<\/p>\n","protected":false},"author":1,"featured_media":0,"parent":920000,"menu_order":9,"comment_status":"closed","ping_status":"closed","template":"","meta":{"_seopress_robots_primary_cat":"","_seopress_titles_title":"","_seopress_titles_desc":"","_seopress_robots_index":"","footnotes":""},"class_list":["post-921000","page","type-page","status-publish","hentry","description-off"],"_links":{"self":[{"href":"https:\/\/laboklin.de\/de\/wp-json\/wp\/v2\/pages\/921000","targetHints":{"allow":["GET"]}}],"collection":[{"href":"https:\/\/laboklin.de\/de\/wp-json\/wp\/v2\/pages"}],"about":[{"href":"https:\/\/laboklin.de\/de\/wp-json\/wp\/v2\/types\/page"}],"author":[{"embeddable":true,"href":"https:\/\/laboklin.de\/de\/wp-json\/wp\/v2\/users\/1"}],"replies":[{"embeddable":true,"href":"https:\/\/laboklin.de\/de\/wp-json\/wp\/v2\/comments?post=921000"}],"version-history":[{"count":5,"href":"https:\/\/laboklin.de\/de\/wp-json\/wp\/v2\/pages\/921000\/revisions"}],"predecessor-version":[{"id":1427985,"href":"https:\/\/laboklin.de\/de\/wp-json\/wp\/v2\/pages\/921000\/revisions\/1427985"}],"up":[{"embeddable":true,"href":"https:\/\/laboklin.de\/de\/wp-json\/wp\/v2\/pages\/920000"}],"wp:attachment":[{"href":"https:\/\/laboklin.de\/de\/wp-json\/wp\/v2\/media?parent=921000"}],"curies":[{"name":"wp","href":"https:\/\/api.w.org\/{rel}","templated":true}]}}