{"id":920900,"date":"2020-10-16T11:36:27","date_gmt":"2020-10-16T09:36:27","guid":{"rendered":"https:\/\/laboklin.de\/de\/burkholderia-mallei-rotz"},"modified":"2025-12-16T14:37:34","modified_gmt":"2025-12-16T13:37:34","slug":"burkholderia-mallei-rotz","status":"publish","type":"page","link":"https:\/\/laboklin.de\/de\/leistungen\/infektionskrankheiten-erreger-und-antikoerpernachweise\/bakterien\/burkholderia-mallei-rotz\/","title":{"rendered":"Burkholderia mallei (Rotz)"},"content":{"rendered":"<div class=\"wpb-content-wrapper\"><p>[vc_row][vc_column][vc_column_text]<h3>Leistungsspektrum<\/h3><div class=\"vc_tta-panels-container\"><div class=\"vc_tta-panels\"><li class=\"menu-item sub-page\"><a href=\"https:\/\/laboklin.de\/de\/leistungen\/infektionskrankheiten-erreger-und-antikoerpernachweise\/bakterien\/burkholderia-mallei-rotz\/burkholderia-mallei-rotz-antikoerper\/\">Burkholderia mallei (Rotz) - Antik\u00f6rper<\/a><\/li><\/div><\/div>[\/vc_column_text][\/vc_column][\/vc_row][vc_row][vc_column][vc_column_text css=&#8220;.vc_custom_1765892249841{margin-top: 30px !important;}&#8220;]<\/p>\n<h3>Allgemeine Informationen<\/h3>\n<p><b><strong>Rotz <\/strong><\/b>ist eine durch Burkholderia mallei verursachte Erkrankung der Equiden, die aber auch ein zoonotisches Potential besitzt: Neben dem Menschen sind auch Wildkatzen (Zoos!), Kamele, B\u00e4ren, W\u00f6lfe und Hunde empf\u00e4nglich. Rinder, Schafe und Schweine sind resistent. Die Krankheit verl\u00e4uft akut (v.a. Esel und Maultiere\/-esel) mit hohem Fieber und respiratorischen Symptomen und Tod nach wenigen Tagen oder bei Pferden eher chronisch mit Kn\u00f6tchen und Geschw\u00fcrbildung auf der Haut, Schleimhaut und in den inneren Organen. Chronisch und subklinisch erkrankte Tiere stellen eine gef\u00e4hrliche Infektionsquelle dar. Ansteckend sind die Absonderungen des Respirationstraktes und der Haut; die Inkubationszeit betr\u00e4gt wenige Tage bis viele Monate.<\/p>\n<p>Rotz gilt in Europa als getilgt, tritt aber noch in verschiedenen asiatischen, afrikanischen und s\u00fcdamerikanischen L\u00e4ndern auf (exportrelevante Untersuchung).<\/p>\n<p>In Deutschland besteht <b><strong>Anzeigepflicht<\/strong><\/b>![\/vc_column_text][\/vc_column][\/vc_row]<\/p>\n<\/div>","protected":false},"excerpt":{"rendered":"<p>[vc_row][vc_column][vc_column_text][\/vc_column_text][\/vc_column][\/vc_row][vc_row][vc_column][vc_column_text css=&#8220;.vc_custom_1765892249841{margin-top: 30px !important;}&#8220;] Allgemeine Informationen Rotz ist eine durch Burkholderia mallei verursachte Erkrankung der Equiden, die aber auch ein zoonotisches Potential besitzt: Neben dem Menschen sind auch Wildkatzen (Zoos!), Kamele, B\u00e4ren, W\u00f6lfe und Hunde empf\u00e4nglich. Rinder, Schafe und Schweine sind resistent. Die Krankheit verl\u00e4uft akut (v.a. Esel und Maultiere\/-esel) mit hohem Fieber und respiratorischen&hellip;<\/p>\n","protected":false},"author":1,"featured_media":0,"parent":920000,"menu_order":8,"comment_status":"closed","ping_status":"closed","template":"","meta":{"_seopress_robots_primary_cat":"","_seopress_titles_title":"","_seopress_titles_desc":"","_seopress_robots_index":"","footnotes":""},"class_list":["post-920900","page","type-page","status-publish","hentry","description-off"],"_links":{"self":[{"href":"https:\/\/laboklin.de\/de\/wp-json\/wp\/v2\/pages\/920900","targetHints":{"allow":["GET"]}}],"collection":[{"href":"https:\/\/laboklin.de\/de\/wp-json\/wp\/v2\/pages"}],"about":[{"href":"https:\/\/laboklin.de\/de\/wp-json\/wp\/v2\/types\/page"}],"author":[{"embeddable":true,"href":"https:\/\/laboklin.de\/de\/wp-json\/wp\/v2\/users\/1"}],"replies":[{"embeddable":true,"href":"https:\/\/laboklin.de\/de\/wp-json\/wp\/v2\/comments?post=920900"}],"version-history":[{"count":4,"href":"https:\/\/laboklin.de\/de\/wp-json\/wp\/v2\/pages\/920900\/revisions"}],"predecessor-version":[{"id":1578577,"href":"https:\/\/laboklin.de\/de\/wp-json\/wp\/v2\/pages\/920900\/revisions\/1578577"}],"up":[{"embeddable":true,"href":"https:\/\/laboklin.de\/de\/wp-json\/wp\/v2\/pages\/920000"}],"wp:attachment":[{"href":"https:\/\/laboklin.de\/de\/wp-json\/wp\/v2\/media?parent=920900"}],"curies":[{"name":"wp","href":"https:\/\/api.w.org\/{rel}","templated":true}]}}