{"id":920800,"date":"2020-10-16T11:36:27","date_gmt":"2020-10-16T09:36:27","guid":{"rendered":"https:\/\/laboklin.de\/de\/brucellen"},"modified":"2022-10-19T10:04:45","modified_gmt":"2022-10-19T08:04:45","slug":"brucellen","status":"publish","type":"page","link":"https:\/\/laboklin.de\/de\/leistungen\/infektionskrankheiten-erreger-und-antikoerpernachweise\/bakterien\/brucellen\/","title":{"rendered":"Brucellen"},"content":{"rendered":"<div class=\"wpb-content-wrapper\"><p>[vc_row][vc_column][vc_column_text]<h3>Leistungsspektrum<\/h3><div class=\"vc_tta-panels-container\"><div class=\"vc_tta-panels\"><li class=\"menu-item sub-page\"><a href=\"https:\/\/laboklin.de\/de\/leistungen\/infektionskrankheiten-erreger-und-antikoerpernachweise\/bakterien\/brucellen\/brucella-antikoerper\/\">Brucella abortus\/melitensis\/suis - Antik\u00f6rper<\/a><\/li><li class=\"menu-item sub-page\"><a href=\"https:\/\/laboklin.de\/de\/leistungen\/infektionskrankheiten-erreger-und-antikoerpernachweise\/bakterien\/brucellen\/brucella-canis-ak-ifat\/\">Brucella canis - Antik\u00f6rper (IFAT)<\/a><\/li><li class=\"menu-item sub-page\"><a href=\"https:\/\/laboklin.de\/de\/leistungen\/infektionskrankheiten-erreger-und-antikoerpernachweise\/bakterien\/brucellen\/brucella-canis-ak-rsat\/\">Brucella canis - Antik\u00f6rper (RSAT) <\/a><\/li><li class=\"menu-item sub-page\"><a href=\"https:\/\/laboklin.de\/de\/leistungen\/infektionskrankheiten-erreger-und-antikoerpernachweise\/bakterien\/brucellen\/brucella-canis-pcr\/\">Brucella canis - PCR<\/a><\/li><\/div><\/div>\n<div class=\"gap\" style=\"line-height: 20px; height: 20px;\"><\/div>\n<p>* Partnerlabor[\/vc_column_text][\/vc_column][\/vc_row][vc_row][vc_column][vc_column_text css=&#8220;.vc_custom_1663929790819{margin-top: 30px !important;}&#8220;]<\/p>\n<h3>Allgemeine Informationen<\/h3>\n<p>Erreger der Brucellose sind gramnegative, aerobe St\u00e4bchenbakterien der Gattung Brucella. Die Brucellose der Rinder, Hausschweine, Schafe und Ziegen ist <strong>anzeigepflichtig<\/strong> in Deutschland. Die Erkrankung tritt sowohl bei Tieren als auch beim Menschen auf. Es sind mehrere Brucella-Arten, u.a. B. canis (Hundebrucellose), B. abortus (Rinderbrucellose), B. melitensis (Brucellose der Schafe und Ziegen), B. ovis (Widderbrucellose, infekti\u00f6se Epididymitis, ebenfalls anzeigepflichtig) und B. suis (Schweinebrucellose) bekannt. Die Brucella-Arten sind nur begrenzt wirtsspezifisch.<\/p>\n<p>Die \u00dcbertragung von Brucella canis erfolgt genital oder oral durch latent infizierte Tiere. Nach 2 bis 4 Wochen entwickelt sich eine Bakteri\u00e4mie. Bei tragenden H\u00fcndinnen kann es zu Aborten im letzten Drittel der Tr\u00e4chtigkeit und zur Geburt lebensschwacher Welpen kommen. R\u00fcden leiden an Entz\u00fcndungen der Hoden und Nebenhoden und k\u00f6nnen unfruchtbar werden. Ein seltenes Symptom einer Brucella-canis-Infektion ist die Dyskospondylitis, so dass bei Schmerzhaftigkeit in der Wirbels\u00e4ule und Lahmheiten vor allem bei Hunden aus S\u00fcdosteuropa diese Infektion eine wichtige Differentialdiagnose sein kann. Die wesentlichen Symptome der Brucellose bei Wiederk\u00e4uern sind Aborte, Geburt lebensschwacher Tiere, Entz\u00fcndungen der Hoden und Nebenhoden sowie Unfruchtbarkeit. Beim Menschen f\u00fchrt die Infektion zu Fieber, M\u00fcdigkeit, n\u00e4chtlichem Schwitzen, Kopfschmerzen und K\u00e4ltegef\u00fchlen. Das Auftreten von F\u00e4llen beim Menschen steht immer in Zusammenhang mit dem Vorkommen der Krankheit bei Haus- oder Wildtieren. Infektionswege sind neben dem direkten Tierkontakt auch der Verzehr von unzureichend erhitzten Lebensmitteln (z.B. rohe Milch oder Rohmilchk\u00e4se), die von infizierten Tieren gewonnen wurden.[\/vc_column_text][\/vc_column][\/vc_row]<\/p>\n<\/div>","protected":false},"excerpt":{"rendered":"<p>[vc_row][vc_column][vc_column_text] * Partnerlabor[\/vc_column_text][\/vc_column][\/vc_row][vc_row][vc_column][vc_column_text css=&#8220;.vc_custom_1663929790819{margin-top: 30px !important;}&#8220;] Allgemeine Informationen Erreger der Brucellose sind gramnegative, aerobe St\u00e4bchenbakterien der Gattung Brucella. Die Brucellose der Rinder, Hausschweine, Schafe und Ziegen ist anzeigepflichtig in Deutschland. Die Erkrankung tritt sowohl bei Tieren als auch beim Menschen auf. Es sind mehrere Brucella-Arten, u.a. B. canis (Hundebrucellose), B. abortus (Rinderbrucellose), B. melitensis (Brucellose&hellip;<\/p>\n","protected":false},"author":1,"featured_media":0,"parent":920000,"menu_order":7,"comment_status":"closed","ping_status":"closed","template":"","meta":{"_seopress_robots_primary_cat":"","_seopress_titles_title":"","_seopress_titles_desc":"","_seopress_robots_index":"","footnotes":""},"class_list":["post-920800","page","type-page","status-publish","hentry","description-off"],"_links":{"self":[{"href":"https:\/\/laboklin.de\/de\/wp-json\/wp\/v2\/pages\/920800","targetHints":{"allow":["GET"]}}],"collection":[{"href":"https:\/\/laboklin.de\/de\/wp-json\/wp\/v2\/pages"}],"about":[{"href":"https:\/\/laboklin.de\/de\/wp-json\/wp\/v2\/types\/page"}],"author":[{"embeddable":true,"href":"https:\/\/laboklin.de\/de\/wp-json\/wp\/v2\/users\/1"}],"replies":[{"embeddable":true,"href":"https:\/\/laboklin.de\/de\/wp-json\/wp\/v2\/comments?post=920800"}],"version-history":[{"count":5,"href":"https:\/\/laboklin.de\/de\/wp-json\/wp\/v2\/pages\/920800\/revisions"}],"predecessor-version":[{"id":1318539,"href":"https:\/\/laboklin.de\/de\/wp-json\/wp\/v2\/pages\/920800\/revisions\/1318539"}],"up":[{"embeddable":true,"href":"https:\/\/laboklin.de\/de\/wp-json\/wp\/v2\/pages\/920000"}],"wp:attachment":[{"href":"https:\/\/laboklin.de\/de\/wp-json\/wp\/v2\/media?parent=920800"}],"curies":[{"name":"wp","href":"https:\/\/api.w.org\/{rel}","templated":true}]}}