{"id":920603,"date":"2020-10-16T11:36:27","date_gmt":"2020-10-16T09:36:27","guid":{"rendered":"https:\/\/laboklin.de\/de\/borrelien-blot"},"modified":"2025-01-31T09:32:55","modified_gmt":"2025-01-31T08:32:55","slug":"borrelien-blot","status":"publish","type":"page","link":"https:\/\/laboklin.de\/de\/leistungen\/infektionskrankheiten-erreger-und-antikoerpernachweise\/bakterien\/borrelien\/borrelien-blot\/","title":{"rendered":"Borrelien &#8211; Blot"},"content":{"rendered":"<h3 class=\"csc-firstHeader\">Borrelien - Blot<\/h3><p><span>LABOKLIN Leistungs-ID: 833<\/span><\/p><table class=\"tx-laboklinleistung-table contenttable contenttable-2\" style=\"margin-top: 35px;\"><tr><td class=\"td-0\"><strong>Material<\/strong><\/td><td class=\"td-1\"><p class=\"bodytext\">Serum oder Heparin-Plasma 0,5 ml<\/p><\/td><\/tr><tr><td class=\"td-0\"><strong>Methode<\/strong><\/td><td class=\"td-1\"><p class=\"bodytext\">Line-Immunoassay<\/p><\/td><\/tr><tr><td class=\"td-0\"><strong>Dauer<\/strong><\/td><td class=\"td-1\"><p class=\"bodytext\">3 Tage<\/p><\/td><\/tr><tr><td class=\"td-0\"><strong>Anmerkung<\/strong><\/td><td class=\"td-1\"><p class=\"bodytext\"><ul><li>Der Borrelienblot dient der Abkl\u00e4rung fraglicher Antik\u00f6rperkonzentrationen und der Unterscheidung zwischen Impf- und Infektionsantik\u00f6rpern. <\/li><li>Der Blot erfasst auch Antik\u00f6rper gegen das VlsE-Protein und C6-Peptid. VlsE (Variable major protein-like sequence, Expressed) und dessen Untereinheit C6 sind stark immunogene Oberfl\u00e4chenantigene, die Borrelien bei aktiver Vermehrung exprimieren. Es erfolgt keine Rekombination des VlsE-Molek\u00fcls in vitro oder in den Borrelien, die in der Zecke residieren, der Nachweis von Antik\u00f6rpern gegen das VlsE-Molek\u00fcls ist daher hinweisend auf eine stattgefundene Infektion.<\/li><li>Die Durchf\u00fchrung des Blots ist fr\u00fchestens ab der 3. Woche nach der Infektion m\u00f6glich.<\/li><\/ul><\/p><\/td><\/tr><\/table>\n","protected":false},"excerpt":{"rendered":"<p>Borrelien &#8211; BlotLABOKLIN Leistungs-ID: 833MaterialSerum oder Heparin-Plasma 0,5 mlMethodeLine-ImmunoassayDauer3 TageAnmerkungDer Borrelienblot dient der Abkl\u00e4rung fraglicher Antik\u00f6rperkonzentrationen und der Unterscheidung zwischen Impf- und Infektionsantik\u00f6rpern. Der Blot erfasst auch Antik\u00f6rper gegen das VlsE-Protein und C6-Peptid. VlsE (Variable major protein-like sequence, Expressed) und dessen Untereinheit C6 sind stark immunogene Oberfl\u00e4chenantigene, die Borrelien bei aktiver Vermehrung exprimieren. Es erfolgt&hellip;<\/p>\n","protected":false},"author":1,"featured_media":0,"parent":920600,"menu_order":1,"comment_status":"closed","ping_status":"closed","template":"","meta":{"_seopress_robots_primary_cat":"","_seopress_titles_title":"","_seopress_titles_desc":"","_seopress_robots_index":"","footnotes":""},"class_list":["post-920603","page","type-page","status-publish","hentry","description-off"],"_links":{"self":[{"href":"https:\/\/laboklin.de\/de\/wp-json\/wp\/v2\/pages\/920603","targetHints":{"allow":["GET"]}}],"collection":[{"href":"https:\/\/laboklin.de\/de\/wp-json\/wp\/v2\/pages"}],"about":[{"href":"https:\/\/laboklin.de\/de\/wp-json\/wp\/v2\/types\/page"}],"author":[{"embeddable":true,"href":"https:\/\/laboklin.de\/de\/wp-json\/wp\/v2\/users\/1"}],"replies":[{"embeddable":true,"href":"https:\/\/laboklin.de\/de\/wp-json\/wp\/v2\/comments?post=920603"}],"version-history":[{"count":1,"href":"https:\/\/laboklin.de\/de\/wp-json\/wp\/v2\/pages\/920603\/revisions"}],"predecessor-version":[{"id":1505138,"href":"https:\/\/laboklin.de\/de\/wp-json\/wp\/v2\/pages\/920603\/revisions\/1505138"}],"up":[{"embeddable":true,"href":"https:\/\/laboklin.de\/de\/wp-json\/wp\/v2\/pages\/920600"}],"wp:attachment":[{"href":"https:\/\/laboklin.de\/de\/wp-json\/wp\/v2\/media?parent=920603"}],"curies":[{"name":"wp","href":"https:\/\/api.w.org\/{rel}","templated":true}]}}