{"id":920601,"date":"2020-10-16T11:36:27","date_gmt":"2020-10-16T09:36:27","guid":{"rendered":"https:\/\/laboklin.de\/de\/borrelien-pcr"},"modified":"2025-01-31T09:33:22","modified_gmt":"2025-01-31T08:33:22","slug":"borrelien-pcr","status":"publish","type":"page","link":"https:\/\/laboklin.de\/de\/leistungen\/infektionskrankheiten-erreger-und-antikoerpernachweise\/bakterien\/borrelien\/borrelien-pcr\/","title":{"rendered":"Borrelien &#8211; PCR"},"content":{"rendered":"<h3 class=\"csc-firstHeader\">Borrelien - PCR<\/h3><p><span>LABOKLIN Leistungs-ID: 8010<\/span><\/p><table class=\"tx-laboklinleistung-table contenttable contenttable-2\" style=\"margin-top: 35px;\"><tr><td class=\"td-0\"><strong>Material<\/strong><\/td><td class=\"td-1\"><p class=\"bodytext\">Zecke, Hautbiopsie, Synovia, Liquor<\/p><\/td><\/tr><tr><td class=\"td-0\"><strong>Methode<\/strong><\/td><td class=\"td-1\"><p class=\"bodytext\">realtime PCR<\/p><\/td><\/tr><tr><td class=\"td-0\"><strong>Dauer<\/strong><\/td><td class=\"td-1\"><p class=\"bodytext\">1 - 3 Tage<\/p><\/td><\/tr><tr><td class=\"td-0\"><strong>Anmerkung<\/strong><\/td><td class=\"td-1\"><p class=\"bodytext\">Die Aussagekraft einer PCR ist limitiert durch die Auswahl des geeigneten Materials bzw. Konzentration an Erregern. Im Rahmen einer chronischen Infektion ist zwar in vielen Lokalisationen eine Erregerausbreitung zu vermuten, jedoch kann die Konzentration an Erreger-DNA sehr gering sein und die PCR daher ein negatives Ergebnis liefern. W\u00e4hrend eine positive PCR beweisend f\u00fcr eine Infektion ist, schlie\u00dft eine negative PCR eine Infektion nicht aus.<\/p><\/td><\/tr><\/table>\n","protected":false},"excerpt":{"rendered":"<p>Borrelien &#8211; PCRLABOKLIN Leistungs-ID: 8010MaterialZecke, Hautbiopsie, Synovia, LiquorMethoderealtime PCRDauer1 &#8211; 3 TageAnmerkungDie Aussagekraft einer PCR ist limitiert durch die Auswahl des geeigneten Materials bzw. Konzentration an Erregern. Im Rahmen einer chronischen Infektion ist zwar in vielen Lokalisationen eine Erregerausbreitung zu vermuten, jedoch kann die Konzentration an Erreger-DNA sehr gering sein und die PCR daher ein&hellip;<\/p>\n","protected":false},"author":1,"featured_media":0,"parent":920600,"menu_order":2,"comment_status":"closed","ping_status":"closed","template":"","meta":{"_seopress_robots_primary_cat":"","_seopress_titles_title":"","_seopress_titles_desc":"","_seopress_robots_index":"","footnotes":""},"class_list":["post-920601","page","type-page","status-publish","hentry","description-off"],"_links":{"self":[{"href":"https:\/\/laboklin.de\/de\/wp-json\/wp\/v2\/pages\/920601","targetHints":{"allow":["GET"]}}],"collection":[{"href":"https:\/\/laboklin.de\/de\/wp-json\/wp\/v2\/pages"}],"about":[{"href":"https:\/\/laboklin.de\/de\/wp-json\/wp\/v2\/types\/page"}],"author":[{"embeddable":true,"href":"https:\/\/laboklin.de\/de\/wp-json\/wp\/v2\/users\/1"}],"replies":[{"embeddable":true,"href":"https:\/\/laboklin.de\/de\/wp-json\/wp\/v2\/comments?post=920601"}],"version-history":[{"count":1,"href":"https:\/\/laboklin.de\/de\/wp-json\/wp\/v2\/pages\/920601\/revisions"}],"predecessor-version":[{"id":1505141,"href":"https:\/\/laboklin.de\/de\/wp-json\/wp\/v2\/pages\/920601\/revisions\/1505141"}],"up":[{"embeddable":true,"href":"https:\/\/laboklin.de\/de\/wp-json\/wp\/v2\/pages\/920600"}],"wp:attachment":[{"href":"https:\/\/laboklin.de\/de\/wp-json\/wp\/v2\/media?parent=920601"}],"curies":[{"name":"wp","href":"https:\/\/api.w.org\/{rel}","templated":true}]}}