{"id":920600,"date":"2020-10-16T11:36:27","date_gmt":"2020-10-16T09:36:27","guid":{"rendered":"https:\/\/laboklin.de\/de\/borrelien"},"modified":"2025-01-31T09:31:45","modified_gmt":"2025-01-31T08:31:45","slug":"borrelien","status":"publish","type":"page","link":"https:\/\/laboklin.de\/de\/leistungen\/infektionskrankheiten-erreger-und-antikoerpernachweise\/bakterien\/borrelien\/","title":{"rendered":"Borrelien"},"content":{"rendered":"<div class=\"wpb-content-wrapper\"><p>[vc_row][vc_column][vc_column_text]<h3>Leistungsspektrum<\/h3><div class=\"vc_tta-panels-container\"><div class=\"vc_tta-panels\"><li class=\"menu-item sub-page\"><a href=\"https:\/\/laboklin.de\/de\/leistungen\/infektionskrankheiten-erreger-und-antikoerpernachweise\/bakterien\/borrelien\/borrelien-antikoerper\/\">Borrelien - Antik\u00f6rper <\/a><\/li><li class=\"menu-item sub-page\"><a href=\"https:\/\/laboklin.de\/de\/leistungen\/infektionskrankheiten-erreger-und-antikoerpernachweise\/bakterien\/borrelien\/borrelien-blot\/\">Borrelien - Blot<\/a><\/li><li class=\"menu-item sub-page\"><a href=\"https:\/\/laboklin.de\/de\/leistungen\/infektionskrankheiten-erreger-und-antikoerpernachweise\/bakterien\/borrelien\/borrelien-pcr\/\">Borrelien - PCR<\/a><\/li><\/div><\/div>[\/vc_column_text][\/vc_column][\/vc_row][vc_row][vc_column][vc_column_text css=&#8220;.vc_custom_1612171689919{margin-top: 30px !important;}&#8220;]<\/p>\n<h3>Allgemeine Informationen<\/h3>\n<p>Borrelien sind Bakterien, die zur Familie der Spiroch\u00e4ten geh\u00f6ren. Kennzeichnend f\u00fcr Spiroch\u00e4ten sind kontraktile Axialfilamente, die unter einer mehrschichtigen \u00e4u\u00dferen H\u00fclle lokalisiert sind und den Spiroch\u00e4ten ihre typische spiralige Gestalt sowie ihre Motilit\u00e4t verleihen. Borrelia-Spezies, die in Verbindung mit der Lyme-Borreliose beim Hund diskutiert werden, sind zur Gruppe Borrelia burgdorferi sensu lato zusammengefasst, zu der mehr als 20 verschiedene Borrelienspezies gez\u00e4hlt werden.<br \/>\nBorrelien werden durch Vektoren (Zecken bzw. L\u00e4use) \u00fcbertragen, und mit Ausnahme von B. recurrens und B. dutonii haben sie alle ein Reservoir unter den Wildtieren.<\/p>\n<p>Haupt\u00fcbertragungsweg ist ein Stich der Zecke Ixodes ricinus (Gemeiner Holzbock). Die Bakterien befinden sich im Darm der Zecke, werden durch die Blutmahlzeit aktiviert und wandern in die Speicheldr\u00fcsen. Danach dauert es bis zu 24 h, bis die \u00dcbertragung \u00fcber den Speichel erfolgt. Wird die Zecke innerhalb dieses Zeitraumes sachgem\u00e4\u00df entfernt, kann das Infektionsrisiko stark reduziert werden.<\/p>\n<p>Im Gegensatz zum Menschen sind die klinischen Symptome einer Borreliose (<b><strong>Lyme Disease<\/strong><\/b>) beim Hund eher unspezifisch und k\u00f6nnen leicht \u00fcbersehen werden. Bei Hunden gibt es nur selten ein Erythema migrans. Es treten M\u00fcdigkeit, Leistungsabfall, eventuell Fieber und nach einer mehrw\u00f6chigen symptomlosen Phase Bewegungsunlust, wechselseitige Lahmheiten, Abmagerung, Erbrechen und \u00d6deme auf. Gelegentlich werden \u00a0auch neurologische Ausfallserscheinungen beobachtet. Eine schwerwiegende Komplikation ist die Entwicklung einer Glomerulonephritis mit nachfolgendem Nierenversagen infolge der Ablagerung von Immunkomplexen.<\/p>\n<p>Der Haupt\u00fcbertr\u00e4ger, Ixodes ricinus, kommt deutschlandweit vor, kann aber in bestimmten Gebieten geh\u00e4uft angetroffen werden. Es empfiehlt sich daher in solchen Gebieten vermehrt den Befall des Hundes mit Zecken zu kontrollieren und bei Auftreten o.g. Symptome einen Borreliose-Test durchf\u00fchren zu lassen.<\/p>\n<p>Immer h\u00e4ufiger wird von Infektionen und Erkrankungen auch bei <b><strong>Katzen<\/strong><\/b> und Rindern berichtet. Die Borreliose wird zudem zu den sogenannten \u201eemerging bacterial zoonoses\u201c gerechnet.<\/p>\n<p>Weidetiere werden h\u00e4ufig von Borrelien-haltigen Zecken f\u00fcr die Blutmahlzeit benutzt. Es treten sowohl klinische Erkrankungen als auch seropositive Tiere ohne Klinik auf, wobei die Beurteilung h\u00e4ufig schwierig ist.<\/p>\n<p>Beim <b><strong>Pferd<\/strong><\/b> wird eine Vielzahl von Symptomen mit Borrelien in Verbindung gebracht: Leistungsminderung, Lahmheiten, Ver\u00e4nderungen der Haut, der Augen oder des Herzens bis hin zu neurologischen Ausf\u00e4llen und Aborten. Allerdings wird bis heute kontrovers diskutiert, ob die Infektion beim Pferd \u00fcberhaupt zu klinischen Symptomen f\u00fchrt.<\/p>\n<p>Die Lyme-Borreliose bei <b><strong>Rindern<\/strong><\/b> wird verbunden mit Lahmheit, Gewichtsverlust und Aborten. Die Erregerisolierung aus klinischem Material gelingt manchmal (Borrelia burgdorferi sensu stricto, Borrelia afzelii). Serokonversionen wurden gezeigt, ebenso das Ansprechen einer Tetrazyklintherapie.[\/vc_column_text][\/vc_column][\/vc_row]<\/p>\n<\/div>","protected":false},"excerpt":{"rendered":"<p>[vc_row][vc_column][vc_column_text][\/vc_column_text][\/vc_column][\/vc_row][vc_row][vc_column][vc_column_text css=&#8220;.vc_custom_1612171689919{margin-top: 30px !important;}&#8220;] Allgemeine Informationen Borrelien sind Bakterien, die zur Familie der Spiroch\u00e4ten geh\u00f6ren. Kennzeichnend f\u00fcr Spiroch\u00e4ten sind kontraktile Axialfilamente, die unter einer mehrschichtigen \u00e4u\u00dferen H\u00fclle lokalisiert sind und den Spiroch\u00e4ten ihre typische spiralige Gestalt sowie ihre Motilit\u00e4t verleihen. Borrelia-Spezies, die in Verbindung mit der Lyme-Borreliose beim Hund diskutiert werden, sind zur Gruppe Borrelia&hellip;<\/p>\n","protected":false},"author":1,"featured_media":0,"parent":920000,"menu_order":5,"comment_status":"closed","ping_status":"closed","template":"","meta":{"_seopress_robots_primary_cat":"","_seopress_titles_title":"","_seopress_titles_desc":"","_seopress_robots_index":"","footnotes":""},"class_list":["post-920600","page","type-page","status-publish","hentry","description-off"],"_links":{"self":[{"href":"https:\/\/laboklin.de\/de\/wp-json\/wp\/v2\/pages\/920600","targetHints":{"allow":["GET"]}}],"collection":[{"href":"https:\/\/laboklin.de\/de\/wp-json\/wp\/v2\/pages"}],"about":[{"href":"https:\/\/laboklin.de\/de\/wp-json\/wp\/v2\/types\/page"}],"author":[{"embeddable":true,"href":"https:\/\/laboklin.de\/de\/wp-json\/wp\/v2\/users\/1"}],"replies":[{"embeddable":true,"href":"https:\/\/laboklin.de\/de\/wp-json\/wp\/v2\/comments?post=920600"}],"version-history":[{"count":4,"href":"https:\/\/laboklin.de\/de\/wp-json\/wp\/v2\/pages\/920600\/revisions"}],"predecessor-version":[{"id":1305351,"href":"https:\/\/laboklin.de\/de\/wp-json\/wp\/v2\/pages\/920600\/revisions\/1305351"}],"up":[{"embeddable":true,"href":"https:\/\/laboklin.de\/de\/wp-json\/wp\/v2\/pages\/920000"}],"wp:attachment":[{"href":"https:\/\/laboklin.de\/de\/wp-json\/wp\/v2\/media?parent=920600"}],"curies":[{"name":"wp","href":"https:\/\/api.w.org\/{rel}","templated":true}]}}