{"id":920402,"date":"2020-10-16T11:36:27","date_gmt":"2020-10-16T09:36:27","guid":{"rendered":"https:\/\/laboklin.de\/de\/bartonella-henselae-antikoerper"},"modified":"2025-01-31T09:30:10","modified_gmt":"2025-01-31T08:30:10","slug":"bartonella-henselae-antikoerper","status":"publish","type":"page","link":"https:\/\/laboklin.de\/de\/leistungen\/infektionskrankheiten-erreger-und-antikoerpernachweise\/bakterien\/bartonella-henselae\/bartonella-henselae-antikoerper\/","title":{"rendered":"Bartonella henselae &#8211; Antik\u00f6rper"},"content":{"rendered":"<h3 class=\"csc-firstHeader\">Bartonella henselae - Antik\u00f6rper<\/h3><p><span>LABOKLIN Leistungs-ID: 566<\/span><\/p><table class=\"tx-laboklinleistung-table contenttable contenttable-2\" style=\"margin-top: 35px;\"><tr><td class=\"td-0\"><strong>Material<\/strong><\/td><td class=\"td-1\"><p class=\"bodytext\">Serum oder EDTA-Plasma oder Heparin-Plasma 0,5 ml<\/p><\/td><\/tr><tr><td class=\"td-0\"><strong>Methode<\/strong><\/td><td class=\"td-1\"><p class=\"bodytext\">IFAT<\/p><\/td><\/tr><tr><td class=\"td-0\"><strong>Dauer<\/strong><\/td><td class=\"td-1\"><p class=\"bodytext\">1 - 2 Tage<\/p><\/td><\/tr><tr><td class=\"td-0\"><strong>Anmerkung<\/strong><\/td><td class=\"td-1\"><p class=\"bodytext\">Antik\u00f6rper k\u00f6nnen in der Regel ab der 2. Woche p.i. nachgewiesen werden. Die Seropr\u00e4valenz ist insbesondere bei mit Fl\u00f6hen befallenen Katzen hoch und nicht beweisend. Ein direkter Erregernachweis mittels PCR ist anzustreben.<\/p><\/td><\/tr><\/table>\n","protected":false},"excerpt":{"rendered":"<p>Bartonella henselae &#8211; Antik\u00f6rperLABOKLIN Leistungs-ID: 566MaterialSerum oder EDTA-Plasma oder Heparin-Plasma 0,5 mlMethodeIFATDauer1 &#8211; 2 TageAnmerkungAntik\u00f6rper k\u00f6nnen in der Regel ab der 2. Woche p.i. nachgewiesen werden. Die Seropr\u00e4valenz ist insbesondere bei mit Fl\u00f6hen befallenen Katzen hoch und nicht beweisend. Ein direkter Erregernachweis mittels PCR ist anzustreben.<\/p>\n","protected":false},"author":1,"featured_media":0,"parent":920400,"menu_order":1,"comment_status":"closed","ping_status":"closed","template":"","meta":{"_seopress_robots_primary_cat":"","_seopress_titles_title":"","_seopress_titles_desc":"","_seopress_robots_index":"","footnotes":""},"class_list":["post-920402","page","type-page","status-publish","hentry","description-off"],"_links":{"self":[{"href":"https:\/\/laboklin.de\/de\/wp-json\/wp\/v2\/pages\/920402","targetHints":{"allow":["GET"]}}],"collection":[{"href":"https:\/\/laboklin.de\/de\/wp-json\/wp\/v2\/pages"}],"about":[{"href":"https:\/\/laboklin.de\/de\/wp-json\/wp\/v2\/types\/page"}],"author":[{"embeddable":true,"href":"https:\/\/laboklin.de\/de\/wp-json\/wp\/v2\/users\/1"}],"replies":[{"embeddable":true,"href":"https:\/\/laboklin.de\/de\/wp-json\/wp\/v2\/comments?post=920402"}],"version-history":[{"count":1,"href":"https:\/\/laboklin.de\/de\/wp-json\/wp\/v2\/pages\/920402\/revisions"}],"predecessor-version":[{"id":1505126,"href":"https:\/\/laboklin.de\/de\/wp-json\/wp\/v2\/pages\/920402\/revisions\/1505126"}],"up":[{"embeddable":true,"href":"https:\/\/laboklin.de\/de\/wp-json\/wp\/v2\/pages\/920400"}],"wp:attachment":[{"href":"https:\/\/laboklin.de\/de\/wp-json\/wp\/v2\/media?parent=920402"}],"curies":[{"name":"wp","href":"https:\/\/api.w.org\/{rel}","templated":true}]}}