{"id":920100,"date":"2020-10-16T11:36:27","date_gmt":"2020-10-16T09:36:27","guid":{"rendered":"https:\/\/laboklin.de\/de\/actinobacillus-pleuropneumoniae-app"},"modified":"2023-03-19T21:00:16","modified_gmt":"2023-03-19T20:00:16","slug":"actinobacillus-pleuropneumoniae-app","status":"publish","type":"page","link":"https:\/\/laboklin.de\/de\/leistungen\/infektionskrankheiten-erreger-und-antikoerpernachweise\/bakterien\/actinobacillus-pleuropneumoniae-app\/","title":{"rendered":"Actinobacillus pleuropneumoniae (APP)"},"content":{"rendered":"<div class=\"wpb-content-wrapper\"><p>[vc_row][vc_column][vc_column_text]<h3>Leistungsspektrum<\/h3><div class=\"vc_tta-panels-container\"><div class=\"vc_tta-panels\"><li class=\"menu-item sub-page\"><a href=\"https:\/\/laboklin.de\/de\/leistungen\/infektionskrankheiten-erreger-und-antikoerpernachweise\/bakterien\/actinobacillus-pleuropneumoniae-app\/actinobacillus-pleuropneumoniae-app-ak\/\">Actinobacillus pleuropneumoniae (APP) - Antik\u00f6rper*<\/a><\/li><li class=\"menu-item sub-page\"><a href=\"https:\/\/laboklin.de\/de\/leistungen\/infektionskrankheiten-erreger-und-antikoerpernachweise\/bakterien\/actinobacillus-pleuropneumoniae-app\/actinobacillus-pleuropneumoniae-app-pcr\/\">Actinobacillus pleuropneumoniae (APP) - PCR<\/a><\/li><\/div><\/div>\n<div class=\"gap\" style=\"line-height: 20px; height: 20px;\"><\/div>\n<p>* Partnerlabor<\/p>\n<div class=\"gap\" style=\"line-height: 20px; height: 20px;\"><\/div>\n<p>Actinobacillus pleuropneumoniae kann auch kulturell nachgewiesen werden (<strong><a href=\"\/de\/leistungen\/mikrobiologie-parasitologie\/bakteriologie-mykologie\/abstriche-punktate-milch-blut\/bakteriologie-aerob\/\">Leistung 150 Bakteriologie<\/a><\/strong>).<\/p>\n<div class=\"gap\" style=\"line-height: 20px; height: 20px;\"><\/div>\n<h3>Allgemeine Informationen<\/h3>\n<p>Actinobacillus pleuropneumoniae ist ein gramnegatives St\u00e4bchenbakterium. Es produziert Exotoxine, die Lungenmakrophagen und Erythrozyten zerst\u00f6ren k\u00f6nnen. Das klinische Bild einer APP-Infektion ist gepr\u00e4gt von schweren respiratorischen Symptomen mit einer starken Beeintr\u00e4chtigung des Allgemeinbefindens (Fieber bis 42 \u00b0C). In der intensiven Schweinehaltung z\u00e4hlt die durch A. pleuropneumoniae verursachte Pleuropneumonie zu den wichtigsten Infektionskrankheiten. Bei perakuten Verl\u00e4ufen kann sie innerhalb von 24 h zum Verenden der Tiere f\u00fchren.[\/vc_column_text][\/vc_column][\/vc_row][vc_row][vc_column][vc_column_text css=&#8220;.vc_custom_1663928070190{margin-top: 30px !important;}&#8220;][\/vc_column_text][\/vc_column][\/vc_row]<\/p>\n<\/div>","protected":false},"excerpt":{"rendered":"<p>[vc_row][vc_column][vc_column_text] * Partnerlabor Actinobacillus pleuropneumoniae kann auch kulturell nachgewiesen werden (Leistung 150 Bakteriologie). Allgemeine Informationen Actinobacillus pleuropneumoniae ist ein gramnegatives St\u00e4bchenbakterium. Es produziert Exotoxine, die Lungenmakrophagen und Erythrozyten zerst\u00f6ren k\u00f6nnen. Das klinische Bild einer APP-Infektion ist gepr\u00e4gt von schweren respiratorischen Symptomen mit einer starken Beeintr\u00e4chtigung des Allgemeinbefindens (Fieber bis 42 \u00b0C). In der intensiven Schweinehaltung&hellip;<\/p>\n","protected":false},"author":1,"featured_media":0,"parent":920000,"menu_order":0,"comment_status":"closed","ping_status":"closed","template":"","meta":{"_seopress_robots_primary_cat":"","_seopress_titles_title":"","_seopress_titles_desc":"","_seopress_robots_index":"","footnotes":""},"class_list":["post-920100","page","type-page","status-publish","hentry","description-off"],"_links":{"self":[{"href":"https:\/\/laboklin.de\/de\/wp-json\/wp\/v2\/pages\/920100","targetHints":{"allow":["GET"]}}],"collection":[{"href":"https:\/\/laboklin.de\/de\/wp-json\/wp\/v2\/pages"}],"about":[{"href":"https:\/\/laboklin.de\/de\/wp-json\/wp\/v2\/types\/page"}],"author":[{"embeddable":true,"href":"https:\/\/laboklin.de\/de\/wp-json\/wp\/v2\/users\/1"}],"replies":[{"embeddable":true,"href":"https:\/\/laboklin.de\/de\/wp-json\/wp\/v2\/comments?post=920100"}],"version-history":[{"count":5,"href":"https:\/\/laboklin.de\/de\/wp-json\/wp\/v2\/pages\/920100\/revisions"}],"predecessor-version":[{"id":1427979,"href":"https:\/\/laboklin.de\/de\/wp-json\/wp\/v2\/pages\/920100\/revisions\/1427979"}],"up":[{"embeddable":true,"href":"https:\/\/laboklin.de\/de\/wp-json\/wp\/v2\/pages\/920000"}],"wp:attachment":[{"href":"https:\/\/laboklin.de\/de\/wp-json\/wp\/v2\/media?parent=920100"}],"curies":[{"name":"wp","href":"https:\/\/api.w.org\/{rel}","templated":true}]}}