{"id":920000,"date":"2020-10-16T11:36:27","date_gmt":"2020-10-16T09:36:27","guid":{"rendered":"https:\/\/laboklin.de\/de\/bakterien"},"modified":"2025-04-04T10:54:17","modified_gmt":"2025-04-04T08:54:17","slug":"bakterien","status":"publish","type":"page","link":"https:\/\/laboklin.de\/de\/leistungen\/infektionskrankheiten-erreger-und-antikoerpernachweise\/bakterien\/","title":{"rendered":"Bakterien"},"content":{"rendered":"<div class=\"wpb-content-wrapper\"><p>[vc_row][vc_column][vc_column_text css=&#8220;&#8220;]Die zur Diagnostik von bakteriellen Infektionen gelisteten Tests ber\u00fccksichtigen Antik\u00f6rper- und Antigennachweise sowie f\u00fcr die Erregernachweise kulturelle und molekularbiologische Methoden (PCR, realtime PCR).<\/p>\n<p><strong>Bitte beachten Sie:<\/strong> Wenn der Nachweis eines bakteriellen Erregers ausschlie\u00dflich mittels PCR erfolgt, ist es nicht m\u00f6glich, ein Antibiogramm zu erstellen.[\/vc_column_text][\/vc_column][\/vc_row]<\/p>\n<\/div>","protected":false},"excerpt":{"rendered":"<p>[vc_row][vc_column][vc_column_text css=&#8220;&#8220;]Die zur Diagnostik von bakteriellen Infektionen gelisteten Tests ber\u00fccksichtigen Antik\u00f6rper- und Antigennachweise sowie f\u00fcr die Erregernachweise kulturelle und molekularbiologische Methoden (PCR, realtime PCR). Bitte beachten Sie: Wenn der Nachweis eines bakteriellen Erregers ausschlie\u00dflich mittels PCR erfolgt, ist es nicht m\u00f6glich, ein Antibiogramm zu erstellen.[\/vc_column_text][\/vc_column][\/vc_row]<\/p>\n","protected":false},"author":1,"featured_media":0,"parent":900000,"menu_order":1,"comment_status":"closed","ping_status":"closed","template":"","meta":{"_seopress_robots_primary_cat":"","_seopress_titles_title":"Diagnostik von bakteriellen Infektionen beim Tier","_seopress_titles_desc":"Hier finden Sie ein umfassendes Angebot an Tests zur Diagnostik von bakteriellen Infektionen bei verschiedenen Tierarten im veterin\u00e4rmedizinischen Fachlabor","_seopress_robots_index":"","footnotes":""},"class_list":["post-920000","page","type-page","status-publish","hentry","description-off"],"_links":{"self":[{"href":"https:\/\/laboklin.de\/de\/wp-json\/wp\/v2\/pages\/920000","targetHints":{"allow":["GET"]}}],"collection":[{"href":"https:\/\/laboklin.de\/de\/wp-json\/wp\/v2\/pages"}],"about":[{"href":"https:\/\/laboklin.de\/de\/wp-json\/wp\/v2\/types\/page"}],"author":[{"embeddable":true,"href":"https:\/\/laboklin.de\/de\/wp-json\/wp\/v2\/users\/1"}],"replies":[{"embeddable":true,"href":"https:\/\/laboklin.de\/de\/wp-json\/wp\/v2\/comments?post=920000"}],"version-history":[{"count":6,"href":"https:\/\/laboklin.de\/de\/wp-json\/wp\/v2\/pages\/920000\/revisions"}],"predecessor-version":[{"id":1517891,"href":"https:\/\/laboklin.de\/de\/wp-json\/wp\/v2\/pages\/920000\/revisions\/1517891"}],"up":[{"embeddable":true,"href":"https:\/\/laboklin.de\/de\/wp-json\/wp\/v2\/pages\/900000"}],"wp:attachment":[{"href":"https:\/\/laboklin.de\/de\/wp-json\/wp\/v2\/media?parent=920000"}],"curies":[{"name":"wp","href":"https:\/\/api.w.org\/{rel}","templated":true}]}}