{"id":915101,"date":"2020-10-16T11:36:27","date_gmt":"2020-10-16T09:36:27","guid":{"rendered":"https:\/\/laboklin.de\/de\/west-nile-virus-pferd-antikoerper-igg-und-igm"},"modified":"2025-01-31T09:17:14","modified_gmt":"2025-01-31T08:17:14","slug":"west-nile-virus-pferd-antikoerper-igg-und-igm","status":"publish","type":"page","link":"https:\/\/laboklin.de\/de\/leistungen\/infektionskrankheiten-erreger-und-antikoerpernachweise\/viren\/west-nile-virus\/west-nile-virus-pferd-antikoerper-igg-und-igm\/","title":{"rendered":"West Nile Virus (Pferd) &#8211; Antik\u00f6rper (IgG und IgM)"},"content":{"rendered":"<h3 class=\"csc-firstHeader\">West Nile Virus (Pferd) - Antik\u00f6rper (IgG + IgM) <\/h3><p><span>LABOKLIN Leistungs-ID: 2091<\/span><\/p><table class=\"tx-laboklinleistung-table contenttable contenttable-2\" style=\"margin-top: 35px;\"><tr><td class=\"td-0\"><strong>Material<\/strong><\/td><td class=\"td-1\"><p class=\"bodytext\">Serum 1 ml<\/p><\/td><\/tr><tr><td class=\"td-0\"><strong>Methode<\/strong><\/td><td class=\"td-1\"><p class=\"bodytext\">ELISA (Flaviviren IgG und West Nile Virus IgM)<\/p><\/td><\/tr><tr><td class=\"td-0\"><strong>Dauer<\/strong><\/td><td class=\"td-1\"><p class=\"bodytext\">2 - 3 Tage<\/p><\/td><\/tr><tr><td class=\"td-0\"><strong>Anmerkung<\/strong><\/td><td class=\"td-1\"><p class=\"bodytext\">Der Flavivirus-IgG-ELISA detektiert auf Grund der hohen Kreuzreaktivit\u00e4t innerhalb der Flaviviren-Antik\u00f6rper ein breites Spektrum an Flaviviren wie z. B. West Nile Virus, Usutu Virus, FSME Virus etc. Damit zeigen positive IgG Antik\u00f6rper flavivirusspezifische Antik\u00f6rper an. Eine weitere Ausdifferenzierung in f\u00fcr das West Nile Virus spezifische Antik\u00f6rper ist mit der ELISA Methode nicht m\u00f6glich. Der Nachweis von IgM-Antik\u00f6rpern unterliegt der Anzeigepflicht und zeigt eine frische Infektion an. F\u00fcr positive IgM Ergebnisse ist eine weitere Abkl\u00e4rung durch das Nationale Referenzlabor f\u00fcr Flaviviren am Friedrich Loeffler Institut (Insel Riems) zum Ausdifferenzieren der flavivirusspezifischen Antik\u00f6rper mittels Virusneutralisationstests (VNT) vorgeschrieben.<\/p><\/td><\/tr><\/table>\n","protected":false},"excerpt":{"rendered":"<p>West Nile Virus (Pferd) &#8211; Antik\u00f6rper (IgG + IgM) LABOKLIN Leistungs-ID: 2091MaterialSerum 1 mlMethodeELISA (Flaviviren IgG und West Nile Virus IgM)Dauer2 &#8211; 3 TageAnmerkungDer Flavivirus-IgG-ELISA detektiert auf Grund der hohen Kreuzreaktivit\u00e4t innerhalb der Flaviviren-Antik\u00f6rper ein breites Spektrum an Flaviviren wie z. B. West Nile Virus, Usutu Virus, FSME Virus etc. Damit zeigen positive IgG Antik\u00f6rper&hellip;<\/p>\n","protected":false},"author":1,"featured_media":0,"parent":915100,"menu_order":1,"comment_status":"closed","ping_status":"closed","template":"","meta":{"_seopress_robots_primary_cat":"","_seopress_titles_title":"","_seopress_titles_desc":"","_seopress_robots_index":"","footnotes":""},"class_list":["post-915101","page","type-page","status-publish","hentry","description-off"],"_links":{"self":[{"href":"https:\/\/laboklin.de\/de\/wp-json\/wp\/v2\/pages\/915101","targetHints":{"allow":["GET"]}}],"collection":[{"href":"https:\/\/laboklin.de\/de\/wp-json\/wp\/v2\/pages"}],"about":[{"href":"https:\/\/laboklin.de\/de\/wp-json\/wp\/v2\/types\/page"}],"author":[{"embeddable":true,"href":"https:\/\/laboklin.de\/de\/wp-json\/wp\/v2\/users\/1"}],"replies":[{"embeddable":true,"href":"https:\/\/laboklin.de\/de\/wp-json\/wp\/v2\/comments?post=915101"}],"version-history":[{"count":1,"href":"https:\/\/laboklin.de\/de\/wp-json\/wp\/v2\/pages\/915101\/revisions"}],"predecessor-version":[{"id":1505106,"href":"https:\/\/laboklin.de\/de\/wp-json\/wp\/v2\/pages\/915101\/revisions\/1505106"}],"up":[{"embeddable":true,"href":"https:\/\/laboklin.de\/de\/wp-json\/wp\/v2\/pages\/915100"}],"wp:attachment":[{"href":"https:\/\/laboklin.de\/de\/wp-json\/wp\/v2\/media?parent=915101"}],"curies":[{"name":"wp","href":"https:\/\/api.w.org\/{rel}","templated":true}]}}