{"id":915100,"date":"2020-10-16T11:36:27","date_gmt":"2020-10-16T09:36:27","guid":{"rendered":"https:\/\/laboklin.de\/de\/west-nile-virus"},"modified":"2024-11-13T13:34:58","modified_gmt":"2024-11-13T12:34:58","slug":"west-nile-virus","status":"publish","type":"page","link":"https:\/\/laboklin.de\/de\/leistungen\/infektionskrankheiten-erreger-und-antikoerpernachweise\/viren\/west-nile-virus\/","title":{"rendered":"West Nile Virus"},"content":{"rendered":"<div class=\"wpb-content-wrapper\"><p>[vc_row][vc_column][vc_column_text]<h3>Leistungsspektrum<\/h3><div class=\"vc_tta-panels-container\"><div class=\"vc_tta-panels\"><li class=\"menu-item sub-page\"><a href=\"https:\/\/laboklin.de\/de\/leistungen\/infektionskrankheiten-erreger-und-antikoerpernachweise\/viren\/west-nile-virus\/west-nile-virus-pferd-antikoerper-igg-und-igm\/\">West Nile Virus (Pferd) - Antik\u00f6rper (IgG + IgM) <\/a><\/li><li class=\"menu-item sub-page\"><a href=\"https:\/\/laboklin.de\/de\/leistungen\/infektionskrankheiten-erreger-und-antikoerpernachweise\/viren\/west-nile-virus\/west-nile-virus-vogel-antikoerper-igg\/\">West Nile Virus (Vogel) - Antik\u00f6rper (IgG)<\/a><\/li><li class=\"menu-item sub-page\"><a href=\"https:\/\/laboklin.de\/de\/leistungen\/infektionskrankheiten-erreger-und-antikoerpernachweise\/viren\/west-nile-virus\/west-nile-virus-pcr\/\">West Nile Virus - PCR<\/a><\/li><\/div><\/div>[\/vc_column_text][\/vc_column][\/vc_row][vc_row][vc_column][vc_column_text css=&#8220;.vc_custom_1663927989625{margin-top: 30px !important;}&#8220;]<\/p>\n<h3>Allgemeine Informationen<\/h3>\n<p>Beim West Nile Virus (WNV) handelt es sich um ein in verschiedenen, v.a. tropischen Regionen der Welt endemisch vorkommendes RNA-Virus der Familie Flaviviridae. Durch Zugv\u00f6gel gelangt das WNV jedoch auch immer wieder in weiter n\u00f6rdlich liegende, nicht tropische Gebiete und wird seit 2018 auch in Deutschland nachgewiesen.<\/p>\n<p>Die \u00dcbertragung erfolgt in erster Linie durch Stechm\u00fccken (v.a. Culex-Arten) zwischen wildlebenden V\u00f6geln. Die M\u00fccken k\u00f6nnen das WNV allerdings auch auf Menschen, Pferde und andere S\u00e4ugetiere \u00fcbertragen. Aufgrund niedriger Viruslast stellen Pferde und Menschen als Fehlwirte keine Virusquelle f\u00fcr M\u00fccken dar.<\/p>\n<p>Die Inkubationszeit f\u00fcr die WNV-Enzephalitis beim Pferd liegt bei 3 &#8211; 15 Tagen. Die meisten Infektionen verlaufen subklinisch, nur ein kleiner Prozentsatz der Pferde entwickelt neurologische Symptome wie Stolpern, Nachhandl\u00e4hmungen, Ataxien, Muskelzittern oder Schw\u00e4che bis zum Festliegen der Tiere.<\/p>\n<p>Beim Vogel verl\u00e4uft eine Infektion je nach Art symptomlos bis t\u00f6dlich. Besonders empf\u00e4nglich f\u00fcr eine Erkrankung sind Sperlingsv\u00f6gel, Greifv\u00f6gel und Eulenarten. Bei diesen kann es zu schweren Epidemien mit zentralnerv\u00f6ser Symptomatik (z.B. Gleichgewichtsst\u00f6rung, Zittern, Unf\u00e4higkeit zu fliegen) sowie geh\u00e4uften Todesf\u00e4llen kommen.<\/p>\n<p>In Deutschland besteht <strong>Anzeigepflicht<\/strong> bei Vogel und Pferd.[\/vc_column_text][\/vc_column][\/vc_row]<\/p>\n<\/div>","protected":false},"excerpt":{"rendered":"<p>[vc_row][vc_column][vc_column_text][\/vc_column_text][\/vc_column][\/vc_row][vc_row][vc_column][vc_column_text css=&#8220;.vc_custom_1663927989625{margin-top: 30px !important;}&#8220;] Allgemeine Informationen Beim West Nile Virus (WNV) handelt es sich um ein in verschiedenen, v.a. tropischen Regionen der Welt endemisch vorkommendes RNA-Virus der Familie Flaviviridae. Durch Zugv\u00f6gel gelangt das WNV jedoch auch immer wieder in weiter n\u00f6rdlich liegende, nicht tropische Gebiete und wird seit 2018 auch in Deutschland nachgewiesen. Die \u00dcbertragung&hellip;<\/p>\n","protected":false},"author":1,"featured_media":0,"parent":910000,"menu_order":550,"comment_status":"closed","ping_status":"closed","template":"","meta":{"_seopress_robots_primary_cat":"","_seopress_titles_title":"","_seopress_titles_desc":"","_seopress_robots_index":"","footnotes":""},"class_list":["post-915100","page","type-page","status-publish","hentry","description-off"],"_links":{"self":[{"href":"https:\/\/laboklin.de\/de\/wp-json\/wp\/v2\/pages\/915100","targetHints":{"allow":["GET"]}}],"collection":[{"href":"https:\/\/laboklin.de\/de\/wp-json\/wp\/v2\/pages"}],"about":[{"href":"https:\/\/laboklin.de\/de\/wp-json\/wp\/v2\/types\/page"}],"author":[{"embeddable":true,"href":"https:\/\/laboklin.de\/de\/wp-json\/wp\/v2\/users\/1"}],"replies":[{"embeddable":true,"href":"https:\/\/laboklin.de\/de\/wp-json\/wp\/v2\/comments?post=915100"}],"version-history":[{"count":4,"href":"https:\/\/laboklin.de\/de\/wp-json\/wp\/v2\/pages\/915100\/revisions"}],"predecessor-version":[{"id":1318534,"href":"https:\/\/laboklin.de\/de\/wp-json\/wp\/v2\/pages\/915100\/revisions\/1318534"}],"up":[{"embeddable":true,"href":"https:\/\/laboklin.de\/de\/wp-json\/wp\/v2\/pages\/910000"}],"wp:attachment":[{"href":"https:\/\/laboklin.de\/de\/wp-json\/wp\/v2\/media?parent=915100"}],"curies":[{"name":"wp","href":"https:\/\/api.w.org\/{rel}","templated":true}]}}