{"id":914401,"date":"2020-10-16T11:36:27","date_gmt":"2020-10-16T09:36:27","guid":{"rendered":"https:\/\/laboklin.de\/de\/reoviren-pcr"},"modified":"2025-01-31T09:03:55","modified_gmt":"2025-01-31T08:03:55","slug":"reoviren-pcr","status":"publish","type":"page","link":"https:\/\/laboklin.de\/de\/leistungen\/infektionskrankheiten-erreger-und-antikoerpernachweise\/viren\/reoviren\/reoviren-pcr\/","title":{"rendered":"Reoviren &#8211; PCR"},"content":{"rendered":"<h3 class=\"csc-firstHeader\">Reoviren - PCR<\/h3><p><span>LABOKLIN Leistungs-ID: 8534<\/span><\/p><table class=\"tx-laboklinleistung-table contenttable contenttable-2\" style=\"margin-top: 35px;\"><tr><td class=\"td-0\"><strong>Material<\/strong><\/td><td class=\"td-1\"><p class=\"bodytext\"><ul><li><strong>V\u00f6gel:<\/strong> Abstrich ohne Medium (Kloake), Faeces, Gewebe (Darm, Leber, Herz, Niere, Lunge) <\/li><li><strong>Reptilien: <\/strong>Abstrich ohne Medium (Rachen, Kloake), Lungensp\u00fclprobe, Gewebe (Lunge, Darm; bei Schildkr\u00f6ten auch Zunge)<\/li><\/ul><\/p><\/td><\/tr><tr><td class=\"td-0\"><strong>Methode<\/strong><\/td><td class=\"td-1\"><p class=\"bodytext\">PCR<\/p><\/td><\/tr><tr><td class=\"td-0\"><strong>Tierart(en)<\/strong><\/td><td class=\"td-1\"><p class=\"bodytext\">V\u00f6gel, Reptilien<\/p><\/td><\/tr><tr><td class=\"td-0\"><strong>Dauer<\/strong><\/td><td class=\"td-1\"><p class=\"bodytext\">2 - 4 Tage<\/p><\/td><\/tr><\/table>\n","protected":false},"excerpt":{"rendered":"<p>Reoviren &#8211; PCRLABOKLIN Leistungs-ID: 8534MaterialV\u00f6gel: Abstrich ohne Medium (Kloake), Faeces, Gewebe (Darm, Leber, Herz, Niere, Lunge) Reptilien: Abstrich ohne Medium (Rachen, Kloake), Lungensp\u00fclprobe, Gewebe (Lunge, Darm; bei Schildkr\u00f6ten auch Zunge)MethodePCRTierart(en)V\u00f6gel, ReptilienDauer2 &#8211; 4 Tage<\/p>\n","protected":false},"author":1,"featured_media":0,"parent":914400,"menu_order":0,"comment_status":"closed","ping_status":"closed","template":"","meta":{"_seopress_robots_primary_cat":"","_seopress_titles_title":"","_seopress_titles_desc":"","_seopress_robots_index":"","footnotes":""},"class_list":["post-914401","page","type-page","status-publish","hentry","description-off"],"_links":{"self":[{"href":"https:\/\/laboklin.de\/de\/wp-json\/wp\/v2\/pages\/914401","targetHints":{"allow":["GET"]}}],"collection":[{"href":"https:\/\/laboklin.de\/de\/wp-json\/wp\/v2\/pages"}],"about":[{"href":"https:\/\/laboklin.de\/de\/wp-json\/wp\/v2\/types\/page"}],"author":[{"embeddable":true,"href":"https:\/\/laboklin.de\/de\/wp-json\/wp\/v2\/users\/1"}],"replies":[{"embeddable":true,"href":"https:\/\/laboklin.de\/de\/wp-json\/wp\/v2\/comments?post=914401"}],"version-history":[{"count":1,"href":"https:\/\/laboklin.de\/de\/wp-json\/wp\/v2\/pages\/914401\/revisions"}],"predecessor-version":[{"id":1505090,"href":"https:\/\/laboklin.de\/de\/wp-json\/wp\/v2\/pages\/914401\/revisions\/1505090"}],"up":[{"embeddable":true,"href":"https:\/\/laboklin.de\/de\/wp-json\/wp\/v2\/pages\/914400"}],"wp:attachment":[{"href":"https:\/\/laboklin.de\/de\/wp-json\/wp\/v2\/media?parent=914401"}],"curies":[{"name":"wp","href":"https:\/\/api.w.org\/{rel}","templated":true}]}}