{"id":913800,"date":"2020-10-16T11:36:27","date_gmt":"2020-10-16T09:36:27","guid":{"rendered":"https:\/\/laboklin.de\/de\/picornaviren"},"modified":"2024-11-13T13:45:39","modified_gmt":"2024-11-13T12:45:39","slug":"picornaviren","status":"publish","type":"page","link":"https:\/\/laboklin.de\/de\/leistungen\/infektionskrankheiten-erreger-und-antikoerpernachweise\/viren\/picornaviren\/","title":{"rendered":"Picornaviren"},"content":{"rendered":"<div class=\"wpb-content-wrapper\"><p>[vc_row][vc_column][vc_column_text]<h3>Leistungsspektrum<\/h3><div class=\"vc_tta-panels-container\"><div class=\"vc_tta-panels\"><li class=\"menu-item sub-page\"><a href=\"https:\/\/laboklin.de\/de\/leistungen\/infektionskrankheiten-erreger-und-antikoerpernachweise\/viren\/picornaviren\/picornavirus-torchivirus-virus-x-antikoerper\/\">Picornavirus\/Torchivirus (Virus \"X\") - Antik\u00f6rper<\/a><\/li><li class=\"menu-item sub-page\"><a href=\"https:\/\/laboklin.de\/de\/leistungen\/infektionskrankheiten-erreger-und-antikoerpernachweise\/viren\/picornaviren\/picornavirus-torchivirus-virus-x-pcr\/\">Picornavirus\/Torchivirus (Virus \"X\") - PCR<\/a><\/li><\/div><\/div>[\/vc_column_text][\/vc_column][\/vc_row][vc_row type=&#8220;vc_default&#8220; css=&#8220;.vc_custom_1612018223255{margin-top: 30px !important;}&#8220;][vc_column][vc_column_text css=&#8220;.vc_custom_1604317713312{margin-top: 20px !important;}&#8220;]<\/p>\n<h3>Allgemeine Informationen<\/h3>\n<p style=\"font-weight: 300;\">Picornaviren sind unbeh\u00fcllte RNA-Viren und bei Schildkr\u00f6ten auch unter der Bezeichnung Virus \u201eX\u201c bekannt. Sie werden regelm\u00e4\u00dfig bei Landschildkr\u00f6ten nachgewiesen. Oft finden sie sich vergesellschaftet mit weiteren Infektionserregern, insbesondere mit Herpesviren und Mykoplasmen.<\/p>\n<p style=\"font-weight: 300;\">Klinisch werden Picornaviren bei Jungtieren im Zusammenhang mit einer Erweichung des Panzers gesehen. Bei erwachsenen Schildkr\u00f6ten \u00e4u\u00dfert sich eine Infektion mit Rhinitis, Stomatitis, Aszites und pl\u00f6tzlichen Todesf\u00e4llen.<\/p>\n<p>[\/vc_column_text][\/vc_column][\/vc_row]<\/p>\n<\/div>","protected":false},"excerpt":{"rendered":"<p>[vc_row][vc_column][vc_column_text][\/vc_column_text][\/vc_column][\/vc_row][vc_row type=&#8220;vc_default&#8220; css=&#8220;.vc_custom_1612018223255{margin-top: 30px !important;}&#8220;][vc_column][vc_column_text css=&#8220;.vc_custom_1604317713312{margin-top: 20px !important;}&#8220;] Allgemeine Informationen Picornaviren sind unbeh\u00fcllte RNA-Viren und bei Schildkr\u00f6ten auch unter der Bezeichnung Virus \u201eX\u201c bekannt. Sie werden regelm\u00e4\u00dfig bei Landschildkr\u00f6ten nachgewiesen. Oft finden sie sich vergesellschaftet mit weiteren Infektionserregern, insbesondere mit Herpesviren und Mykoplasmen. Klinisch werden Picornaviren bei Jungtieren im Zusammenhang mit einer Erweichung des Panzers&hellip;<\/p>\n","protected":false},"author":1,"featured_media":0,"parent":910000,"menu_order":400,"comment_status":"closed","ping_status":"closed","template":"","meta":{"_seopress_robots_primary_cat":"","_seopress_titles_title":"","_seopress_titles_desc":"","_seopress_robots_index":"","footnotes":""},"class_list":["post-913800","page","type-page","status-publish","hentry","description-off"],"_links":{"self":[{"href":"https:\/\/laboklin.de\/de\/wp-json\/wp\/v2\/pages\/913800","targetHints":{"allow":["GET"]}}],"collection":[{"href":"https:\/\/laboklin.de\/de\/wp-json\/wp\/v2\/pages"}],"about":[{"href":"https:\/\/laboklin.de\/de\/wp-json\/wp\/v2\/types\/page"}],"author":[{"embeddable":true,"href":"https:\/\/laboklin.de\/de\/wp-json\/wp\/v2\/users\/1"}],"replies":[{"embeddable":true,"href":"https:\/\/laboklin.de\/de\/wp-json\/wp\/v2\/comments?post=913800"}],"version-history":[{"count":2,"href":"https:\/\/laboklin.de\/de\/wp-json\/wp\/v2\/pages\/913800\/revisions"}],"predecessor-version":[{"id":1305332,"href":"https:\/\/laboklin.de\/de\/wp-json\/wp\/v2\/pages\/913800\/revisions\/1305332"}],"up":[{"embeddable":true,"href":"https:\/\/laboklin.de\/de\/wp-json\/wp\/v2\/pages\/910000"}],"wp:attachment":[{"href":"https:\/\/laboklin.de\/de\/wp-json\/wp\/v2\/media?parent=913800"}],"curies":[{"name":"wp","href":"https:\/\/api.w.org\/{rel}","templated":true}]}}