{"id":913100,"date":"2020-10-16T11:36:27","date_gmt":"2020-10-16T09:36:27","guid":{"rendered":"https:\/\/laboklin.de\/de\/nidoviren"},"modified":"2024-11-14T16:48:08","modified_gmt":"2024-11-14T15:48:08","slug":"serpentoviren-nidoviren","status":"publish","type":"page","link":"https:\/\/laboklin.de\/de\/leistungen\/infektionskrankheiten-erreger-und-antikoerpernachweise\/viren\/serpentoviren-nidoviren\/","title":{"rendered":"Serpentoviren (Nidoviren)"},"content":{"rendered":"<div class=\"wpb-content-wrapper\"><p>[vc_row][vc_column][vc_column_text]<h3>Leistungsspektrum<\/h3><div class=\"vc_tta-panels-container\"><div class=\"vc_tta-panels\"><li class=\"menu-item sub-page\"><a href=\"https:\/\/laboklin.de\/de\/leistungen\/infektionskrankheiten-erreger-und-antikoerpernachweise\/viren\/serpentoviren-nidoviren\/serpentoviren-nidoviren-pcr\/\">Serpentoviren (Nidoviren) - PCR<\/a><\/li><li class=\"menu-item sub-page\"><a href=\"https:\/\/laboklin.de\/de\/leistungen\/infektionskrankheiten-erreger-und-antikoerpernachweise\/viren\/serpentoviren-nidoviren\/serpentovirus-shingleback-serpentovirus-pcr\/\">Serpentovirus (Shingleback-Serpentovirus) - PCR<\/a><\/li><\/div><\/div>[\/vc_column_text][\/vc_column][\/vc_row][vc_row type=&#8220;vc_default&#8220; css=&#8220;.vc_custom_1612017316278{margin-top: 30px !important;}&#8220;][vc_column][vc_column_text css=&#8220;.vc_custom_1663839459774{margin-top: 20px !important;}&#8220;]<\/p>\n<h3>Allgemeine Informationen<\/h3>\n<p>Viren der Ordnung Nidovirales sind gro\u00dfe, beh\u00fcllte einzelstr\u00e4ngige RNA-Viren. Zu dieser Ordnung geh\u00f6ren u.a. die Familien Arteriviridae und Coronaviridae. Die bei <b>Schlangen<\/b> nachgewiesenen Nidoviren sind am engsten mit Vertretern der Familie Coronaviridae, Subfamilie Torovirinae verwandt. Am h\u00e4ufigsten werden Nidoviren (Genus Pregatovirus) bei Pythons und Boas gefunden, wobei sie bisher am h\u00e4ufigsten bei K\u00f6nigs- und Baumpythons nachgewiesen wurden. Sie sind mit Pneumonien und Stomatitiden assoziiert und scheinen wichtige Pathogene bei verschiedenen Pythonspezies zu sein.<\/p>\n<p class=\"bodytext\">Nidoviren wurden auch bei\u00a0<b>Tannenzapfenechsen<\/b>\u00a0und anderen <b>Tiliqua spp.<\/b> nachgewiesen. Diese unterscheiden sich aber deutlich von den bei Schlangen beschriebenen Nidoviren und werden als <b>Shingleback-Nidovirus 1<\/b> (Genus Tiruvirus) bezeichnet. Eine Infektion wird assoziiert mit respiratorischen Erkrankungen.<\/p>\n<p>[\/vc_column_text][\/vc_column][\/vc_row]<\/p>\n<\/div>","protected":false},"excerpt":{"rendered":"<p>[vc_row][vc_column][vc_column_text][\/vc_column_text][\/vc_column][\/vc_row][vc_row type=&#8220;vc_default&#8220; css=&#8220;.vc_custom_1612017316278{margin-top: 30px !important;}&#8220;][vc_column][vc_column_text css=&#8220;.vc_custom_1663839459774{margin-top: 20px !important;}&#8220;] Allgemeine Informationen Viren der Ordnung Nidovirales sind gro\u00dfe, beh\u00fcllte einzelstr\u00e4ngige RNA-Viren. Zu dieser Ordnung geh\u00f6ren u.a. die Familien Arteriviridae und Coronaviridae. Die bei Schlangen nachgewiesenen Nidoviren sind am engsten mit Vertretern der Familie Coronaviridae, Subfamilie Torovirinae verwandt. Am h\u00e4ufigsten werden Nidoviren (Genus Pregatovirus) bei Pythons und Boas&hellip;<\/p>\n","protected":false},"author":1,"featured_media":0,"parent":910000,"menu_order":505,"comment_status":"closed","ping_status":"closed","template":"","meta":{"_seopress_robots_primary_cat":"","_seopress_titles_title":"","_seopress_titles_desc":"","_seopress_robots_index":"","footnotes":""},"class_list":["post-913100","page","type-page","status-publish","hentry","description-off"],"_links":{"self":[{"href":"https:\/\/laboklin.de\/de\/wp-json\/wp\/v2\/pages\/913100","targetHints":{"allow":["GET"]}}],"collection":[{"href":"https:\/\/laboklin.de\/de\/wp-json\/wp\/v2\/pages"}],"about":[{"href":"https:\/\/laboklin.de\/de\/wp-json\/wp\/v2\/types\/page"}],"author":[{"embeddable":true,"href":"https:\/\/laboklin.de\/de\/wp-json\/wp\/v2\/users\/1"}],"replies":[{"embeddable":true,"href":"https:\/\/laboklin.de\/de\/wp-json\/wp\/v2\/comments?post=913100"}],"version-history":[{"count":5,"href":"https:\/\/laboklin.de\/de\/wp-json\/wp\/v2\/pages\/913100\/revisions"}],"predecessor-version":[{"id":1494374,"href":"https:\/\/laboklin.de\/de\/wp-json\/wp\/v2\/pages\/913100\/revisions\/1494374"}],"up":[{"embeddable":true,"href":"https:\/\/laboklin.de\/de\/wp-json\/wp\/v2\/pages\/910000"}],"wp:attachment":[{"href":"https:\/\/laboklin.de\/de\/wp-json\/wp\/v2\/media?parent=913100"}],"curies":[{"name":"wp","href":"https:\/\/api.w.org\/{rel}","templated":true}]}}