{"id":912800,"date":"2020-10-16T11:36:27","date_gmt":"2020-10-16T09:36:27","guid":{"rendered":"https:\/\/laboklin.de\/de\/maedi-visna-virus"},"modified":"2025-01-18T10:54:24","modified_gmt":"2025-01-18T09:54:24","slug":"lentiviren-cae-maedi-visna","status":"publish","type":"page","link":"https:\/\/laboklin.de\/de\/leistungen\/infektionskrankheiten-erreger-und-antikoerpernachweise\/viren\/lentiviren-cae-maedi-visna\/","title":{"rendered":"Lentiviren (CAE\/Maedi-Visna)"},"content":{"rendered":"<div class=\"wpb-content-wrapper\"><p>[vc_row][vc_column][vc_column_text css=&#8220;&#8220;]<h3>Leistungsspektrum<\/h3><div class=\"vc_tta-panels-container\"><div class=\"vc_tta-panels\"><li class=\"menu-item sub-page\"><a href=\"https:\/\/laboklin.de\/de\/leistungen\/infektionskrankheiten-erreger-und-antikoerpernachweise\/viren\/lentiviren-cae-maedi-visna\/lentiviren-cae-maedi-visna-ak\/\">Lentiviren (CAE\/Maedi-Visna) - AK<\/a><\/li><\/div><\/div>\n<div class=\"gap\" style=\"line-height: 20px; height: 20px;\"><\/div>\n<h3>Allgemeine Informationen<\/h3>\n<p>Lentiviren k\u00f6nnen bei Ziegen die Erkrankung caprine Arthritis-Encephalitis und bei Schafen die Erkrankung Maedi\/Visna ausl\u00f6sen.<div class=\"gap\" style=\"line-height: 20px; height: 20px;\"><\/div>[\/vc_column_text][vc_accordion active_tab=&#8220;false&#8220; title_size=&#8220;normal&#8220; style=&#8220;2&#8243;][vc_accordion_tab title=&#8220;caprine Arthritis-Encephalitis (CAE)&#8220;][vc_column_text css=&#8220;&#8220;]Der Erreger der <strong>caprinen Arthritis-Encephalitis (CAE)<\/strong> ist ein Retrovirus und ebenso wie das Maedi-Visna-Virus dem Genus Lentivirus zugeordnet. Es ist eine Viruskrankheit der Ziegen, die sich, je nach Alter der betroffenen Tiere, in Enzephalitis, Arthritis und\/oder Mastitis \u00e4u\u00dfert. Die Entwicklung der klinischen Symptome schreitet langsam voran. Es kommt aufgrund von neurologischen Ver\u00e4nderungen und einer interstitiellen Pneumonie zu Ataxien, Lahmheiten, Paralysen und Atemnot. Es erkranken nur ca. ein Drittel der seropositiven Tiere.<\/p>\n<p>Der Haupt\u00fcbertragungsweg ist die Ansteckung der Neugeborenen durch Kolostrum. Eine horizontale und intrauterine \u00dcbertragung ist m\u00f6glich, jedoch von untergeordneter Bedeutung.[\/vc_column_text][\/vc_accordion_tab][vc_accordion_tab title=&#8220;Maedi\/Visna&#8220;][vc_column_text css=&#8220;&#8220;]<strong>Maedi und Visna<\/strong> sind zwei unterschiedliche Erkrankungen des Schafes, die durch Lentivirus der Familie der Retroviren hervorgerufen werden und zu den sog. \u201eslow virus diseases\u201c geh\u00f6ren.<\/p>\n<p>Die Erkrankung Maedi (bedeutet Dyspnoe) ist gekennzeichnet durch Atemnot und Husten, deren Ursache eine chronisch progressive interstitielle Pneumonie ist.<\/p>\n<p>Visna (bedeutet Verfall) ist eine wenig kontagi\u00f6se, aber progressive Erkrankung des zentralen Nervensystems. Die Tiere zeigen durch eine Demyelinisierung des ZNS bedingte Paralysen und einen zunehmenden Verfall.[\/vc_column_text][\/vc_accordion_tab][\/vc_accordion][\/vc_column][\/vc_row]<\/p>\n<\/div>","protected":false},"excerpt":{"rendered":"<p>[vc_row][vc_column][vc_column_text css=&#8220;&#8220;] Allgemeine Informationen Lentiviren k\u00f6nnen bei Ziegen die Erkrankung caprine Arthritis-Encephalitis und bei Schafen die Erkrankung Maedi\/Visna ausl\u00f6sen.[\/vc_column_text][vc_accordion active_tab=&#8220;false&#8220; title_size=&#8220;normal&#8220; style=&#8220;2&#8243;][vc_accordion_tab title=&#8220;caprine Arthritis-Encephalitis (CAE)&#8220;][vc_column_text css=&#8220;&#8220;]Der Erreger der caprinen Arthritis-Encephalitis (CAE) ist ein Retrovirus und ebenso wie das Maedi-Visna-Virus dem Genus Lentivirus zugeordnet. Es ist eine Viruskrankheit der Ziegen, die sich, je nach Alter der&hellip;<\/p>\n","protected":false},"author":1,"featured_media":0,"parent":910000,"menu_order":285,"comment_status":"closed","ping_status":"closed","template":"","meta":{"_seopress_robots_primary_cat":"","_seopress_titles_title":"","_seopress_titles_desc":"","_seopress_robots_index":"","footnotes":""},"class_list":["post-912800","page","type-page","status-publish","hentry","description-off"],"_links":{"self":[{"href":"https:\/\/laboklin.de\/de\/wp-json\/wp\/v2\/pages\/912800","targetHints":{"allow":["GET"]}}],"collection":[{"href":"https:\/\/laboklin.de\/de\/wp-json\/wp\/v2\/pages"}],"about":[{"href":"https:\/\/laboklin.de\/de\/wp-json\/wp\/v2\/types\/page"}],"author":[{"embeddable":true,"href":"https:\/\/laboklin.de\/de\/wp-json\/wp\/v2\/users\/1"}],"replies":[{"embeddable":true,"href":"https:\/\/laboklin.de\/de\/wp-json\/wp\/v2\/comments?post=912800"}],"version-history":[{"count":9,"href":"https:\/\/laboklin.de\/de\/wp-json\/wp\/v2\/pages\/912800\/revisions"}],"predecessor-version":[{"id":1502322,"href":"https:\/\/laboklin.de\/de\/wp-json\/wp\/v2\/pages\/912800\/revisions\/1502322"}],"up":[{"embeddable":true,"href":"https:\/\/laboklin.de\/de\/wp-json\/wp\/v2\/pages\/910000"}],"wp:attachment":[{"href":"https:\/\/laboklin.de\/de\/wp-json\/wp\/v2\/media?parent=912800"}],"curies":[{"name":"wp","href":"https:\/\/api.w.org\/{rel}","templated":true}]}}