{"id":912700,"date":"2020-10-16T11:36:27","date_gmt":"2020-10-16T09:36:27","guid":{"rendered":"https:\/\/laboklin.de\/de\/lymphozytaere-choriomeningitis-virus-lcmv"},"modified":"2024-11-13T13:52:45","modified_gmt":"2024-11-13T12:52:45","slug":"lymphozytaere-choriomeningitis-virus-lcmv","status":"publish","type":"page","link":"https:\/\/laboklin.de\/de\/leistungen\/infektionskrankheiten-erreger-und-antikoerpernachweise\/viren\/lymphozytaere-choriomeningitis-virus-lcmv\/","title":{"rendered":"Lymphozyt\u00e4re-Choriomeningitis-Virus (LCMV)"},"content":{"rendered":"<div class=\"wpb-content-wrapper\"><p>[vc_row][vc_column][vc_column_text]<h3>Leistungsspektrum<\/h3><div class=\"vc_tta-panels-container\"><div class=\"vc_tta-panels\"><li class=\"menu-item sub-page\"><a href=\"https:\/\/laboklin.de\/de\/leistungen\/infektionskrankheiten-erreger-und-antikoerpernachweise\/viren\/lymphozytaere-choriomeningitis-virus-lcmv\/lymphozytaere-choriomeningitis-virus-lmcv-antikoerper\/\">Lymphozyt\u00e4re-Choriomeningitis-Virus (LMCV) - Antik\u00f6rper*<\/a><\/li><\/div><\/div>[\/vc_column_text][\/vc_column][\/vc_row][vc_row][vc_column][vc_column_text css=&#8220;.vc_custom_1604312940682{margin-top: 20px !important;}&#8220;]* Partnerlabor<\/p>\n<p>&nbsp;<\/p>\n<h3>Allgemeine Informationen<\/h3>\n<p>Das Hauptreservoir des zu den Arenaviren geh\u00f6renden LCMV ist die Hausmaus. Vom LCMV befallene Zellen exprimieren Antigene und werden durch zytotoxische T-Lymphozyten erkannt. Diese Lymphozytenaktivit\u00e4t macht auch die Blut-Hirn-Schranke durchl\u00e4ssig, so dass Hirnh\u00e4ute und Neurone gesch\u00e4digt werden.<\/p>\n<p>Die Infektion adulter\u00a0<b><strong>M\u00e4use<\/strong><\/b>\u00a0f\u00fchrt zu Choriomeningitis. Die intraunterine oder neonatale Infektion verursacht bei M\u00e4usen dagegen i. Allg. symptomlose Dauerausscheidung, wobei solche Tiere im Lauf des Lebens Immunkomplexe bilden, die zu Glomerulonephritiden<br \/>\nf\u00fchren. Bei\u00a0<b><strong>Meerschweinchen<\/strong><\/b>\u00a0und\u00a0<b><strong>Hamstern<\/strong><\/b>\u00a0verl\u00e4uft eine LCMV-Infektion oft subklinisch, es sind jedoch auch Konjunktivitis, Blepharitis, respiratorische Symptome, Tremor, Kr\u00e4mpfe und L\u00e4hmungen beschrieben. \u00dcbertragung von LCMV erfolgt diaplazentar und mit allen Se- und Exkreten.<\/p>\n<p>Beim Menschen f\u00fchrt LCMV selten zu Choriomeningitis; meist verl\u00e4uft die Infektion symptomlos oder mit milden grippe\u00e4hnlichen Symptomen. Bei einer Infektion im zweiten Teil der Schwangerschaft kann es zu schwerer Sch\u00e4digung des Fetus kommen.[\/vc_column_text][\/vc_column][\/vc_row]<\/p>\n<\/div>","protected":false},"excerpt":{"rendered":"<p>[vc_row][vc_column][vc_column_text][\/vc_column_text][\/vc_column][\/vc_row][vc_row][vc_column][vc_column_text css=&#8220;.vc_custom_1604312940682{margin-top: 20px !important;}&#8220;]* Partnerlabor &nbsp; Allgemeine Informationen Das Hauptreservoir des zu den Arenaviren geh\u00f6renden LCMV ist die Hausmaus. Vom LCMV befallene Zellen exprimieren Antigene und werden durch zytotoxische T-Lymphozyten erkannt. Diese Lymphozytenaktivit\u00e4t macht auch die Blut-Hirn-Schranke durchl\u00e4ssig, so dass Hirnh\u00e4ute und Neurone gesch\u00e4digt werden. Die Infektion adulter\u00a0M\u00e4use\u00a0f\u00fchrt zu Choriomeningitis. Die intraunterine oder neonatale Infektion&hellip;<\/p>\n","protected":false},"author":1,"featured_media":0,"parent":910000,"menu_order":290,"comment_status":"closed","ping_status":"closed","template":"","meta":{"_seopress_robots_primary_cat":"","_seopress_titles_title":"","_seopress_titles_desc":"","_seopress_robots_index":"","footnotes":""},"class_list":["post-912700","page","type-page","status-publish","hentry","description-off"],"_links":{"self":[{"href":"https:\/\/laboklin.de\/de\/wp-json\/wp\/v2\/pages\/912700","targetHints":{"allow":["GET"]}}],"collection":[{"href":"https:\/\/laboklin.de\/de\/wp-json\/wp\/v2\/pages"}],"about":[{"href":"https:\/\/laboklin.de\/de\/wp-json\/wp\/v2\/types\/page"}],"author":[{"embeddable":true,"href":"https:\/\/laboklin.de\/de\/wp-json\/wp\/v2\/users\/1"}],"replies":[{"embeddable":true,"href":"https:\/\/laboklin.de\/de\/wp-json\/wp\/v2\/comments?post=912700"}],"version-history":[{"count":1,"href":"https:\/\/laboklin.de\/de\/wp-json\/wp\/v2\/pages\/912700\/revisions"}],"predecessor-version":[{"id":1301915,"href":"https:\/\/laboklin.de\/de\/wp-json\/wp\/v2\/pages\/912700\/revisions\/1301915"}],"up":[{"embeddable":true,"href":"https:\/\/laboklin.de\/de\/wp-json\/wp\/v2\/pages\/910000"}],"wp:attachment":[{"href":"https:\/\/laboklin.de\/de\/wp-json\/wp\/v2\/media?parent=912700"}],"curies":[{"name":"wp","href":"https:\/\/api.w.org\/{rel}","templated":true}]}}