{"id":912501,"date":"2020-10-16T11:36:27","date_gmt":"2020-10-16T09:36:27","guid":{"rendered":"https:\/\/laboklin.de\/de\/influenza-a-virus-pcr"},"modified":"2025-01-30T12:01:35","modified_gmt":"2025-01-30T11:01:35","slug":"influenza-a-virus-saeugetiere-pcr","status":"publish","type":"page","link":"https:\/\/laboklin.de\/de\/leistungen\/infektionskrankheiten-erreger-und-antikoerpernachweise\/viren\/influenzavirus\/influenza-a-virus-saeugetiere-pcr\/","title":{"rendered":"Influenza-A-Virus (S\u00e4ugetiere) &#8211; PCR"},"content":{"rendered":"<h3 class=\"csc-firstHeader\">Influenza-A-Virus (S\u00e4ugetiere) - PCR<\/h3><p><span>LABOKLIN Leistungs-ID: 8223<\/span><\/p><table class=\"tx-laboklinleistung-table contenttable contenttable-2\" style=\"margin-top: 35px;\"><tr><td class=\"td-0\"><strong>Material<\/strong><\/td><td class=\"td-1\"><p class=\"bodytext\">Abstrich ohne Medium (Respirationstrakt), Sp\u00fclprobe (bronchoalveol\u00e4re Lavage), Tracheobronchialsekret<\/p><\/td><\/tr><tr><td class=\"td-0\"><strong>Methode<\/strong><\/td><td class=\"td-1\"><p class=\"bodytext\">realtime PCR<\/p><\/td><\/tr><tr><td class=\"td-0\"><strong>Tierart(en)<\/strong><\/td><td class=\"td-1\"><p class=\"bodytext\">Hund, Frettchen, Pferd, Schwein, andere Tierarten (<strong>nicht<\/strong> Vogel)<\/p><\/td><\/tr><tr><td class=\"td-0\"><strong>Dauer<\/strong><\/td><td class=\"td-1\"><p class=\"bodytext\">1 - 3 Tage<\/p><\/td><\/tr><\/table>\n","protected":false},"excerpt":{"rendered":"<p>Influenza-A-Virus (S\u00e4ugetiere) &#8211; PCRLABOKLIN Leistungs-ID: 8223MaterialAbstrich ohne Medium (Respirationstrakt), Sp\u00fclprobe (bronchoalveol\u00e4re Lavage), TracheobronchialsekretMethoderealtime PCRTierart(en)Hund, Frettchen, Pferd, Schwein, andere Tierarten (nicht Vogel)Dauer1 &#8211; 3 Tage<\/p>\n","protected":false},"author":1,"featured_media":0,"parent":912500,"menu_order":1,"comment_status":"closed","ping_status":"closed","template":"","meta":{"_seopress_robots_primary_cat":"","_seopress_titles_title":"","_seopress_titles_desc":"","_seopress_robots_index":"","footnotes":""},"class_list":["post-912501","page","type-page","status-publish","hentry","description-off"],"_links":{"self":[{"href":"https:\/\/laboklin.de\/de\/wp-json\/wp\/v2\/pages\/912501","targetHints":{"allow":["GET"]}}],"collection":[{"href":"https:\/\/laboklin.de\/de\/wp-json\/wp\/v2\/pages"}],"about":[{"href":"https:\/\/laboklin.de\/de\/wp-json\/wp\/v2\/types\/page"}],"author":[{"embeddable":true,"href":"https:\/\/laboklin.de\/de\/wp-json\/wp\/v2\/users\/1"}],"replies":[{"embeddable":true,"href":"https:\/\/laboklin.de\/de\/wp-json\/wp\/v2\/comments?post=912501"}],"version-history":[{"count":2,"href":"https:\/\/laboklin.de\/de\/wp-json\/wp\/v2\/pages\/912501\/revisions"}],"predecessor-version":[{"id":1502751,"href":"https:\/\/laboklin.de\/de\/wp-json\/wp\/v2\/pages\/912501\/revisions\/1502751"}],"up":[{"embeddable":true,"href":"https:\/\/laboklin.de\/de\/wp-json\/wp\/v2\/pages\/912500"}],"wp:attachment":[{"href":"https:\/\/laboklin.de\/de\/wp-json\/wp\/v2\/media?parent=912501"}],"curies":[{"name":"wp","href":"https:\/\/api.w.org\/{rel}","templated":true}]}}