{"id":912419,"date":"2020-10-16T11:36:27","date_gmt":"2020-10-16T09:36:27","guid":{"rendered":"https:\/\/laboklin.de\/de\/hund-canines-herpesvirus-chv-pcr"},"modified":"2025-01-30T11:09:28","modified_gmt":"2025-01-30T10:09:28","slug":"hund-canines-herpesvirus-chv-pcr","status":"publish","type":"page","link":"https:\/\/laboklin.de\/de\/leistungen\/infektionskrankheiten-erreger-und-antikoerpernachweise\/viren\/herpesviren\/hund-canines-herpesvirus-chv-pcr\/","title":{"rendered":"Hund: Canines Herpesvirus (CHV) &#8211; PCR"},"content":{"rendered":"<h3 class=\"csc-firstHeader\">Hund: Canines Herpesvirus (CHV) - PCR<\/h3><p><span>LABOKLIN Leistungs-ID: 8509<\/span><\/p><table class=\"tx-laboklinleistung-table contenttable contenttable-2\" style=\"margin-top: 35px;\"><tr><td class=\"td-0\"><strong>Material<\/strong><\/td><td class=\"td-1\"><p class=\"bodytext\">Abortmaterial, Gewebe toter Welpen (Lunge, Leber, Niere), Abstrich ohne Medium (Nase, Rachen, Auge, Genitaltrakt), EB (Vir\u00e4mie)<\/p><\/td><\/tr><tr><td class=\"td-0\"><strong>Methode<\/strong><\/td><td class=\"td-1\"><p class=\"bodytext\">realtime PCR<\/p><\/td><\/tr><tr><td class=\"td-0\"><strong>Dauer<\/strong><\/td><td class=\"td-1\"><p class=\"bodytext\">1 - 3 Tage<\/p><\/td><\/tr><tr><td class=\"td-0\"><strong>Anmerkung<\/strong><\/td><td class=\"td-1\"><p class=\"bodytext\">Herpesviren haben in der Regel nur eine kurze vir\u00e4mische Phase im Blut. Der Nachweis aus EDTA-Blut ist daher h\u00e4ufig nur zu Beginn der Erkrankung sinnvoll.<\/p><\/td><\/tr><\/table>\n","protected":false},"excerpt":{"rendered":"<p>Hund: Canines Herpesvirus (CHV) &#8211; PCRLABOKLIN Leistungs-ID: 8509MaterialAbortmaterial, Gewebe toter Welpen (Lunge, Leber, Niere), Abstrich ohne Medium (Nase, Rachen, Auge, Genitaltrakt), EB (Vir\u00e4mie)Methoderealtime PCRDauer1 &#8211; 3 TageAnmerkungHerpesviren haben in der Regel nur eine kurze vir\u00e4mische Phase im Blut. Der Nachweis aus EDTA-Blut ist daher h\u00e4ufig nur zu Beginn der Erkrankung sinnvoll.<\/p>\n","protected":false},"author":1,"featured_media":0,"parent":912400,"menu_order":0,"comment_status":"closed","ping_status":"closed","template":"","meta":{"_seopress_robots_primary_cat":"","_seopress_titles_title":"","_seopress_titles_desc":"","_seopress_robots_index":"","footnotes":""},"class_list":["post-912419","page","type-page","status-publish","hentry","description-off"],"_links":{"self":[{"href":"https:\/\/laboklin.de\/de\/wp-json\/wp\/v2\/pages\/912419","targetHints":{"allow":["GET"]}}],"collection":[{"href":"https:\/\/laboklin.de\/de\/wp-json\/wp\/v2\/pages"}],"about":[{"href":"https:\/\/laboklin.de\/de\/wp-json\/wp\/v2\/types\/page"}],"author":[{"embeddable":true,"href":"https:\/\/laboklin.de\/de\/wp-json\/wp\/v2\/users\/1"}],"replies":[{"embeddable":true,"href":"https:\/\/laboklin.de\/de\/wp-json\/wp\/v2\/comments?post=912419"}],"version-history":[{"count":1,"href":"https:\/\/laboklin.de\/de\/wp-json\/wp\/v2\/pages\/912419\/revisions"}],"predecessor-version":[{"id":1504847,"href":"https:\/\/laboklin.de\/de\/wp-json\/wp\/v2\/pages\/912419\/revisions\/1504847"}],"up":[{"embeddable":true,"href":"https:\/\/laboklin.de\/de\/wp-json\/wp\/v2\/pages\/912400"}],"wp:attachment":[{"href":"https:\/\/laboklin.de\/de\/wp-json\/wp\/v2\/media?parent=912419"}],"curies":[{"name":"wp","href":"https:\/\/api.w.org\/{rel}","templated":true}]}}