{"id":912411,"date":"2020-10-16T11:36:27","date_gmt":"2020-10-16T09:36:27","guid":{"rendered":"https:\/\/laboklin.de\/de\/rind-bovines-herpesvirus-bhv-1-antikoerper-ge"},"modified":"2025-01-30T11:50:04","modified_gmt":"2025-01-30T10:50:04","slug":"rind-bovines-herpesvirus-bhv-1-antikoerper-ge","status":"publish","type":"page","link":"https:\/\/laboklin.de\/de\/leistungen\/infektionskrankheiten-erreger-und-antikoerpernachweise\/viren\/herpesviren\/rind-bovines-herpesvirus-bhv-1-antikoerper-ge\/","title":{"rendered":"Rind: Bovines Herpesvirus (BHV-1) &#8211; Antik\u00f6rper gE*"},"content":{"rendered":"<h3 class=\"csc-firstHeader\">Rind: Bovines Herpesvirus (BHV-1) - Antik\u00f6rper gE*<\/h3><p><span>LABOKLIN Leistungs-ID: 2512<\/span><\/p><p class=\"bodytext\"><br><\/p><table class=\"tx-laboklinleistung-table contenttable contenttable-2\" style=\"margin-top: 35px;\"><tr><td class=\"td-0\"><strong>Material<\/strong><\/td><td class=\"td-1\"><p class=\"bodytext\">Serum 1 ml<\/p><\/td><\/tr><tr><td class=\"td-0\"><strong>Methode<\/strong><\/td><td class=\"td-1\"><p class=\"bodytext\">ELISA<\/p><\/td><\/tr><tr><td class=\"td-0\"><strong>Dauer<\/strong><\/td><td class=\"td-1\"><p class=\"bodytext\">5 Tage<\/p><\/td><\/tr><tr><td class=\"td-0\"><strong>Anmerkung<\/strong><\/td><td class=\"td-1\"><p class=\"bodytext\"><ul><li>Glykoprotein B (gB) weisen sowohl Impfst\u00e4mme als auch Feldst\u00e4mme im Virion auf. Impfvirus hat eine Deletion des gE-Gens und daher kein Glykoprotein E (gE) im Virion, w\u00e4hrend Feldvirus gE im Virion aufweist. Antik\u00f6rper gegen gE werden daher nur bei Feldvirus-Infektionen, nicht aber nach ausschlie\u00dflicher Impfung nachgewiesen.<\/li><li>Diese Leistung wird nur in Deutschland angeboten.<\/li><\/ul><\/p><\/td><\/tr><\/table>\n","protected":false},"excerpt":{"rendered":"<p>Rind: Bovines Herpesvirus (BHV-1) &#8211; Antik\u00f6rper gE*LABOKLIN Leistungs-ID: 2512MaterialSerum 1 mlMethodeELISADauer5 TageAnmerkungGlykoprotein B (gB) weisen sowohl Impfst\u00e4mme als auch Feldst\u00e4mme im Virion auf. Impfvirus hat eine Deletion des gE-Gens und daher kein Glykoprotein E (gE) im Virion, w\u00e4hrend Feldvirus gE im Virion aufweist. Antik\u00f6rper gegen gE werden daher nur bei Feldvirus-Infektionen, nicht aber nach ausschlie\u00dflicher&hellip;<\/p>\n","protected":false},"author":1,"featured_media":0,"parent":912400,"menu_order":13,"comment_status":"closed","ping_status":"closed","template":"","meta":{"_seopress_robots_primary_cat":"","_seopress_titles_title":"","_seopress_titles_desc":"","_seopress_robots_index":"","footnotes":""},"class_list":["post-912411","page","type-page","status-publish","hentry","description-off"],"_links":{"self":[{"href":"https:\/\/laboklin.de\/de\/wp-json\/wp\/v2\/pages\/912411","targetHints":{"allow":["GET"]}}],"collection":[{"href":"https:\/\/laboklin.de\/de\/wp-json\/wp\/v2\/pages"}],"about":[{"href":"https:\/\/laboklin.de\/de\/wp-json\/wp\/v2\/types\/page"}],"author":[{"embeddable":true,"href":"https:\/\/laboklin.de\/de\/wp-json\/wp\/v2\/users\/1"}],"replies":[{"embeddable":true,"href":"https:\/\/laboklin.de\/de\/wp-json\/wp\/v2\/comments?post=912411"}],"version-history":[{"count":1,"href":"https:\/\/laboklin.de\/de\/wp-json\/wp\/v2\/pages\/912411\/revisions"}],"predecessor-version":[{"id":1504939,"href":"https:\/\/laboklin.de\/de\/wp-json\/wp\/v2\/pages\/912411\/revisions\/1504939"}],"up":[{"embeddable":true,"href":"https:\/\/laboklin.de\/de\/wp-json\/wp\/v2\/pages\/912400"}],"wp:attachment":[{"href":"https:\/\/laboklin.de\/de\/wp-json\/wp\/v2\/media?parent=912411"}],"curies":[{"name":"wp","href":"https:\/\/api.w.org\/{rel}","templated":true}]}}