{"id":912300,"date":"2020-10-16T11:36:27","date_gmt":"2020-10-16T09:36:27","guid":{"rendered":"https:\/\/laboklin.de\/de\/hantavirus"},"modified":"2024-11-13T13:54:44","modified_gmt":"2024-11-13T12:54:44","slug":"hantavirus","status":"publish","type":"page","link":"https:\/\/laboklin.de\/de\/leistungen\/infektionskrankheiten-erreger-und-antikoerpernachweise\/viren\/hantavirus\/","title":{"rendered":"Hantavirus"},"content":{"rendered":"<div class=\"wpb-content-wrapper\"><p>[vc_row][vc_column][vc_column_text]<h3>Leistungsspektrum<\/h3><div class=\"vc_tta-panels-container\"><div class=\"vc_tta-panels\"><li class=\"menu-item sub-page\"><a href=\"https:\/\/laboklin.de\/de\/leistungen\/infektionskrankheiten-erreger-und-antikoerpernachweise\/viren\/hantavirus\/hantavirus-antikoerper\/\">Hantavirus - Antik\u00f6rper*<\/a><\/li><\/div><\/div>[\/vc_column_text][\/vc_column][\/vc_row][vc_row][vc_column][vc_column_text css=&#8220;.vc_custom_1604311548417{margin-top: 20px !important;}&#8220;]* Partnerlabor<\/p>\n<p>&nbsp;<\/p>\n<h3>Allgemeine Informationen<\/h3>\n<p>Hantaviren f\u00fchren bei Ratten und M\u00e4usen zu einer persistenten Infektion mit vermutlich lebenslanger Dauerausscheidung \u00fcber Urin, aber auch \u00fcber Kot und Speichel, ohne dass die Tiere Krankheitssymptome zeigen. Hantaviren sind auf einzelne Nagerarten spezialisiert und springen nur selten auf eine andere Art \u00fcber. Die Infektion der Nager erfolgt im Bau, bei Revierk\u00e4mpfen und bei der Aufzucht der Jungen.<\/p>\n<p>Es handelt sich um eine Zooanthroponose, die beim Mensch zu schwerwiegenden Krankheitsbildern f\u00fchrt. In Europa ist das Krankheitsbild meist von Fieber und Nephropathien (Dialysepflicht) oder H\u00e4morrhagien dominiert.[\/vc_column_text][\/vc_column][\/vc_row]<\/p>\n<\/div>","protected":false},"excerpt":{"rendered":"<p>[vc_row][vc_column][vc_column_text][\/vc_column_text][\/vc_column][\/vc_row][vc_row][vc_column][vc_column_text css=&#8220;.vc_custom_1604311548417{margin-top: 20px !important;}&#8220;]* Partnerlabor &nbsp; Allgemeine Informationen Hantaviren f\u00fchren bei Ratten und M\u00e4usen zu einer persistenten Infektion mit vermutlich lebenslanger Dauerausscheidung \u00fcber Urin, aber auch \u00fcber Kot und Speichel, ohne dass die Tiere Krankheitssymptome zeigen. Hantaviren sind auf einzelne Nagerarten spezialisiert und springen nur selten auf eine andere Art \u00fcber. Die Infektion der Nager&hellip;<\/p>\n","protected":false},"author":1,"featured_media":0,"parent":910000,"menu_order":250,"comment_status":"closed","ping_status":"closed","template":"","meta":{"_seopress_robots_primary_cat":"","_seopress_titles_title":"","_seopress_titles_desc":"","_seopress_robots_index":"","footnotes":""},"class_list":["post-912300","page","type-page","status-publish","hentry","description-off"],"_links":{"self":[{"href":"https:\/\/laboklin.de\/de\/wp-json\/wp\/v2\/pages\/912300","targetHints":{"allow":["GET"]}}],"collection":[{"href":"https:\/\/laboklin.de\/de\/wp-json\/wp\/v2\/pages"}],"about":[{"href":"https:\/\/laboklin.de\/de\/wp-json\/wp\/v2\/types\/page"}],"author":[{"embeddable":true,"href":"https:\/\/laboklin.de\/de\/wp-json\/wp\/v2\/users\/1"}],"replies":[{"embeddable":true,"href":"https:\/\/laboklin.de\/de\/wp-json\/wp\/v2\/comments?post=912300"}],"version-history":[{"count":2,"href":"https:\/\/laboklin.de\/de\/wp-json\/wp\/v2\/pages\/912300\/revisions"}],"predecessor-version":[{"id":1301906,"href":"https:\/\/laboklin.de\/de\/wp-json\/wp\/v2\/pages\/912300\/revisions\/1301906"}],"up":[{"embeddable":true,"href":"https:\/\/laboklin.de\/de\/wp-json\/wp\/v2\/pages\/910000"}],"wp:attachment":[{"href":"https:\/\/laboklin.de\/de\/wp-json\/wp\/v2\/media?parent=912300"}],"curies":[{"name":"wp","href":"https:\/\/api.w.org\/{rel}","templated":true}]}}