{"id":912203,"date":"2020-10-16T11:36:27","date_gmt":"2020-10-16T09:36:27","guid":{"rendered":"https:\/\/laboklin.de\/de\/fruehsommer-menigoencephalitis-virus-fsme-virus-antikoerper-igm"},"modified":"2025-01-30T09:27:57","modified_gmt":"2025-01-30T08:27:57","slug":"fruehsommer-menigoencephalitis-virus-fsme-virus-antikoerper-igm","status":"publish","type":"page","link":"https:\/\/laboklin.de\/de\/leistungen\/infektionskrankheiten-erreger-und-antikoerpernachweise\/viren\/fruehsommer-meningo-encephalitis-virus-fsmev\/fruehsommer-menigoencephalitis-virus-fsme-virus-antikoerper-igm\/","title":{"rendered":"Fr\u00fchsommer-Menigoencephalitis-Virus (FSME-Virus) &#8211; Antik\u00f6rper (IgM)"},"content":{"rendered":"<h3 class=\"csc-firstHeader\">Fr\u00fchsommer-Menigoencephalitis-Virus (FSME-Virus) - Antik\u00f6rper (IgM)<\/h3><p><span>LABOKLIN Leistungs-ID: 556<\/span><\/p><p class=\"bodytext\"><br><\/p><table class=\"tx-laboklinleistung-table contenttable contenttable-2\" style=\"margin-top: 35px;\"><tr><td class=\"td-0\"><strong>Material<\/strong><\/td><td class=\"td-1\"><p class=\"bodytext\">nur Serum  0,5 ml<\/p><\/td><\/tr><tr><td class=\"td-0\"><strong>Methode<\/strong><\/td><td class=\"td-1\"><p class=\"bodytext\">ELISA<\/p><\/td><\/tr><tr><td class=\"td-0\"><strong>Dauer<\/strong><\/td><td class=\"td-1\"><p class=\"bodytext\">2-mal w\u00f6chentlich<\/p><\/td><\/tr><tr><td class=\"td-0\"><strong>Anmerkung<\/strong><\/td><td class=\"td-1\"><p class=\"bodytext\"><ul><li>Der Nachweis ist sinnvoll bei Tieren, die sich in endemischen Gebieten aufgehalten haben und neurologische Symptomatik zeigen.<\/li> <li>Der Nachweis von IgG aus Serum bzw. Liquor wird unter Leistungsnummer 555 bzw. 557 angeboten.<\/li><\/ul><\/p><\/td><\/tr><\/table>\n","protected":false},"excerpt":{"rendered":"<p>Fr\u00fchsommer-Menigoencephalitis-Virus (FSME-Virus) &#8211; Antik\u00f6rper (IgM)LABOKLIN Leistungs-ID: 556Materialnur Serum 0,5 mlMethodeELISADauer2-mal w\u00f6chentlichAnmerkungDer Nachweis ist sinnvoll bei Tieren, die sich in endemischen Gebieten aufgehalten haben und neurologische Symptomatik zeigen. Der Nachweis von IgG aus Serum bzw. Liquor wird unter Leistungsnummer 555 bzw. 557 angeboten.<\/p>\n","protected":false},"author":1,"featured_media":0,"parent":912200,"menu_order":2,"comment_status":"closed","ping_status":"closed","template":"","meta":{"_seopress_robots_primary_cat":"","_seopress_titles_title":"","_seopress_titles_desc":"","_seopress_robots_index":"","footnotes":""},"class_list":["post-912203","page","type-page","status-publish","hentry","description-off"],"_links":{"self":[{"href":"https:\/\/laboklin.de\/de\/wp-json\/wp\/v2\/pages\/912203","targetHints":{"allow":["GET"]}}],"collection":[{"href":"https:\/\/laboklin.de\/de\/wp-json\/wp\/v2\/pages"}],"about":[{"href":"https:\/\/laboklin.de\/de\/wp-json\/wp\/v2\/types\/page"}],"author":[{"embeddable":true,"href":"https:\/\/laboklin.de\/de\/wp-json\/wp\/v2\/users\/1"}],"replies":[{"embeddable":true,"href":"https:\/\/laboklin.de\/de\/wp-json\/wp\/v2\/comments?post=912203"}],"version-history":[{"count":1,"href":"https:\/\/laboklin.de\/de\/wp-json\/wp\/v2\/pages\/912203\/revisions"}],"predecessor-version":[{"id":1504836,"href":"https:\/\/laboklin.de\/de\/wp-json\/wp\/v2\/pages\/912203\/revisions\/1504836"}],"up":[{"embeddable":true,"href":"https:\/\/laboklin.de\/de\/wp-json\/wp\/v2\/pages\/912200"}],"wp:attachment":[{"href":"https:\/\/laboklin.de\/de\/wp-json\/wp\/v2\/media?parent=912203"}],"curies":[{"name":"wp","href":"https:\/\/api.w.org\/{rel}","templated":true}]}}